{"id":22887,"date":"2025-08-01T17:04:13","date_gmt":"2025-08-01T15:04:13","guid":{"rendered":"https:\/\/uj.adatbank.ro\/lexikon\/termek\/teleki-paula-szeki-gr-bornemissza-aladarne-br\/"},"modified":"2025-08-01T17:04:13","modified_gmt":"2025-08-01T15:04:13","slug":"teleki-paula-szeki-gr-bornemissza-aladarne-br","status":"publish","type":"product","link":"https:\/\/uj.adatbank.ro\/lexikon\/termek\/teleki-paula-szeki-gr-bornemissza-aladarne-br\/","title":{"rendered":"TELEKI Paula, sz\u00e9ki gr., Bornemissza Alad\u00e1rn\u00e9 br."},"content":{"rendered":"<p>? \u2020 ?: f\u00f6ldbirtokos. \u2013 S\u00e1rpatakon \u00e9lt. <br \/><strong>\u2013 Irod.:<\/strong> Kornis.<\/br><\/p>\n","protected":false},"excerpt":{"rendered":"<p>? \u2020 ?: f\u00f6ldbirtokos. \u2013 S\u00e1rpatakon \u00e9lt. \u2013 Irod.: Kornis.<\/p>\n","protected":false},"featured_media":0,"comment_status":"open","ping_status":"closed","template":"","meta":[],"product_brand":[],"product_cat":[137],"product_tag":[],"class_list":{"0":"post-22887","1":"product","2":"type-product","3":"status-publish","5":"product_cat-maros-megyei-eletrajzi-lexikon","7":"first","8":"instock","9":"shipping-taxable","10":"product-type-simple"},"_links":{"self":[{"href":"https:\/\/uj.adatbank.ro\/lexikon\/wp-json\/wp\/v2\/product\/22887","targetHints":{"allow":["GET"]}}],"collection":[{"href":"https:\/\/uj.adatbank.ro\/lexikon\/wp-json\/wp\/v2\/product"}],"about":[{"href":"https:\/\/uj.adatbank.ro\/lexikon\/wp-json\/wp\/v2\/types\/product"}],"replies":[{"embeddable":true,"href":"https:\/\/uj.adatbank.ro\/lexikon\/wp-json\/wp\/v2\/comments?post=22887"}],"wp:attachment":[{"href":"https:\/\/uj.adatbank.ro\/lexikon\/wp-json\/wp\/v2\/media?parent=22887"}],"wp:term":[{"taxonomy":"product_brand","embeddable":true,"href":"https:\/\/uj.adatbank.ro\/lexikon\/wp-json\/wp\/v2\/product_brand?post=22887"},{"taxonomy":"product_cat","embeddable":true,"href":"https:\/\/uj.adatbank.ro\/lexikon\/wp-json\/wp\/v2\/product_cat?post=22887"},{"taxonomy":"product_tag","embeddable":true,"href":"https:\/\/uj.adatbank.ro\/lexikon\/wp-json\/wp\/v2\/product_tag?post=22887"}],"curies":[{"name":"wp","href":"https:\/\/api.w.org\/{rel}","templated":true}]}}