{"id":22888,"date":"2025-08-01T17:04:16","date_gmt":"2025-08-01T15:04:16","guid":{"rendered":"https:\/\/uj.adatbank.ro\/lexikon\/termek\/teleki-polixena-szeki-gr-gr-kemeny-miklosne\/"},"modified":"2025-08-01T17:04:16","modified_gmt":"2025-08-01T15:04:16","slug":"teleki-polixena-szeki-gr-gr-kemeny-miklosne","status":"publish","type":"product","link":"https:\/\/uj.adatbank.ro\/lexikon\/termek\/teleki-polixena-szeki-gr-gr-kemeny-miklosne\/","title":{"rendered":"TELEKI Polixena, sz\u00e9ki, gr., gr. Kem\u00e9ny Mikl\u00f3sn\u00e9"},"content":{"rendered":"<p>1798., \u2020 S\u00e1rpatak, Kv., 1873. jan. 18.: birtokos. \u2013 Teleki Domokos (1750 k. \u2013 1824) \u00e9s Kendeffy Zsuzsanna l\u00e1nya. F\u00e9rje Kem\u00e9ny Mikl\u00f3s. <br \/><strong>\u2013 Irod.:<\/strong> Gy\u00e1szjelent.; [Nekrol\u00f3g] (Erd\u00e9ly, Mv., 1873.).<\/br><\/p>\n","protected":false},"excerpt":{"rendered":"<p>1798., \u2020 S\u00e1rpatak, Kv., 1873. jan. 18.: birtokos. \u2013 Teleki Domokos (1750 k. \u2013 1824) \u00e9s Kendeffy Zsuzsanna l\u00e1nya. F\u00e9rje Kem\u00e9ny Mikl\u00f3s. \u2013 Irod.: Gy\u00e1szjelent.; [Nekrol\u00f3g] (Erd\u00e9ly, Mv., 1873.).<\/p>\n","protected":false},"featured_media":0,"comment_status":"open","ping_status":"closed","template":"","meta":[],"product_brand":[],"product_cat":[137],"product_tag":[],"class_list":{"0":"post-22888","1":"product","2":"type-product","3":"status-publish","5":"product_cat-maros-megyei-eletrajzi-lexikon","7":"first","8":"instock","9":"shipping-taxable","10":"product-type-simple"},"_links":{"self":[{"href":"https:\/\/uj.adatbank.ro\/lexikon\/wp-json\/wp\/v2\/product\/22888","targetHints":{"allow":["GET"]}}],"collection":[{"href":"https:\/\/uj.adatbank.ro\/lexikon\/wp-json\/wp\/v2\/product"}],"about":[{"href":"https:\/\/uj.adatbank.ro\/lexikon\/wp-json\/wp\/v2\/types\/product"}],"replies":[{"embeddable":true,"href":"https:\/\/uj.adatbank.ro\/lexikon\/wp-json\/wp\/v2\/comments?post=22888"}],"wp:attachment":[{"href":"https:\/\/uj.adatbank.ro\/lexikon\/wp-json\/wp\/v2\/media?parent=22888"}],"wp:term":[{"taxonomy":"product_brand","embeddable":true,"href":"https:\/\/uj.adatbank.ro\/lexikon\/wp-json\/wp\/v2\/product_brand?post=22888"},{"taxonomy":"product_cat","embeddable":true,"href":"https:\/\/uj.adatbank.ro\/lexikon\/wp-json\/wp\/v2\/product_cat?post=22888"},{"taxonomy":"product_tag","embeddable":true,"href":"https:\/\/uj.adatbank.ro\/lexikon\/wp-json\/wp\/v2\/product_tag?post=22888"}],"curies":[{"name":"wp","href":"https:\/\/api.w.org\/{rel}","templated":true}]}}