{"id":22890,"date":"2025-08-01T17:04:23","date_gmt":"2025-08-01T15:04:23","guid":{"rendered":"https:\/\/uj.adatbank.ro\/lexikon\/termek\/teleki-polyxena-szeki-gr-kendeffy-janosne\/"},"modified":"2025-08-01T17:04:23","modified_gmt":"2025-08-01T15:04:23","slug":"teleki-polyxena-szeki-gr-kendeffy-janosne","status":"publish","type":"product","link":"https:\/\/uj.adatbank.ro\/lexikon\/termek\/teleki-polyxena-szeki-gr-kendeffy-janosne\/","title":{"rendered":"TELEKI Polyxena, sz\u00e9ki, gr., Kendeffy J\u00e1nosn\u00e9"},"content":{"rendered":"<p>? \u2020 1797. \u00e1pr. 2. temet\u00e9se. \u2013 F\u00e9rje: gr. Kendeffy J\u00e1nos (1769\u20131800), aki K. Elek (1740. Szeben, 1783.) \u00e9s bethleni gr. Bethlen Krisztina (1744. Kv., 1807. \u00e1pr. 20. Erd\u0151szentgy\u00f6rgy\u00f6n temett\u00e9k) fia. <br \/><strong>\u2013 Irod.:<\/strong> Halotti besz\u00e9dek.<\/br><\/p>\n","protected":false},"excerpt":{"rendered":"<p>? \u2020 1797. \u00e1pr. 2. temet\u00e9se. \u2013 F\u00e9rje: gr. Kendeffy J\u00e1nos (1769\u20131800), aki K. Elek (1740. Szeben, 1783.) \u00e9s bethleni gr. Bethlen Krisztina (1744. Kv., 1807. \u00e1pr. 20. Erd\u0151szentgy\u00f6rgy\u00f6n temett\u00e9k) fia. \u2013 Irod.: Halotti besz\u00e9dek.<\/p>\n","protected":false},"featured_media":0,"comment_status":"open","ping_status":"closed","template":"","meta":[],"product_brand":[],"product_cat":[137],"product_tag":[],"class_list":{"0":"post-22890","1":"product","2":"type-product","3":"status-publish","5":"product_cat-maros-megyei-eletrajzi-lexikon","7":"first","8":"instock","9":"shipping-taxable","10":"product-type-simple"},"_links":{"self":[{"href":"https:\/\/uj.adatbank.ro\/lexikon\/wp-json\/wp\/v2\/product\/22890","targetHints":{"allow":["GET"]}}],"collection":[{"href":"https:\/\/uj.adatbank.ro\/lexikon\/wp-json\/wp\/v2\/product"}],"about":[{"href":"https:\/\/uj.adatbank.ro\/lexikon\/wp-json\/wp\/v2\/types\/product"}],"replies":[{"embeddable":true,"href":"https:\/\/uj.adatbank.ro\/lexikon\/wp-json\/wp\/v2\/comments?post=22890"}],"wp:attachment":[{"href":"https:\/\/uj.adatbank.ro\/lexikon\/wp-json\/wp\/v2\/media?parent=22890"}],"wp:term":[{"taxonomy":"product_brand","embeddable":true,"href":"https:\/\/uj.adatbank.ro\/lexikon\/wp-json\/wp\/v2\/product_brand?post=22890"},{"taxonomy":"product_cat","embeddable":true,"href":"https:\/\/uj.adatbank.ro\/lexikon\/wp-json\/wp\/v2\/product_cat?post=22890"},{"taxonomy":"product_tag","embeddable":true,"href":"https:\/\/uj.adatbank.ro\/lexikon\/wp-json\/wp\/v2\/product_tag?post=22890"}],"curies":[{"name":"wp","href":"https:\/\/api.w.org\/{rel}","templated":true}]}}