{"id":22891,"date":"2025-08-01T17:04:25","date_gmt":"2025-08-01T15:04:25","guid":{"rendered":"https:\/\/uj.adatbank.ro\/lexikon\/termek\/teleki-rachel-szeki-gr-kemeny-palne\/"},"modified":"2025-08-01T17:04:25","modified_gmt":"2025-08-01T15:04:25","slug":"teleki-rachel-szeki-gr-kemeny-palne","status":"publish","type":"product","link":"https:\/\/uj.adatbank.ro\/lexikon\/termek\/teleki-rachel-szeki-gr-kemeny-palne\/","title":{"rendered":"TELEKI R\u00e1chel, sz\u00e9ki gr.; Kem\u00e9ny P\u00e1ln\u00e9"},"content":{"rendered":"<p>Gernyeszeg, 1794., \u2020 Malomfalva, 1868. \u00e1pr. 2.: malomfalvi birtokos. \u2013 T. Domokos (1750\u20131824) \u00e9s Kendeffy Zsuzsanna le\u00e1nya. F\u00e9rjhez ment magyargyer\u0151monostori Kem\u00e9ny P\u00e1lhoz (Gernyeszeg 1794). Fia Domokos (1835\u20131902). <br \/><strong>\u2013 Irod.:<\/strong> Gy\u00e1szjelent\u0151; Gudenus; Nagy Iv\u00e1n.<\/br><\/p>\n","protected":false},"excerpt":{"rendered":"<p>Gernyeszeg, 1794., \u2020 Malomfalva, 1868. \u00e1pr. 2.: malomfalvi birtokos. \u2013 T. Domokos (1750\u20131824) \u00e9s Kendeffy Zsuzsanna le\u00e1nya. F\u00e9rjhez ment magyargyer\u0151monostori Kem\u00e9ny P\u00e1lhoz (Gernyeszeg 1794). Fia Domokos (1835\u20131902). \u2013 Irod.: Gy\u00e1szjelent\u0151; Gudenus; Nagy Iv\u00e1n.<\/p>\n","protected":false},"featured_media":0,"comment_status":"open","ping_status":"closed","template":"","meta":[],"product_brand":[],"product_cat":[137],"product_tag":[],"class_list":{"0":"post-22891","1":"product","2":"type-product","3":"status-publish","5":"product_cat-maros-megyei-eletrajzi-lexikon","7":"first","8":"instock","9":"shipping-taxable","10":"product-type-simple"},"_links":{"self":[{"href":"https:\/\/uj.adatbank.ro\/lexikon\/wp-json\/wp\/v2\/product\/22891","targetHints":{"allow":["GET"]}}],"collection":[{"href":"https:\/\/uj.adatbank.ro\/lexikon\/wp-json\/wp\/v2\/product"}],"about":[{"href":"https:\/\/uj.adatbank.ro\/lexikon\/wp-json\/wp\/v2\/types\/product"}],"replies":[{"embeddable":true,"href":"https:\/\/uj.adatbank.ro\/lexikon\/wp-json\/wp\/v2\/comments?post=22891"}],"wp:attachment":[{"href":"https:\/\/uj.adatbank.ro\/lexikon\/wp-json\/wp\/v2\/media?parent=22891"}],"wp:term":[{"taxonomy":"product_brand","embeddable":true,"href":"https:\/\/uj.adatbank.ro\/lexikon\/wp-json\/wp\/v2\/product_brand?post=22891"},{"taxonomy":"product_cat","embeddable":true,"href":"https:\/\/uj.adatbank.ro\/lexikon\/wp-json\/wp\/v2\/product_cat?post=22891"},{"taxonomy":"product_tag","embeddable":true,"href":"https:\/\/uj.adatbank.ro\/lexikon\/wp-json\/wp\/v2\/product_tag?post=22891"}],"curies":[{"name":"wp","href":"https:\/\/api.w.org\/{rel}","templated":true}]}}