{"id":22892,"date":"2025-08-01T17:04:27","date_gmt":"2025-08-01T15:04:27","guid":{"rendered":"https:\/\/uj.adatbank.ro\/lexikon\/termek\/teleki-roza-rozalia-szeki-gr-bethlen-farkasne\/"},"modified":"2025-08-01T17:04:27","modified_gmt":"2025-08-01T15:04:27","slug":"teleki-roza-rozalia-szeki-gr-bethlen-farkasne","status":"publish","type":"product","link":"https:\/\/uj.adatbank.ro\/lexikon\/termek\/teleki-roza-rozalia-szeki-gr-bethlen-farkasne\/","title":{"rendered":"TELEKI R\u00f3za \/ Roz\u00e1lia, sz\u00e9ki gr., Bethlen Farkasn\u00e9"},"content":{"rendered":"<p>Kv., 1822., \u2020 Bonyha, 1880. m\u00e1rc. 4., bonyhai f\u00f6ldbirtokos. \u2013 J\u00e1nos (1792\u20131860) \u00e9s zabolai Mikes Erzs\u00e9bet l\u00e1nya. F\u00e9rje: bethleni gr. Bethlen Farkas (1813\u20131870) f\u0151isp\u00e1n, a bonyhai Bethlen kast\u00e9ly tulajdonosa. Gyermekeik: Gizella (Bonyha, 1843. \u2013 B\u00e9cs, 1863.), altorjai br. Apor G\u00e9z\u00e1n\u00e9; Irma (\u2020 \u00c1d\u00e1mos), gr. Horv\u00e1th-Tholdy Lajosn\u00e9; \u00c1rp\u00e1d (Bonyha, 1850. okt. 25. \u2013 Bonyha, 1912. j\u00fal. 5.), feles\u00e9ge k\u00f6vesdi br. Husz\u00e1r Margit. \u2013 A bonyhai r\u00e9gebbi kast\u00e9ly \u00e9p\u00edttet\u0151i (1850). Sz\u00e1szcs\u00e1v\u00e1son rendk\u00edv\u00fcli templom\u00e9p\u00edt\u00e9si adom\u00e1nnyal t\u00e1mogatta, f\u00e9rj\u00e9vel egy\u00fctt, az \u00e9p\u00edtkez\u00e9st (1835). <br \/><strong>\u2013 Irod.:<\/strong> B\u00f6l\u00f6ni Domokos: Mi lesz a bonyhai Bethlen-kast\u00e9ly sorsa? (N\u00fa., 2002. febr. 21.); Cs\u00e1v\u00e1si eml\u00e9kk\u00f6nyv; Hoffmann Edith: Az Orsz\u00e1gos M. Sz\u00e9pm\u0171v\u00e9szeti M\u00fazeum. A Grafikai oszt\u00e1ly 76. ki\u00e1ll\u00edt\u00e1sa (Bp., 1940); Kempelen; Paget; Teleki S\u00e1ndor: Eml\u00e9kezz\u00fcnk r\u00e9giekr\u0151l: Eml\u00e9kez\u00e9s \u00e9s levelez\u00e9s (bev., jegyz. Csetri Elek; Buk., 1973).<\/br><\/p>\n","protected":false},"excerpt":{"rendered":"<p>Kv., 1822., \u2020 Bonyha, 1880. m\u00e1rc. 4., bonyhai f\u00f6ldbirtokos. \u2013 J\u00e1nos (1792\u20131860) \u00e9s zabolai Mikes Erzs\u00e9bet l\u00e1nya. F\u00e9rje: bethleni gr. Bethlen Farkas (1813\u20131870) f\u0151isp\u00e1n, a bonyhai Bethlen kast\u00e9ly tulajdonosa. Gyermekeik: Gizella (Bonyha, 1843. \u2013 B\u00e9cs, 1863.), altorjai br. Apor G\u00e9z\u00e1n\u00e9; Irma (\u2020 \u00c1d\u00e1mos), gr. Horv\u00e1th-Tholdy Lajosn\u00e9; \u00c1rp\u00e1d (Bonyha, 1850. okt. 25. \u2013 Bonyha, 1912. j\u00fal. [&hellip;]<\/p>\n","protected":false},"featured_media":0,"comment_status":"open","ping_status":"closed","template":"","meta":[],"product_brand":[],"product_cat":[137],"product_tag":[],"class_list":{"0":"post-22892","1":"product","2":"type-product","3":"status-publish","5":"product_cat-maros-megyei-eletrajzi-lexikon","7":"first","8":"instock","9":"shipping-taxable","10":"product-type-simple"},"_links":{"self":[{"href":"https:\/\/uj.adatbank.ro\/lexikon\/wp-json\/wp\/v2\/product\/22892","targetHints":{"allow":["GET"]}}],"collection":[{"href":"https:\/\/uj.adatbank.ro\/lexikon\/wp-json\/wp\/v2\/product"}],"about":[{"href":"https:\/\/uj.adatbank.ro\/lexikon\/wp-json\/wp\/v2\/types\/product"}],"replies":[{"embeddable":true,"href":"https:\/\/uj.adatbank.ro\/lexikon\/wp-json\/wp\/v2\/comments?post=22892"}],"wp:attachment":[{"href":"https:\/\/uj.adatbank.ro\/lexikon\/wp-json\/wp\/v2\/media?parent=22892"}],"wp:term":[{"taxonomy":"product_brand","embeddable":true,"href":"https:\/\/uj.adatbank.ro\/lexikon\/wp-json\/wp\/v2\/product_brand?post=22892"},{"taxonomy":"product_cat","embeddable":true,"href":"https:\/\/uj.adatbank.ro\/lexikon\/wp-json\/wp\/v2\/product_cat?post=22892"},{"taxonomy":"product_tag","embeddable":true,"href":"https:\/\/uj.adatbank.ro\/lexikon\/wp-json\/wp\/v2\/product_tag?post=22892"}],"curies":[{"name":"wp","href":"https:\/\/api.w.org\/{rel}","templated":true}]}}