{"id":22894,"date":"2025-08-01T17:04:34","date_gmt":"2025-08-01T15:04:34","guid":{"rendered":"https:\/\/uj.adatbank.ro\/lexikon\/termek\/teleki-samuel-szeki-gr\/"},"modified":"2025-08-01T17:04:34","modified_gmt":"2025-08-01T15:04:34","slug":"teleki-samuel-szeki-gr","status":"publish","type":"product","link":"https:\/\/uj.adatbank.ro\/lexikon\/termek\/teleki-samuel-szeki-gr\/","title":{"rendered":"TELEKI S\u00e1muel, sz\u00e9ki gr."},"content":{"rendered":"<p>1792., \u20201857. Feles\u00e9ge: br. Jeszen\u00e1k Lujza (1803-Graz, 1870. \u00e1pr. 20). Le\u00e1nyuk: Klementina, f\u00e9rje sz\u00e9ki gr. T. Domokos (1810\u20131876), akinek m\u00e1sodik feles\u00e9ge. Gyermekei: Ilona (1849\u20131914), G\u00e9za (1850\u20131882). Irod.: Gudenus; Hoffmann Edit: Az Orsz\u00e1gos Magyar Sz\u00e9pm\u0171v\u00e9szeti M\u00fazeum Grafikai oszt\u00e1ly\u00e1nak ki\u00e1ll\u00edt\u00e1sa (Bp., 1940) Jeszen\u00e1k Lujza, Teleki S\u00e1mueln\u00e9 \u2013 1986.<\/br><\/p>\n","protected":false},"excerpt":{"rendered":"<p>1792., \u20201857. Feles\u00e9ge: br. Jeszen\u00e1k Lujza (1803-Graz, 1870. \u00e1pr. 20). Le\u00e1nyuk: Klementina, f\u00e9rje sz\u00e9ki gr. T. Domokos (1810\u20131876), akinek m\u00e1sodik feles\u00e9ge. Gyermekei: Ilona (1849\u20131914), G\u00e9za (1850\u20131882). Irod.: Gudenus; Hoffmann Edit: Az Orsz\u00e1gos Magyar Sz\u00e9pm\u0171v\u00e9szeti M\u00fazeum Grafikai oszt\u00e1ly\u00e1nak ki\u00e1ll\u00edt\u00e1sa (Bp., 1940) Jeszen\u00e1k Lujza, Teleki S\u00e1mueln\u00e9 \u2013 1986.<\/p>\n","protected":false},"featured_media":0,"comment_status":"open","ping_status":"closed","template":"","meta":[],"product_brand":[],"product_cat":[137],"product_tag":[],"class_list":{"0":"post-22894","1":"product","2":"type-product","3":"status-publish","5":"product_cat-maros-megyei-eletrajzi-lexikon","7":"first","8":"instock","9":"shipping-taxable","10":"product-type-simple"},"_links":{"self":[{"href":"https:\/\/uj.adatbank.ro\/lexikon\/wp-json\/wp\/v2\/product\/22894","targetHints":{"allow":["GET"]}}],"collection":[{"href":"https:\/\/uj.adatbank.ro\/lexikon\/wp-json\/wp\/v2\/product"}],"about":[{"href":"https:\/\/uj.adatbank.ro\/lexikon\/wp-json\/wp\/v2\/types\/product"}],"replies":[{"embeddable":true,"href":"https:\/\/uj.adatbank.ro\/lexikon\/wp-json\/wp\/v2\/comments?post=22894"}],"wp:attachment":[{"href":"https:\/\/uj.adatbank.ro\/lexikon\/wp-json\/wp\/v2\/media?parent=22894"}],"wp:term":[{"taxonomy":"product_brand","embeddable":true,"href":"https:\/\/uj.adatbank.ro\/lexikon\/wp-json\/wp\/v2\/product_brand?post=22894"},{"taxonomy":"product_cat","embeddable":true,"href":"https:\/\/uj.adatbank.ro\/lexikon\/wp-json\/wp\/v2\/product_cat?post=22894"},{"taxonomy":"product_tag","embeddable":true,"href":"https:\/\/uj.adatbank.ro\/lexikon\/wp-json\/wp\/v2\/product_tag?post=22894"}],"curies":[{"name":"wp","href":"https:\/\/api.w.org\/{rel}","templated":true}]}}