{"id":22900,"date":"2025-08-01T17:04:49","date_gmt":"2025-08-01T15:04:49","guid":{"rendered":"https:\/\/uj.adatbank.ro\/lexikon\/termek\/teleki-sandor\/"},"modified":"2025-08-01T17:04:49","modified_gmt":"2025-08-01T15:04:49","slug":"teleki-sandor","status":"publish","type":"product","link":"https:\/\/uj.adatbank.ro\/lexikon\/termek\/teleki-sandor\/","title":{"rendered":"TELEKI S\u00e1ndor"},"content":{"rendered":"<p>Bukarest, 1886. \u2020 194?: k\u00e1ntor. \u2013 Feles\u00e9ge: 1. Szabadi Ilona, h\u00e1zasok (1911\u2013); 2. De\u00e1k R\u00f3za (1942\u2013). \u2013 Nincs tan\u00edt\u00f3i oklevele, de j\u00f3 k\u00e1ntor, tudott rom\u00e1nul, n\u00e9met\u00fcl (1919 k\u00f6r\u00fcl), de nem teljes\u00edtette az elv\u00e1rt egyh\u00e1z\u00e9p\u00edt\u0151 teend\u0151it. Megh\u00edvt\u00e1k tan\u00edt\u00f3nak H\u00e9derf\u00e1j\u00e1ra (1907\u20131939), tan\u00edt\u00f3 Kib\u00e9den (1941). <br \/><strong>\u2013 Irod.:<\/strong> Kib\u00e9d 2; Ref. egyetemes n\u00e9vt\u00e1r.<\/br><\/p>\n","protected":false},"excerpt":{"rendered":"<p>Bukarest, 1886. \u2020 194?: k\u00e1ntor. \u2013 Feles\u00e9ge: 1. Szabadi Ilona, h\u00e1zasok (1911\u2013); 2. De\u00e1k R\u00f3za (1942\u2013). \u2013 Nincs tan\u00edt\u00f3i oklevele, de j\u00f3 k\u00e1ntor, tudott rom\u00e1nul, n\u00e9met\u00fcl (1919 k\u00f6r\u00fcl), de nem teljes\u00edtette az elv\u00e1rt egyh\u00e1z\u00e9p\u00edt\u0151 teend\u0151it. Megh\u00edvt\u00e1k tan\u00edt\u00f3nak H\u00e9derf\u00e1j\u00e1ra (1907\u20131939), tan\u00edt\u00f3 Kib\u00e9den (1941). \u2013 Irod.: Kib\u00e9d 2; Ref. egyetemes n\u00e9vt\u00e1r.<\/p>\n","protected":false},"featured_media":0,"comment_status":"open","ping_status":"closed","template":"","meta":[],"product_brand":[],"product_cat":[137],"product_tag":[],"class_list":{"0":"post-22900","1":"product","2":"type-product","3":"status-publish","5":"product_cat-maros-megyei-eletrajzi-lexikon","7":"first","8":"instock","9":"shipping-taxable","10":"product-type-simple"},"_links":{"self":[{"href":"https:\/\/uj.adatbank.ro\/lexikon\/wp-json\/wp\/v2\/product\/22900","targetHints":{"allow":["GET"]}}],"collection":[{"href":"https:\/\/uj.adatbank.ro\/lexikon\/wp-json\/wp\/v2\/product"}],"about":[{"href":"https:\/\/uj.adatbank.ro\/lexikon\/wp-json\/wp\/v2\/types\/product"}],"replies":[{"embeddable":true,"href":"https:\/\/uj.adatbank.ro\/lexikon\/wp-json\/wp\/v2\/comments?post=22900"}],"wp:attachment":[{"href":"https:\/\/uj.adatbank.ro\/lexikon\/wp-json\/wp\/v2\/media?parent=22900"}],"wp:term":[{"taxonomy":"product_brand","embeddable":true,"href":"https:\/\/uj.adatbank.ro\/lexikon\/wp-json\/wp\/v2\/product_brand?post=22900"},{"taxonomy":"product_cat","embeddable":true,"href":"https:\/\/uj.adatbank.ro\/lexikon\/wp-json\/wp\/v2\/product_cat?post=22900"},{"taxonomy":"product_tag","embeddable":true,"href":"https:\/\/uj.adatbank.ro\/lexikon\/wp-json\/wp\/v2\/product_tag?post=22900"}],"curies":[{"name":"wp","href":"https:\/\/api.w.org\/{rel}","templated":true}]}}