{"id":22901,"date":"2025-08-01T17:04:51","date_gmt":"2025-08-01T15:04:51","guid":{"rendered":"https:\/\/uj.adatbank.ro\/lexikon\/termek\/teleki-sandor-szeki-gr\/"},"modified":"2025-08-01T17:04:51","modified_gmt":"2025-08-01T15:04:51","slug":"teleki-sandor-szeki-gr","status":"publish","type":"product","link":"https:\/\/uj.adatbank.ro\/lexikon\/termek\/teleki-sandor-szeki-gr\/","title":{"rendered":"TELEKI S\u00e1ndor, sz\u00e9ki gr."},"content":{"rendered":"<p>1679 \u2020 Gyulafeh\u00e9rv\u00e1r, 1754. szept. 5., temetve a gernyeszegi ref. templom kript\u00e1j\u00e1ba: f\u0151isp\u00e1n, f\u0151korm\u00e1nysz\u00e9ki tan\u00e1csos. \u2013 T. Mih\u00e1ly kancell\u00e1r \u00e9s Ve\u00e9r Judit legkisebbik fia. T. S\u00e1muel (1739\u20131822), a k\u00f6nyvt\u00e1ralap\u00edt\u00f3 apja. Feles\u00e9ge: 1. Esk\u00fcv\u0151: 1703, gr. Bethlen J\u00falia (1686. dec. 29. \u2013 Gernyeszeg, 1722. dec. 28.). Gyermekeik: Mikl\u00f3s (1704\u201345) alezredes; L\u00e1szl\u00f3 (1710\u201378) kamar\u00e1s, guberniumi tan\u00e1csos a csal\u00e1d gy\u00f6mr\u0151i \u00e1g\u00e1nak megalap\u00edt\u00f3ja; Lajos (1715\u201358) feles\u00e9ge ikt\u00e1ri Bethlen Kata; Judit (\u2020 1734) vargyasi Daniel Istv\u00e1nn\u00e9; 2. feles\u00e9ge: Petki Nagy Zsuzsanna. Fiaik: S\u00e1ndor (\u2020 1798) \u00e9s S\u00e1muel (1739\u20131822) a k\u00f6nyvt\u00e1ralap\u00edt\u00f3. N\u00e9met-r\u00f3mai birodalmi gr\u00f3fi rangot kapott (1697). \u2013 Tudom\u00e1nyszeret\u0151 \u00e9s b\u00e1tor k\u00f6z\u00e9leti ki\u00e1ll\u00e1s\u00fa ember volt. Mint az enyedi koll. kur\u00e1tora (1704) amikor a koll. le\u00e9gett k\u00f6zbej\u00e1r\u00e1s\u00e1ra ker\u00fclt sor egy fontos angliai seg\u00e9lygy\u0171jt\u00e9sre, saj\u00e1t k\u00f6lts\u00e9g\u00e9n is tartott k\u00fclf\u00f6ld\u00f6n tanul\u00f3 erd\u00e9lyi di\u00e1kokat. Anyja hal\u00e1la (1707) ut\u00e1n \u00f6r\u00f6k\u00f6lte a gernyeszegi birtokot. F\u0151korm\u00e1nysz\u00e9ki tan\u00e1csos (1733), erd\u00e9lyi udvari kancell\u00e1riai tan\u00e1csos B\u00e9csben (1736), majd Torda v\u00e1rmegye f\u0151isp\u00e1nja (1754\u2013), ogy.-i eln\u00f6k. A mv.-i ref. koll. f\u0151gondnoka. (1734\u201354), a k\u00f6lp\u00e9nyi uradalm\u00e1b\u00f3l b\u00faz\u00e1t k\u00fcld\u00f6tt az int\u00e9zetnek (1759\u201369). Apja ut\u00e1n \u00f6r\u00f6k\u00f6lte a gernyeszegi \u00e9s maross\u00e1rpataki birtokot \u00e9s kast\u00e9lyt. \u0150 volt az els\u0151 Teleki, aki S\u00e1rpatakon lakott (1730\u201340 k\u00f6r\u00fcl). Vajdaszentiv\u00e1nyon is voltak birtokai. Radn\u00f3tf\u00e1j\u00e1n 7 telke volt. A tudom\u00e1nyok p\u00e1rtol\u00e1s\u00e1t mutatja, hogy Bod P\u00e9ter neki aj\u00e1nlotta \u201eAthen\u00e1s\u201d-\u00e1t. Innen tudjuk, hogy m\u00e1r ifj\u00fa kor\u00e1ban, mikor 1704-ben a nagyenyedi iskola el\u00e9gett, saj\u00e1t level\u00e9vel engedelmet k\u00e9rt a kir\u00e1lyt\u00f3l, \u0151t egy dr\u00e1ga t\u00f6r\u00f6k karddal tisztelv\u00e9n meg, hogy f\u00f6l\u00e9p\u00edt\u00e9s\u00e9re Angli\u00e1ban hitsorsosain\u00e1l seg\u00e9lyt gy\u0171jthessen, \u00e9s gy\u0171jt\u00f6tt is. \u00c9s mikor az \u00edns\u00e9ges id\u0151kben a k\u00fclf\u00f6ld\u00f6n iskol\u00e1z\u00f3 m. fi\u00fak felakadtak, saj\u00e1t h\u00e1za ez\u00fcstj\u00e9t tette p\u00e9nzz\u00e9 \u00e9s seg\u00edtette \u0151ket. Fel\u00e9p\u00edtette a s\u00e1romberki falu ref. templom\u00e1t, mellszobr\u00e1t a templom el\u0151tt helyezt\u00e9k el (1994). <br \/><strong>\u2013 Irod.:<\/strong> Bicsok\u2013Orb\u00e1n; B\u00f6jthe Andor: A G\u00f6rg\u00e9nyi ev. ref. egyh\u00e1zmegye t\u00f6rt\u00e9nete [k\u00e9zirat]; Castellum \u00c9rtes\u00edt\u0151 (2000, 3. sz.); De\u00e9 Nagy Anik\u00f3 1997; Gudenus; Id\u0151t\u00e1r 1; K.L. M\u0171v. t\u00f6rt. tan. 2.; Kelemen Lajos 2009; Koncz; Kr\u00f3n. F\u00fcz. (1940. 4\/10), Iv\u00e1n; Mure\u015f, jude\u0163; S\u00e1romberke 1319\u20131994 (S\u00e1romberke, 1994); S\u00e4chsisch-Regen; Teleki Mih\u00e1ly udvartart\u00e1si napl\u00f3ja (1673\u20131681) (Kv., 2007); Sz\u00e9pr\u00e9ti Lilla: A gernyeszegi kast\u00e9ly (\u00daj \u00c9let, 1971, 11. sz.); T\u00fcd\u0151s S. Kinga; Vajdaszentiv\u00e1ny.<\/br><\/p>\n","protected":false},"excerpt":{"rendered":"<p>1679 \u2020 Gyulafeh\u00e9rv\u00e1r, 1754. szept. 5., temetve a gernyeszegi ref. templom kript\u00e1j\u00e1ba: f\u0151isp\u00e1n, f\u0151korm\u00e1nysz\u00e9ki tan\u00e1csos. \u2013 T. Mih\u00e1ly kancell\u00e1r \u00e9s Ve\u00e9r Judit legkisebbik fia. T. S\u00e1muel (1739\u20131822), a k\u00f6nyvt\u00e1ralap\u00edt\u00f3 apja. Feles\u00e9ge: 1. Esk\u00fcv\u0151: 1703, gr. Bethlen J\u00falia (1686. dec. 29. \u2013 Gernyeszeg, 1722. dec. 28.). Gyermekeik: Mikl\u00f3s (1704\u201345) alezredes; L\u00e1szl\u00f3 (1710\u201378) kamar\u00e1s, guberniumi tan\u00e1csos a [&hellip;]<\/p>\n","protected":false},"featured_media":0,"comment_status":"open","ping_status":"closed","template":"","meta":[],"product_brand":[],"product_cat":[137],"product_tag":[],"class_list":{"0":"post-22901","1":"product","2":"type-product","3":"status-publish","5":"product_cat-maros-megyei-eletrajzi-lexikon","7":"first","8":"instock","9":"shipping-taxable","10":"product-type-simple"},"_links":{"self":[{"href":"https:\/\/uj.adatbank.ro\/lexikon\/wp-json\/wp\/v2\/product\/22901","targetHints":{"allow":["GET"]}}],"collection":[{"href":"https:\/\/uj.adatbank.ro\/lexikon\/wp-json\/wp\/v2\/product"}],"about":[{"href":"https:\/\/uj.adatbank.ro\/lexikon\/wp-json\/wp\/v2\/types\/product"}],"replies":[{"embeddable":true,"href":"https:\/\/uj.adatbank.ro\/lexikon\/wp-json\/wp\/v2\/comments?post=22901"}],"wp:attachment":[{"href":"https:\/\/uj.adatbank.ro\/lexikon\/wp-json\/wp\/v2\/media?parent=22901"}],"wp:term":[{"taxonomy":"product_brand","embeddable":true,"href":"https:\/\/uj.adatbank.ro\/lexikon\/wp-json\/wp\/v2\/product_brand?post=22901"},{"taxonomy":"product_cat","embeddable":true,"href":"https:\/\/uj.adatbank.ro\/lexikon\/wp-json\/wp\/v2\/product_cat?post=22901"},{"taxonomy":"product_tag","embeddable":true,"href":"https:\/\/uj.adatbank.ro\/lexikon\/wp-json\/wp\/v2\/product_tag?post=22901"}],"curies":[{"name":"wp","href":"https:\/\/api.w.org\/{rel}","templated":true}]}}