{"id":22902,"date":"2025-08-01T17:04:53","date_gmt":"2025-08-01T15:04:53","guid":{"rendered":"https:\/\/uj.adatbank.ro\/lexikon\/termek\/teleki-sandor-ii-szeki-gr\/"},"modified":"2025-08-01T17:04:53","modified_gmt":"2025-08-01T15:04:53","slug":"teleki-sandor-ii-szeki-gr","status":"publish","type":"product","link":"https:\/\/uj.adatbank.ro\/lexikon\/termek\/teleki-sandor-ii-szeki-gr\/","title":{"rendered":"TELEKI S\u00e1ndor, II., sz\u00e9ki gr."},"content":{"rendered":"<p>1737. \u20201798. I. S\u00e1ndor (1679\u20131754) \u00e9s Petki Nagy Zsuzsanna (1707\u20131748) fia. Testv\u00e9re S\u00e1muel, a k\u00f6nyvt\u00e1ralap\u00edt\u00f3. Tanulm\u00e1nyait otthon kezdte h\u00e1zitan\u00edt\u00f3val, a mv.-i ref. koll\u00e9gium di\u00e1kja (1749. aug. 25.\u2013). Boroskrakk\u00f3 birtokosa (1756. m\u00e1rc.19.). Feles\u00e9ge: 1. Vit\u00e9z Erzs\u00e9bet (\u2020?), 2. gy\u00f3ni Hal\u00e1sz P\u00e9ter husz\u00e1rezredes (1676\u20131741) \u00e9s Botty\u00e1n Katalin le\u00e1nya, Hal\u00e1sz Borb\u00e1la (sz. 1719), hal\u00e1la ismeretlen. Fiaik. III. S\u00e1ndor (1760\u20131767) \u00e9s P\u00e9ter, aki kor\u00e1n meghalt. A h\u00e1zast\u00e1rsak rossz viszonyban voltak, feles\u00e9ge asszonyok k\u00f6z\u00f6tt \u00e1llt, amikor megl\u0151tt\u00e9k, a f\u00e9rje lehetett a tettes, letart\u00f3ztatt\u00e1k, fogs\u00e1gban volt. A b\u00f6rt\u00f6nben k\u00f6t\u00f6tt h\u00e1zass\u00e1got Gy\u00f6rffy M\u00e1ri\u00e1val, a fi\u00fak, \u00c1d\u00e1m (1790\u2013). <br \/><strong>\u2013 Irod.:<\/strong> K. Weisz Szid\u00f3nia. Egy r\u00f6vid l\u00e9t foszl\u00e1nyai: Teleki III. S\u00e1ndor (1760\u20131767) \u00e9lete, hal\u00e1la \u00e9s eml\u00e9kezete = Sebesty\u00e9n-Spielmann.<\/br><\/p>\n","protected":false},"excerpt":{"rendered":"<p>1737. \u20201798. I. S\u00e1ndor (1679\u20131754) \u00e9s Petki Nagy Zsuzsanna (1707\u20131748) fia. Testv\u00e9re S\u00e1muel, a k\u00f6nyvt\u00e1ralap\u00edt\u00f3. Tanulm\u00e1nyait otthon kezdte h\u00e1zitan\u00edt\u00f3val, a mv.-i ref. koll\u00e9gium di\u00e1kja (1749. aug. 25.\u2013). Boroskrakk\u00f3 birtokosa (1756. m\u00e1rc.19.). Feles\u00e9ge: 1. Vit\u00e9z Erzs\u00e9bet (\u2020?), 2. gy\u00f3ni Hal\u00e1sz P\u00e9ter husz\u00e1rezredes (1676\u20131741) \u00e9s Botty\u00e1n Katalin le\u00e1nya, Hal\u00e1sz Borb\u00e1la (sz. 1719), hal\u00e1la ismeretlen. Fiaik. III. S\u00e1ndor [&hellip;]<\/p>\n","protected":false},"featured_media":0,"comment_status":"open","ping_status":"closed","template":"","meta":[],"product_brand":[],"product_cat":[137],"product_tag":[],"class_list":{"0":"post-22902","1":"product","2":"type-product","3":"status-publish","5":"product_cat-maros-megyei-eletrajzi-lexikon","7":"first","8":"instock","9":"shipping-taxable","10":"product-type-simple"},"_links":{"self":[{"href":"https:\/\/uj.adatbank.ro\/lexikon\/wp-json\/wp\/v2\/product\/22902","targetHints":{"allow":["GET"]}}],"collection":[{"href":"https:\/\/uj.adatbank.ro\/lexikon\/wp-json\/wp\/v2\/product"}],"about":[{"href":"https:\/\/uj.adatbank.ro\/lexikon\/wp-json\/wp\/v2\/types\/product"}],"replies":[{"embeddable":true,"href":"https:\/\/uj.adatbank.ro\/lexikon\/wp-json\/wp\/v2\/comments?post=22902"}],"wp:attachment":[{"href":"https:\/\/uj.adatbank.ro\/lexikon\/wp-json\/wp\/v2\/media?parent=22902"}],"wp:term":[{"taxonomy":"product_brand","embeddable":true,"href":"https:\/\/uj.adatbank.ro\/lexikon\/wp-json\/wp\/v2\/product_brand?post=22902"},{"taxonomy":"product_cat","embeddable":true,"href":"https:\/\/uj.adatbank.ro\/lexikon\/wp-json\/wp\/v2\/product_cat?post=22902"},{"taxonomy":"product_tag","embeddable":true,"href":"https:\/\/uj.adatbank.ro\/lexikon\/wp-json\/wp\/v2\/product_tag?post=22902"}],"curies":[{"name":"wp","href":"https:\/\/api.w.org\/{rel}","templated":true}]}}