{"id":22903,"date":"2025-08-01T17:04:55","date_gmt":"2025-08-01T15:04:55","guid":{"rendered":"https:\/\/uj.adatbank.ro\/lexikon\/termek\/teleki-sandor-szeki-gr-2\/"},"modified":"2025-08-01T17:04:55","modified_gmt":"2025-08-01T15:04:55","slug":"teleki-sandor-szeki-gr-2","status":"publish","type":"product","link":"https:\/\/uj.adatbank.ro\/lexikon\/termek\/teleki-sandor-szeki-gr-2\/","title":{"rendered":"TELEKI S\u00e1ndor, sz\u00e9ki gr."},"content":{"rendered":"<p>1760. febr. 13., \u2020 Marosorb\u00f3, 1767. febr. 13.: Borosnyai Nagy Zsigmond keresztelte (m\u00e1rc. 2). Anyja: Hal\u00e1sz Borb\u00e1la, apja Teleki S\u00e1ndor. II. (1737\u20131798). \u2013 Nagy gondot ford\u00edtottak nevel\u00e9s\u00e9re, a csal\u00e1d \u00e9s nevel\u0151k tan\u00edtott\u00e1k, majd a nagyenyedi koll.-ban (1765. jan. 2.\u2013) kit\u0171n\u0151 tanul\u00f3. Megbetegedett (Hungaricus Morbus) 1767. febr. 3.), l\u00e1z, fejf\u00e1j\u00e1s stb. Anyja hazavitte Marosorb\u00f3ra \u00e9s otthon \u00e1polta, meghalt a hetedik sz\u00fclet\u00e9snapj\u00e1n. J\u00falius 5-\u00e9n b\u00facs\u00faztatt\u00e1k, j\u00fal. 15-\u00e9n temett\u00e9k. Anyja mag\u00e1nak \u00e9s k\u00e9t fi\u00e1nak h\u00e1rom k\u0151kopors\u00f3t rendelt. <br \/><strong>\u2013 Irod.:<\/strong> K. Weisz Szid\u00f3nia. Egy r\u00f6vid l\u00e9t foszl\u00e1nyai: Teleki III. S\u00e1ndor (1760\u20131767) \u00e9lete, hal\u00e1la \u00e9s eml\u00e9kezete = Sebesty\u00e9n-Spielmann.<\/br><\/p>\n","protected":false},"excerpt":{"rendered":"<p>1760. febr. 13., \u2020 Marosorb\u00f3, 1767. febr. 13.: Borosnyai Nagy Zsigmond keresztelte (m\u00e1rc. 2). Anyja: Hal\u00e1sz Borb\u00e1la, apja Teleki S\u00e1ndor. II. (1737\u20131798). \u2013 Nagy gondot ford\u00edtottak nevel\u00e9s\u00e9re, a csal\u00e1d \u00e9s nevel\u0151k tan\u00edtott\u00e1k, majd a nagyenyedi koll.-ban (1765. jan. 2.\u2013) kit\u0171n\u0151 tanul\u00f3. Megbetegedett (Hungaricus Morbus) 1767. febr. 3.), l\u00e1z, fejf\u00e1j\u00e1s stb. Anyja hazavitte Marosorb\u00f3ra \u00e9s otthon [&hellip;]<\/p>\n","protected":false},"featured_media":0,"comment_status":"open","ping_status":"closed","template":"","meta":[],"product_brand":[],"product_cat":[137],"product_tag":[],"class_list":{"0":"post-22903","1":"product","2":"type-product","3":"status-publish","5":"product_cat-maros-megyei-eletrajzi-lexikon","7":"first","8":"instock","9":"shipping-taxable","10":"product-type-simple"},"_links":{"self":[{"href":"https:\/\/uj.adatbank.ro\/lexikon\/wp-json\/wp\/v2\/product\/22903","targetHints":{"allow":["GET"]}}],"collection":[{"href":"https:\/\/uj.adatbank.ro\/lexikon\/wp-json\/wp\/v2\/product"}],"about":[{"href":"https:\/\/uj.adatbank.ro\/lexikon\/wp-json\/wp\/v2\/types\/product"}],"replies":[{"embeddable":true,"href":"https:\/\/uj.adatbank.ro\/lexikon\/wp-json\/wp\/v2\/comments?post=22903"}],"wp:attachment":[{"href":"https:\/\/uj.adatbank.ro\/lexikon\/wp-json\/wp\/v2\/media?parent=22903"}],"wp:term":[{"taxonomy":"product_brand","embeddable":true,"href":"https:\/\/uj.adatbank.ro\/lexikon\/wp-json\/wp\/v2\/product_brand?post=22903"},{"taxonomy":"product_cat","embeddable":true,"href":"https:\/\/uj.adatbank.ro\/lexikon\/wp-json\/wp\/v2\/product_cat?post=22903"},{"taxonomy":"product_tag","embeddable":true,"href":"https:\/\/uj.adatbank.ro\/lexikon\/wp-json\/wp\/v2\/product_tag?post=22903"}],"curies":[{"name":"wp","href":"https:\/\/api.w.org\/{rel}","templated":true}]}}