{"id":22907,"date":"2025-08-01T17:05:07","date_gmt":"2025-08-01T15:05:07","guid":{"rendered":"https:\/\/uj.adatbank.ro\/lexikon\/termek\/teleki-sara-szeki-gr-bethleni-bethlen-palne\/"},"modified":"2025-08-01T17:05:07","modified_gmt":"2025-08-01T15:05:07","slug":"teleki-sara-szeki-gr-bethleni-bethlen-palne","status":"publish","type":"product","link":"https:\/\/uj.adatbank.ro\/lexikon\/termek\/teleki-sara-szeki-gr-bethleni-bethlen-palne\/","title":{"rendered":"TELEKI S\u00e1ra, sz\u00e9ki gr., bethleni Bethlen P\u00e1ln\u00e9"},"content":{"rendered":"<p>?, \u2020 ? 1794.: T. J\u00e1nos k\u0151v\u00e1ri f\u0151kapit\u00e1ny \u00e9s Vay Borb\u00e1la le\u00e1nya. Gyermekei Farkas (1749\u20131823, kir. t\u00e1blai \u00fcln\u00f6k), P\u00e1l (1739\u20131795, t\u00e1bornok), \u00c9va, D\u00e1niel Istv\u00e1nn\u00e9. \u2013 Jelent\u0151s szerepe volt a k\u00fck\u00fcll\u0151i egyh\u00e1zmegye gy\u00fclekezeteinek t\u00e1mogat\u00e1s\u00e1ban. Aj\u00e1nd\u00e9kai: D\u00e9sfalva ref. gy\u00fclekezete \u00f3n keny\u00e9roszt\u00f3 t\u00e1ny\u00e9rt (1747), Ebesfalva \u00e9s Harangl\u00e1b \u00farvacsorai keszken\u0151t kapott (1762). F\u00e9rj\u00e9vel egy\u00fctt a bonyhai templom \u00e9p\u00edt\u00e9s\u00e9re 500 m. forintott adom\u00e1nyozott (1776). <br \/><strong>\u2013 Irod.:<\/strong> K\u00fck\u00fcll\u0151i Ref. Egyh\u00e1zm. 2.<\/br><\/p>\n","protected":false},"excerpt":{"rendered":"<p>?, \u2020 ? 1794.: T. J\u00e1nos k\u0151v\u00e1ri f\u0151kapit\u00e1ny \u00e9s Vay Borb\u00e1la le\u00e1nya. Gyermekei Farkas (1749\u20131823, kir. t\u00e1blai \u00fcln\u00f6k), P\u00e1l (1739\u20131795, t\u00e1bornok), \u00c9va, D\u00e1niel Istv\u00e1nn\u00e9. \u2013 Jelent\u0151s szerepe volt a k\u00fck\u00fcll\u0151i egyh\u00e1zmegye gy\u00fclekezeteinek t\u00e1mogat\u00e1s\u00e1ban. Aj\u00e1nd\u00e9kai: D\u00e9sfalva ref. gy\u00fclekezete \u00f3n keny\u00e9roszt\u00f3 t\u00e1ny\u00e9rt (1747), Ebesfalva \u00e9s Harangl\u00e1b \u00farvacsorai keszken\u0151t kapott (1762). F\u00e9rj\u00e9vel egy\u00fctt a bonyhai templom \u00e9p\u00edt\u00e9s\u00e9re 500 [&hellip;]<\/p>\n","protected":false},"featured_media":0,"comment_status":"open","ping_status":"closed","template":"","meta":[],"product_brand":[],"product_cat":[137],"product_tag":[],"class_list":{"0":"post-22907","1":"product","2":"type-product","3":"status-publish","5":"product_cat-maros-megyei-eletrajzi-lexikon","7":"first","8":"instock","9":"shipping-taxable","10":"product-type-simple"},"_links":{"self":[{"href":"https:\/\/uj.adatbank.ro\/lexikon\/wp-json\/wp\/v2\/product\/22907","targetHints":{"allow":["GET"]}}],"collection":[{"href":"https:\/\/uj.adatbank.ro\/lexikon\/wp-json\/wp\/v2\/product"}],"about":[{"href":"https:\/\/uj.adatbank.ro\/lexikon\/wp-json\/wp\/v2\/types\/product"}],"replies":[{"embeddable":true,"href":"https:\/\/uj.adatbank.ro\/lexikon\/wp-json\/wp\/v2\/comments?post=22907"}],"wp:attachment":[{"href":"https:\/\/uj.adatbank.ro\/lexikon\/wp-json\/wp\/v2\/media?parent=22907"}],"wp:term":[{"taxonomy":"product_brand","embeddable":true,"href":"https:\/\/uj.adatbank.ro\/lexikon\/wp-json\/wp\/v2\/product_brand?post=22907"},{"taxonomy":"product_cat","embeddable":true,"href":"https:\/\/uj.adatbank.ro\/lexikon\/wp-json\/wp\/v2\/product_cat?post=22907"},{"taxonomy":"product_tag","embeddable":true,"href":"https:\/\/uj.adatbank.ro\/lexikon\/wp-json\/wp\/v2\/product_tag?post=22907"}],"curies":[{"name":"wp","href":"https:\/\/api.w.org\/{rel}","templated":true}]}}