{"id":22910,"date":"2025-08-01T17:05:13","date_gmt":"2025-08-01T15:05:13","guid":{"rendered":"https:\/\/uj.adatbank.ro\/lexikon\/termek\/teleki-zsofia-szeki-gr\/"},"modified":"2025-08-01T17:05:13","modified_gmt":"2025-08-01T15:05:13","slug":"teleki-zsofia-szeki-gr","status":"publish","type":"product","link":"https:\/\/uj.adatbank.ro\/lexikon\/termek\/teleki-zsofia-szeki-gr\/","title":{"rendered":"TELEKI Zs\u00f3fia, sz\u00e9ki gr."},"content":{"rendered":"<p>Gernyeszeg, 1815. okt. 14., \u2020 Pest, 1852. nov. 6.: kisb\u00fani birtokos. \u2013 T. J\u00f3zsef (1777\u20131817) \u00e9s Teleki Zs\u00f3fia (1784\u20131844) le\u00e1nya. F\u00e9rjhez ment Bethlen J\u00e1noshoz (Kisb\u00fan, 1811. \u2013 Kv., 1879.). Esk\u00fcv\u0151: Gernyeszeg (1835). Gyermekei: G\u00e9za (1838\u20131911), Domokos (1839\u20131875), B\u00e9la (1841\u20131897), J\u00e1nos (1843\u20131881), J\u00f3zsef (1846\u20131927), S\u00e1ndor (1850\u20131910). Kisb\u00fanon \u00e9ltek. <br \/><strong>\u2013 Irod.:<\/strong> Egyed \u00c1kos 2004; Gudenus; H\u00e1zsong\u00e1rd, Lukinich, Nagy Iv\u00e1n; P\u00e1lffy.<\/br><\/p>\n","protected":false},"excerpt":{"rendered":"<p>Gernyeszeg, 1815. okt. 14., \u2020 Pest, 1852. nov. 6.: kisb\u00fani birtokos. \u2013 T. J\u00f3zsef (1777\u20131817) \u00e9s Teleki Zs\u00f3fia (1784\u20131844) le\u00e1nya. F\u00e9rjhez ment Bethlen J\u00e1noshoz (Kisb\u00fan, 1811. \u2013 Kv., 1879.). Esk\u00fcv\u0151: Gernyeszeg (1835). Gyermekei: G\u00e9za (1838\u20131911), Domokos (1839\u20131875), B\u00e9la (1841\u20131897), J\u00e1nos (1843\u20131881), J\u00f3zsef (1846\u20131927), S\u00e1ndor (1850\u20131910). Kisb\u00fanon \u00e9ltek. \u2013 Irod.: Egyed \u00c1kos 2004; Gudenus; H\u00e1zsong\u00e1rd, Lukinich, [&hellip;]<\/p>\n","protected":false},"featured_media":0,"comment_status":"open","ping_status":"closed","template":"","meta":[],"product_brand":[],"product_cat":[137],"product_tag":[],"class_list":{"0":"post-22910","1":"product","2":"type-product","3":"status-publish","5":"product_cat-maros-megyei-eletrajzi-lexikon","7":"first","8":"instock","9":"shipping-taxable","10":"product-type-simple"},"_links":{"self":[{"href":"https:\/\/uj.adatbank.ro\/lexikon\/wp-json\/wp\/v2\/product\/22910","targetHints":{"allow":["GET"]}}],"collection":[{"href":"https:\/\/uj.adatbank.ro\/lexikon\/wp-json\/wp\/v2\/product"}],"about":[{"href":"https:\/\/uj.adatbank.ro\/lexikon\/wp-json\/wp\/v2\/types\/product"}],"replies":[{"embeddable":true,"href":"https:\/\/uj.adatbank.ro\/lexikon\/wp-json\/wp\/v2\/comments?post=22910"}],"wp:attachment":[{"href":"https:\/\/uj.adatbank.ro\/lexikon\/wp-json\/wp\/v2\/media?parent=22910"}],"wp:term":[{"taxonomy":"product_brand","embeddable":true,"href":"https:\/\/uj.adatbank.ro\/lexikon\/wp-json\/wp\/v2\/product_brand?post=22910"},{"taxonomy":"product_cat","embeddable":true,"href":"https:\/\/uj.adatbank.ro\/lexikon\/wp-json\/wp\/v2\/product_cat?post=22910"},{"taxonomy":"product_tag","embeddable":true,"href":"https:\/\/uj.adatbank.ro\/lexikon\/wp-json\/wp\/v2\/product_tag?post=22910"}],"curies":[{"name":"wp","href":"https:\/\/api.w.org\/{rel}","templated":true}]}}