{"id":22912,"date":"2025-08-01T17:05:20","date_gmt":"2025-08-01T15:05:20","guid":{"rendered":"https:\/\/uj.adatbank.ro\/lexikon\/termek\/teleki-zsofia-szeki-gr-vay-belane\/"},"modified":"2025-08-01T17:05:20","modified_gmt":"2025-08-01T15:05:20","slug":"teleki-zsofia-szeki-gr-vay-belane","status":"publish","type":"product","link":"https:\/\/uj.adatbank.ro\/lexikon\/termek\/teleki-zsofia-szeki-gr-vay-belane\/","title":{"rendered":"TELEKI Zs\u00f3fia, sz\u00e9ki gr., Vay B\u00e9l\u00e1n\u00e9"},"content":{"rendered":"<p>Gernyeszeg, 1836. j\u00fal. 20, (v. dec. 11.), \u2020 Bad Gleichenberg, 1898. j\u00fal. 12: birtokos gr. \u2013 Domokos (1810\u20131876) \u00e9s B\u00e1nffy Jozefa (1810\u20131841) le\u00e1nya. \u2013 F\u00e9rjhez ment Vay B\u00e9la (1829\u20131910), aki a m. f\u0151rendih\u00e1z \u00f6r\u00f6k\u00f6s tagja \u00e9s aleln\u00f6ke, v.b.t.t., Borsod vm. f\u0151isp\u00e1nja, a Tisz\u00e1nt\u00fali Ref. Egyh\u00e1zker\u00fclet f\u0151fel\u00fcgyel\u0151je, a Szent Istv\u00e1n rend k\u00f6z\u00e9pkereszt \u00e9s az I. o. Vaskoronarend tulajdonosa (Kv. 1854. szept. 27). <br \/><strong>\u2013 Irod.:<\/strong> Gudenus; MNZsK; Nagy Iv\u00e1n.<\/br><\/p>\n","protected":false},"excerpt":{"rendered":"<p>Gernyeszeg, 1836. j\u00fal. 20, (v. dec. 11.), \u2020 Bad Gleichenberg, 1898. j\u00fal. 12: birtokos gr. \u2013 Domokos (1810\u20131876) \u00e9s B\u00e1nffy Jozefa (1810\u20131841) le\u00e1nya. \u2013 F\u00e9rjhez ment Vay B\u00e9la (1829\u20131910), aki a m. f\u0151rendih\u00e1z \u00f6r\u00f6k\u00f6s tagja \u00e9s aleln\u00f6ke, v.b.t.t., Borsod vm. f\u0151isp\u00e1nja, a Tisz\u00e1nt\u00fali Ref. Egyh\u00e1zker\u00fclet f\u0151fel\u00fcgyel\u0151je, a Szent Istv\u00e1n rend k\u00f6z\u00e9pkereszt \u00e9s az I. o. [&hellip;]<\/p>\n","protected":false},"featured_media":0,"comment_status":"open","ping_status":"closed","template":"","meta":[],"product_brand":[],"product_cat":[137],"product_tag":[],"class_list":{"0":"post-22912","1":"product","2":"type-product","3":"status-publish","5":"product_cat-maros-megyei-eletrajzi-lexikon","7":"first","8":"instock","9":"shipping-taxable","10":"product-type-simple"},"_links":{"self":[{"href":"https:\/\/uj.adatbank.ro\/lexikon\/wp-json\/wp\/v2\/product\/22912","targetHints":{"allow":["GET"]}}],"collection":[{"href":"https:\/\/uj.adatbank.ro\/lexikon\/wp-json\/wp\/v2\/product"}],"about":[{"href":"https:\/\/uj.adatbank.ro\/lexikon\/wp-json\/wp\/v2\/types\/product"}],"replies":[{"embeddable":true,"href":"https:\/\/uj.adatbank.ro\/lexikon\/wp-json\/wp\/v2\/comments?post=22912"}],"wp:attachment":[{"href":"https:\/\/uj.adatbank.ro\/lexikon\/wp-json\/wp\/v2\/media?parent=22912"}],"wp:term":[{"taxonomy":"product_brand","embeddable":true,"href":"https:\/\/uj.adatbank.ro\/lexikon\/wp-json\/wp\/v2\/product_brand?post=22912"},{"taxonomy":"product_cat","embeddable":true,"href":"https:\/\/uj.adatbank.ro\/lexikon\/wp-json\/wp\/v2\/product_cat?post=22912"},{"taxonomy":"product_tag","embeddable":true,"href":"https:\/\/uj.adatbank.ro\/lexikon\/wp-json\/wp\/v2\/product_tag?post=22912"}],"curies":[{"name":"wp","href":"https:\/\/api.w.org\/{rel}","templated":true}]}}