{"id":22913,"date":"2025-08-01T17:05:23","date_gmt":"2025-08-01T15:05:23","guid":{"rendered":"https:\/\/uj.adatbank.ro\/lexikon\/termek\/teleki-zsofia-susi-vay-mihalyne\/"},"modified":"2025-08-01T17:05:23","modified_gmt":"2025-08-01T15:05:23","slug":"teleki-zsofia-susi-vay-mihalyne","status":"publish","type":"product","link":"https:\/\/uj.adatbank.ro\/lexikon\/termek\/teleki-zsofia-susi-vay-mihalyne\/","title":{"rendered":"TELEKI Zs\u00f3fia, Susi, Vay Mih\u00e1lyn\u00e9"},"content":{"rendered":"<p>? 1668, \u2020 ? 1685: T. Mih\u00e1ly \u00e9s Ve\u00e9r Judit l\u00e1nya, Vay Mih\u00e1ly feles\u00e9ge (1682). <br \/><strong>\u2013 Irod.:<\/strong> Teleki Mih\u00e1ly udvartart\u00e1si napl\u00f3ja (1673\u20131681) (Kv., 2007).<\/br><\/p>\n","protected":false},"excerpt":{"rendered":"<p>? 1668, \u2020 ? 1685: T. Mih\u00e1ly \u00e9s Ve\u00e9r Judit l\u00e1nya, Vay Mih\u00e1ly feles\u00e9ge (1682). \u2013 Irod.: Teleki Mih\u00e1ly udvartart\u00e1si napl\u00f3ja (1673\u20131681) (Kv., 2007).<\/p>\n","protected":false},"featured_media":0,"comment_status":"open","ping_status":"closed","template":"","meta":[],"product_brand":[],"product_cat":[137],"product_tag":[],"class_list":{"0":"post-22913","1":"product","2":"type-product","3":"status-publish","5":"product_cat-maros-megyei-eletrajzi-lexikon","7":"first","8":"instock","9":"shipping-taxable","10":"product-type-simple"},"_links":{"self":[{"href":"https:\/\/uj.adatbank.ro\/lexikon\/wp-json\/wp\/v2\/product\/22913","targetHints":{"allow":["GET"]}}],"collection":[{"href":"https:\/\/uj.adatbank.ro\/lexikon\/wp-json\/wp\/v2\/product"}],"about":[{"href":"https:\/\/uj.adatbank.ro\/lexikon\/wp-json\/wp\/v2\/types\/product"}],"replies":[{"embeddable":true,"href":"https:\/\/uj.adatbank.ro\/lexikon\/wp-json\/wp\/v2\/comments?post=22913"}],"wp:attachment":[{"href":"https:\/\/uj.adatbank.ro\/lexikon\/wp-json\/wp\/v2\/media?parent=22913"}],"wp:term":[{"taxonomy":"product_brand","embeddable":true,"href":"https:\/\/uj.adatbank.ro\/lexikon\/wp-json\/wp\/v2\/product_brand?post=22913"},{"taxonomy":"product_cat","embeddable":true,"href":"https:\/\/uj.adatbank.ro\/lexikon\/wp-json\/wp\/v2\/product_cat?post=22913"},{"taxonomy":"product_tag","embeddable":true,"href":"https:\/\/uj.adatbank.ro\/lexikon\/wp-json\/wp\/v2\/product_tag?post=22913"}],"curies":[{"name":"wp","href":"https:\/\/api.w.org\/{rel}","templated":true}]}}