{"id":22914,"date":"2025-08-01T17:05:26","date_gmt":"2025-08-01T15:05:26","guid":{"rendered":"https:\/\/uj.adatbank.ro\/lexikon\/termek\/teleki-zsuzsa-szeki-gr-kemeny-laszlone\/"},"modified":"2025-08-01T17:05:26","modified_gmt":"2025-08-01T15:05:26","slug":"teleki-zsuzsa-szeki-gr-kemeny-laszlone","status":"publish","type":"product","link":"https:\/\/uj.adatbank.ro\/lexikon\/termek\/teleki-zsuzsa-szeki-gr-kemeny-laszlone\/","title":{"rendered":"TELEKI Zsuzsa, sz\u00e9ki gr.; Kem\u00e9ny L\u00e1szl\u00f3n\u00e9"},"content":{"rendered":"<p>1712. febr. 12., \u2020 1762. j\u00fal. 24, temetve Csombordon a Kem\u00e9ny kript\u00e1ban, halotti c\u00edmere a kv.-i Farkas utcai ref. templomban: birtokos. \u2013 T. L\u00e1szl\u00f3 (1673\u20131714) \u00e9s Vay Anna (1683\u2013) l\u00e1nya. F\u00e9rje magyargyer\u0151monostori Kem\u00e9ny L\u00e1szl\u00f3 (1709\u20131774) gubern\u00e1tor, val\u00f3sz\u00edn\u0171leg \u0151 \u00e9p\u00edttette a mv.-i Kazinczy utcai Kem\u00e9ny h\u00e1zat. <br \/><strong>\u2013 Irod.:<\/strong> Bicsok\u2013Orb\u00e1n; Entz\u2013Kov\u00e1cs; Kelemen Lajos 2009; Nagy Iv\u00e1n.<\/br><\/p>\n","protected":false},"excerpt":{"rendered":"<p>1712. febr. 12., \u2020 1762. j\u00fal. 24, temetve Csombordon a Kem\u00e9ny kript\u00e1ban, halotti c\u00edmere a kv.-i Farkas utcai ref. templomban: birtokos. \u2013 T. L\u00e1szl\u00f3 (1673\u20131714) \u00e9s Vay Anna (1683\u2013) l\u00e1nya. F\u00e9rje magyargyer\u0151monostori Kem\u00e9ny L\u00e1szl\u00f3 (1709\u20131774) gubern\u00e1tor, val\u00f3sz\u00edn\u0171leg \u0151 \u00e9p\u00edttette a mv.-i Kazinczy utcai Kem\u00e9ny h\u00e1zat. \u2013 Irod.: Bicsok\u2013Orb\u00e1n; Entz\u2013Kov\u00e1cs; Kelemen Lajos 2009; Nagy Iv\u00e1n.<\/p>\n","protected":false},"featured_media":0,"comment_status":"open","ping_status":"closed","template":"","meta":[],"product_brand":[],"product_cat":[137],"product_tag":[],"class_list":{"0":"post-22914","1":"product","2":"type-product","3":"status-publish","5":"product_cat-maros-megyei-eletrajzi-lexikon","7":"first","8":"instock","9":"shipping-taxable","10":"product-type-simple"},"_links":{"self":[{"href":"https:\/\/uj.adatbank.ro\/lexikon\/wp-json\/wp\/v2\/product\/22914","targetHints":{"allow":["GET"]}}],"collection":[{"href":"https:\/\/uj.adatbank.ro\/lexikon\/wp-json\/wp\/v2\/product"}],"about":[{"href":"https:\/\/uj.adatbank.ro\/lexikon\/wp-json\/wp\/v2\/types\/product"}],"replies":[{"embeddable":true,"href":"https:\/\/uj.adatbank.ro\/lexikon\/wp-json\/wp\/v2\/comments?post=22914"}],"wp:attachment":[{"href":"https:\/\/uj.adatbank.ro\/lexikon\/wp-json\/wp\/v2\/media?parent=22914"}],"wp:term":[{"taxonomy":"product_brand","embeddable":true,"href":"https:\/\/uj.adatbank.ro\/lexikon\/wp-json\/wp\/v2\/product_brand?post=22914"},{"taxonomy":"product_cat","embeddable":true,"href":"https:\/\/uj.adatbank.ro\/lexikon\/wp-json\/wp\/v2\/product_cat?post=22914"},{"taxonomy":"product_tag","embeddable":true,"href":"https:\/\/uj.adatbank.ro\/lexikon\/wp-json\/wp\/v2\/product_tag?post=22914"}],"curies":[{"name":"wp","href":"https:\/\/api.w.org\/{rel}","templated":true}]}}