{"id":22915,"date":"2025-08-01T17:05:28","date_gmt":"2025-08-01T15:05:28","guid":{"rendered":"https:\/\/uj.adatbank.ro\/lexikon\/termek\/teleki-zsuzsa-szeki-gr-korda-gyorgyne\/"},"modified":"2025-08-01T17:05:28","modified_gmt":"2025-08-01T15:05:28","slug":"teleki-zsuzsa-szeki-gr-korda-gyorgyne","status":"publish","type":"product","link":"https:\/\/uj.adatbank.ro\/lexikon\/termek\/teleki-zsuzsa-szeki-gr-korda-gyorgyne\/","title":{"rendered":"TELEKI Zsuzsa, sz\u00e9ki gr.; Korda Gy\u00f6rgyn\u00e9"},"content":{"rendered":"<p>1722 \u2020 Szil\u00e1gycseh, 1768. m\u00e1rc. 13: birtokos. \u2013 T. \u00c1d\u00e1m (1703\u20131769) \u00e9s hadadi Wessel\u00e9nyi Zsuzsa (1712\u20131739) l\u00e1nya. F\u00e9rje borosjen\u0151i br. Korda Gy\u00f6rgy, aki Mv.-en polg\u00e1ri esk\u00fct tett (1768. dec. 16) h\u00e1za volt a r\u00e9gi Szent Mikl\u00f3s utc\u00e1ban. L\u00e1nya Zsuzsa \u2013 ikt\u00e1ri gr. Bethlen S\u00e1mueln\u00e9; Anna \u2013 B\u00e1nffy Elekn\u00e9, Tholdalagi L\u00e1szl\u00f3n\u00e9 (\u2020 1820). <br \/><strong>\u2013 Irod.:<\/strong> Entz\u2013Kov\u00e1cs; Gudenus; Kelemen Lajos 2006; Orb\u00e1n J\u00e1nos: T\u00e1blab\u00edr\u00e1k, f\u0151nemesek, pall\u00e9rok \u00e9s h\u00e1zak: V\u00e1rosk\u00e9p \u00e9s t\u00e1rsadalom v\u00e1ltoz\u00e1sai Mv.-en a Kir\u00e1lyi T\u00e1bla bek\u00f6lt\u00f6z\u00e9se ut\u00e1n [1754] = K\u00f6nyvek \u00e1ltal.<\/br><\/p>\n","protected":false},"excerpt":{"rendered":"<p>1722 \u2020 Szil\u00e1gycseh, 1768. m\u00e1rc. 13: birtokos. \u2013 T. \u00c1d\u00e1m (1703\u20131769) \u00e9s hadadi Wessel\u00e9nyi Zsuzsa (1712\u20131739) l\u00e1nya. F\u00e9rje borosjen\u0151i br. Korda Gy\u00f6rgy, aki Mv.-en polg\u00e1ri esk\u00fct tett (1768. dec. 16) h\u00e1za volt a r\u00e9gi Szent Mikl\u00f3s utc\u00e1ban. L\u00e1nya Zsuzsa \u2013 ikt\u00e1ri gr. Bethlen S\u00e1mueln\u00e9; Anna \u2013 B\u00e1nffy Elekn\u00e9, Tholdalagi L\u00e1szl\u00f3n\u00e9 (\u2020 1820). \u2013 Irod.: Entz\u2013Kov\u00e1cs; [&hellip;]<\/p>\n","protected":false},"featured_media":0,"comment_status":"open","ping_status":"closed","template":"","meta":[],"product_brand":[],"product_cat":[137],"product_tag":[],"class_list":{"0":"post-22915","1":"product","2":"type-product","3":"status-publish","5":"product_cat-maros-megyei-eletrajzi-lexikon","7":"first","8":"instock","9":"shipping-taxable","10":"product-type-simple"},"_links":{"self":[{"href":"https:\/\/uj.adatbank.ro\/lexikon\/wp-json\/wp\/v2\/product\/22915","targetHints":{"allow":["GET"]}}],"collection":[{"href":"https:\/\/uj.adatbank.ro\/lexikon\/wp-json\/wp\/v2\/product"}],"about":[{"href":"https:\/\/uj.adatbank.ro\/lexikon\/wp-json\/wp\/v2\/types\/product"}],"replies":[{"embeddable":true,"href":"https:\/\/uj.adatbank.ro\/lexikon\/wp-json\/wp\/v2\/comments?post=22915"}],"wp:attachment":[{"href":"https:\/\/uj.adatbank.ro\/lexikon\/wp-json\/wp\/v2\/media?parent=22915"}],"wp:term":[{"taxonomy":"product_brand","embeddable":true,"href":"https:\/\/uj.adatbank.ro\/lexikon\/wp-json\/wp\/v2\/product_brand?post=22915"},{"taxonomy":"product_cat","embeddable":true,"href":"https:\/\/uj.adatbank.ro\/lexikon\/wp-json\/wp\/v2\/product_cat?post=22915"},{"taxonomy":"product_tag","embeddable":true,"href":"https:\/\/uj.adatbank.ro\/lexikon\/wp-json\/wp\/v2\/product_tag?post=22915"}],"curies":[{"name":"wp","href":"https:\/\/api.w.org\/{rel}","templated":true}]}}