{"id":22919,"date":"2025-08-01T17:05:38","date_gmt":"2025-08-01T15:05:38","guid":{"rendered":"https:\/\/uj.adatbank.ro\/lexikon\/termek\/teleky-levente\/"},"modified":"2025-08-01T17:05:38","modified_gmt":"2025-08-01T15:05:38","slug":"teleky-levente","status":"publish","type":"product","link":"https:\/\/uj.adatbank.ro\/lexikon\/termek\/teleky-levente\/","title":{"rendered":"TELEKY Levente"},"content":{"rendered":"<p>1935, \u2020 Mv., 1974: orvos. \u2013 A MOGYI orvosi kar\u00e1n v\u00e9gzett (1960). K\u00f6rzeti orvos volt Mez\u0151cekeden. <br \/><strong>\u2013 Irod.:<\/strong> Kiss\u2013P\u00e9terffy\u2013P\u00e9terffy.<\/br><\/p>\n","protected":false},"excerpt":{"rendered":"<p>1935, \u2020 Mv., 1974: orvos. \u2013 A MOGYI orvosi kar\u00e1n v\u00e9gzett (1960). K\u00f6rzeti orvos volt Mez\u0151cekeden. \u2013 Irod.: Kiss\u2013P\u00e9terffy\u2013P\u00e9terffy.<\/p>\n","protected":false},"featured_media":0,"comment_status":"open","ping_status":"closed","template":"","meta":[],"product_brand":[],"product_cat":[137],"product_tag":[],"class_list":{"0":"post-22919","1":"product","2":"type-product","3":"status-publish","5":"product_cat-maros-megyei-eletrajzi-lexikon","7":"first","8":"instock","9":"shipping-taxable","10":"product-type-simple"},"_links":{"self":[{"href":"https:\/\/uj.adatbank.ro\/lexikon\/wp-json\/wp\/v2\/product\/22919","targetHints":{"allow":["GET"]}}],"collection":[{"href":"https:\/\/uj.adatbank.ro\/lexikon\/wp-json\/wp\/v2\/product"}],"about":[{"href":"https:\/\/uj.adatbank.ro\/lexikon\/wp-json\/wp\/v2\/types\/product"}],"replies":[{"embeddable":true,"href":"https:\/\/uj.adatbank.ro\/lexikon\/wp-json\/wp\/v2\/comments?post=22919"}],"wp:attachment":[{"href":"https:\/\/uj.adatbank.ro\/lexikon\/wp-json\/wp\/v2\/media?parent=22919"}],"wp:term":[{"taxonomy":"product_brand","embeddable":true,"href":"https:\/\/uj.adatbank.ro\/lexikon\/wp-json\/wp\/v2\/product_brand?post=22919"},{"taxonomy":"product_cat","embeddable":true,"href":"https:\/\/uj.adatbank.ro\/lexikon\/wp-json\/wp\/v2\/product_cat?post=22919"},{"taxonomy":"product_tag","embeddable":true,"href":"https:\/\/uj.adatbank.ro\/lexikon\/wp-json\/wp\/v2\/product_tag?post=22919"}],"curies":[{"name":"wp","href":"https:\/\/api.w.org\/{rel}","templated":true}]}}