{"id":22921,"date":"2025-08-01T17:05:42","date_gmt":"2025-08-01T15:05:42","guid":{"rendered":"https:\/\/uj.adatbank.ro\/lexikon\/termek\/tellman-stephanus\/"},"modified":"2025-08-01T17:05:42","modified_gmt":"2025-08-01T15:05:42","slug":"tellman-stephanus","status":"publish","type":"product","link":"https:\/\/uj.adatbank.ro\/lexikon\/termek\/tellman-stephanus\/","title":{"rendered":"TELLMAN, Stephanus"},"content":{"rendered":"<p>Segesv\u00e1r, 1774? \u2020 ?: seb\u00e9sz. \u2013 Pesten a seb\u00e9szeti karon szigorlatozott, esk\u00fct tett \u00e9s oklevelet kapott (1804. szept. 8.). <br \/><strong>\u2013 Irod.:<\/strong> Szab\u00f3 Mikl\u00f3s 2005.<\/br><\/p>\n","protected":false},"excerpt":{"rendered":"<p>Segesv\u00e1r, 1774? \u2020 ?: seb\u00e9sz. \u2013 Pesten a seb\u00e9szeti karon szigorlatozott, esk\u00fct tett \u00e9s oklevelet kapott (1804. szept. 8.). \u2013 Irod.: Szab\u00f3 Mikl\u00f3s 2005.<\/p>\n","protected":false},"featured_media":0,"comment_status":"open","ping_status":"closed","template":"","meta":[],"product_brand":[],"product_cat":[137],"product_tag":[],"class_list":{"0":"post-22921","1":"product","2":"type-product","3":"status-publish","5":"product_cat-maros-megyei-eletrajzi-lexikon","7":"first","8":"instock","9":"shipping-taxable","10":"product-type-simple"},"_links":{"self":[{"href":"https:\/\/uj.adatbank.ro\/lexikon\/wp-json\/wp\/v2\/product\/22921","targetHints":{"allow":["GET"]}}],"collection":[{"href":"https:\/\/uj.adatbank.ro\/lexikon\/wp-json\/wp\/v2\/product"}],"about":[{"href":"https:\/\/uj.adatbank.ro\/lexikon\/wp-json\/wp\/v2\/types\/product"}],"replies":[{"embeddable":true,"href":"https:\/\/uj.adatbank.ro\/lexikon\/wp-json\/wp\/v2\/comments?post=22921"}],"wp:attachment":[{"href":"https:\/\/uj.adatbank.ro\/lexikon\/wp-json\/wp\/v2\/media?parent=22921"}],"wp:term":[{"taxonomy":"product_brand","embeddable":true,"href":"https:\/\/uj.adatbank.ro\/lexikon\/wp-json\/wp\/v2\/product_brand?post=22921"},{"taxonomy":"product_cat","embeddable":true,"href":"https:\/\/uj.adatbank.ro\/lexikon\/wp-json\/wp\/v2\/product_cat?post=22921"},{"taxonomy":"product_tag","embeddable":true,"href":"https:\/\/uj.adatbank.ro\/lexikon\/wp-json\/wp\/v2\/product_tag?post=22921"}],"curies":[{"name":"wp","href":"https:\/\/api.w.org\/{rel}","templated":true}]}}