{"id":22924,"date":"2025-08-01T17:05:51","date_gmt":"2025-08-01T15:05:51","guid":{"rendered":"https:\/\/uj.adatbank.ro\/lexikon\/termek\/tellmann-jozsef\/"},"modified":"2025-08-01T17:05:51","modified_gmt":"2025-08-01T15:05:51","slug":"tellmann-jozsef","status":"publish","type":"product","link":"https:\/\/uj.adatbank.ro\/lexikon\/termek\/tellmann-jozsef\/","title":{"rendered":"TELLMANN J\u00f3zsef"},"content":{"rendered":"<p>? \u2020 ? (1896-ban m\u00e1r nem \u00e9lt.): keresked\u0151. \u2013 Feles\u00e9ge: G\u00e1sp\u00e1r Ter\u00e9z. Gyermekeik: K\u00e1roly; Boriska (1888? \u2013 Mv., 1896. febr. 22.) \u2013 Virilista Mv.-en (1888). <br \/><strong>\u2013 Irod.:<\/strong> Gy\u00e1szjelent\u0151, Id\u0151t\u00e1r 2.<\/br><\/p>\n","protected":false},"excerpt":{"rendered":"<p>? \u2020 ? (1896-ban m\u00e1r nem \u00e9lt.): keresked\u0151. \u2013 Feles\u00e9ge: G\u00e1sp\u00e1r Ter\u00e9z. Gyermekeik: K\u00e1roly; Boriska (1888? \u2013 Mv., 1896. febr. 22.) \u2013 Virilista Mv.-en (1888). \u2013 Irod.: Gy\u00e1szjelent\u0151, Id\u0151t\u00e1r 2.<\/p>\n","protected":false},"featured_media":0,"comment_status":"open","ping_status":"closed","template":"","meta":[],"product_brand":[],"product_cat":[137],"product_tag":[],"class_list":{"0":"post-22924","1":"product","2":"type-product","3":"status-publish","5":"product_cat-maros-megyei-eletrajzi-lexikon","7":"first","8":"instock","9":"shipping-taxable","10":"product-type-simple"},"_links":{"self":[{"href":"https:\/\/uj.adatbank.ro\/lexikon\/wp-json\/wp\/v2\/product\/22924","targetHints":{"allow":["GET"]}}],"collection":[{"href":"https:\/\/uj.adatbank.ro\/lexikon\/wp-json\/wp\/v2\/product"}],"about":[{"href":"https:\/\/uj.adatbank.ro\/lexikon\/wp-json\/wp\/v2\/types\/product"}],"replies":[{"embeddable":true,"href":"https:\/\/uj.adatbank.ro\/lexikon\/wp-json\/wp\/v2\/comments?post=22924"}],"wp:attachment":[{"href":"https:\/\/uj.adatbank.ro\/lexikon\/wp-json\/wp\/v2\/media?parent=22924"}],"wp:term":[{"taxonomy":"product_brand","embeddable":true,"href":"https:\/\/uj.adatbank.ro\/lexikon\/wp-json\/wp\/v2\/product_brand?post=22924"},{"taxonomy":"product_cat","embeddable":true,"href":"https:\/\/uj.adatbank.ro\/lexikon\/wp-json\/wp\/v2\/product_cat?post=22924"},{"taxonomy":"product_tag","embeddable":true,"href":"https:\/\/uj.adatbank.ro\/lexikon\/wp-json\/wp\/v2\/product_tag?post=22924"}],"curies":[{"name":"wp","href":"https:\/\/api.w.org\/{rel}","templated":true}]}}