{"id":22925,"date":"2025-08-01T17:05:53","date_gmt":"2025-08-01T15:05:53","guid":{"rendered":"https:\/\/uj.adatbank.ro\/lexikon\/termek\/temesvari-mihaly\/"},"modified":"2025-08-01T17:05:53","modified_gmt":"2025-08-01T15:05:53","slug":"temesvari-mihaly","status":"publish","type":"product","link":"https:\/\/uj.adatbank.ro\/lexikon\/termek\/temesvari-mihaly\/","title":{"rendered":"TEMESV\u00c1RI Mih\u00e1ly"},"content":{"rendered":"<p>Mv., ? \u2020 ?: k\u00f6nyvkeresked\u0151. \u2013 K\u00f6nyv- \u00e9s pap\u00edrkeresked\u0151 Mv.-en a Sz\u00e9chenyi t\u00e9ren (1889\u2013). A bolt helyi kiadv\u00e1nyokat \u00e9s h\u00edrlapokat is \u00e1rus\u00edtott. T\u0151le sz\u00e1rmazik az eddig ismert egyetlen mv.-i k\u0151lenyomatos mozaiklap, 1898. j\u00fal.-ban adt\u00e1k post\u00e1ra <br \/><strong>\u2013 Irod.:<\/strong> Csepreghy; Id\u0151t\u00e1r 2.<\/br><\/p>\n","protected":false},"excerpt":{"rendered":"<p>Mv., ? \u2020 ?: k\u00f6nyvkeresked\u0151. \u2013 K\u00f6nyv- \u00e9s pap\u00edrkeresked\u0151 Mv.-en a Sz\u00e9chenyi t\u00e9ren (1889\u2013). A bolt helyi kiadv\u00e1nyokat \u00e9s h\u00edrlapokat is \u00e1rus\u00edtott. T\u0151le sz\u00e1rmazik az eddig ismert egyetlen mv.-i k\u0151lenyomatos mozaiklap, 1898. j\u00fal.-ban adt\u00e1k post\u00e1ra \u2013 Irod.: Csepreghy; Id\u0151t\u00e1r 2.<\/p>\n","protected":false},"featured_media":0,"comment_status":"open","ping_status":"closed","template":"","meta":[],"product_brand":[],"product_cat":[137],"product_tag":[],"class_list":{"0":"post-22925","1":"product","2":"type-product","3":"status-publish","5":"product_cat-maros-megyei-eletrajzi-lexikon","7":"first","8":"instock","9":"shipping-taxable","10":"product-type-simple"},"_links":{"self":[{"href":"https:\/\/uj.adatbank.ro\/lexikon\/wp-json\/wp\/v2\/product\/22925","targetHints":{"allow":["GET"]}}],"collection":[{"href":"https:\/\/uj.adatbank.ro\/lexikon\/wp-json\/wp\/v2\/product"}],"about":[{"href":"https:\/\/uj.adatbank.ro\/lexikon\/wp-json\/wp\/v2\/types\/product"}],"replies":[{"embeddable":true,"href":"https:\/\/uj.adatbank.ro\/lexikon\/wp-json\/wp\/v2\/comments?post=22925"}],"wp:attachment":[{"href":"https:\/\/uj.adatbank.ro\/lexikon\/wp-json\/wp\/v2\/media?parent=22925"}],"wp:term":[{"taxonomy":"product_brand","embeddable":true,"href":"https:\/\/uj.adatbank.ro\/lexikon\/wp-json\/wp\/v2\/product_brand?post=22925"},{"taxonomy":"product_cat","embeddable":true,"href":"https:\/\/uj.adatbank.ro\/lexikon\/wp-json\/wp\/v2\/product_cat?post=22925"},{"taxonomy":"product_tag","embeddable":true,"href":"https:\/\/uj.adatbank.ro\/lexikon\/wp-json\/wp\/v2\/product_tag?post=22925"}],"curies":[{"name":"wp","href":"https:\/\/api.w.org\/{rel}","templated":true}]}}