{"id":22930,"date":"2025-08-01T17:06:04","date_gmt":"2025-08-01T15:06:04","guid":{"rendered":"https:\/\/uj.adatbank.ro\/lexikon\/termek\/teodorascu-ana\/"},"modified":"2025-08-01T17:06:04","modified_gmt":"2025-08-01T15:06:04","slug":"teodorascu-ana","status":"publish","type":"product","link":"https:\/\/uj.adatbank.ro\/lexikon\/termek\/teodorascu-ana\/","title":{"rendered":"TEODORA\u015eCU, Ana"},"content":{"rendered":"<p>Alf\u00fcged (Feh\u00e9r), 1911., \u2020 ?: mat.-fiz. tan\u00e1r. \u2013 Tan\u00edtott Ny\u00e1r\u00e1dszered\u00e1ban. \u00c9ltan\u00e1r (Prof. Frunta\u015f), valamint \u00c9lenj\u00e1r\u00f3 a Falugazd\u00e1lkod\u00e1sban (Frunta\u015f \u00een gospod\u0103ria satului) kit\u00fcntet\u00e9st kapott. <br \/><strong>\u2013 Irod.:<\/strong> Omagiu.<\/br><\/p>\n","protected":false},"excerpt":{"rendered":"<p>Alf\u00fcged (Feh\u00e9r), 1911., \u2020 ?: mat.-fiz. tan\u00e1r. \u2013 Tan\u00edtott Ny\u00e1r\u00e1dszered\u00e1ban. \u00c9ltan\u00e1r (Prof. Frunta\u015f), valamint \u00c9lenj\u00e1r\u00f3 a Falugazd\u00e1lkod\u00e1sban (Frunta\u015f \u00een gospod\u0103ria satului) kit\u00fcntet\u00e9st kapott. \u2013 Irod.: Omagiu.<\/p>\n","protected":false},"featured_media":0,"comment_status":"open","ping_status":"closed","template":"","meta":[],"product_brand":[],"product_cat":[137],"product_tag":[],"class_list":{"0":"post-22930","1":"product","2":"type-product","3":"status-publish","5":"product_cat-maros-megyei-eletrajzi-lexikon","7":"first","8":"instock","9":"shipping-taxable","10":"product-type-simple"},"_links":{"self":[{"href":"https:\/\/uj.adatbank.ro\/lexikon\/wp-json\/wp\/v2\/product\/22930","targetHints":{"allow":["GET"]}}],"collection":[{"href":"https:\/\/uj.adatbank.ro\/lexikon\/wp-json\/wp\/v2\/product"}],"about":[{"href":"https:\/\/uj.adatbank.ro\/lexikon\/wp-json\/wp\/v2\/types\/product"}],"replies":[{"embeddable":true,"href":"https:\/\/uj.adatbank.ro\/lexikon\/wp-json\/wp\/v2\/comments?post=22930"}],"wp:attachment":[{"href":"https:\/\/uj.adatbank.ro\/lexikon\/wp-json\/wp\/v2\/media?parent=22930"}],"wp:term":[{"taxonomy":"product_brand","embeddable":true,"href":"https:\/\/uj.adatbank.ro\/lexikon\/wp-json\/wp\/v2\/product_brand?post=22930"},{"taxonomy":"product_cat","embeddable":true,"href":"https:\/\/uj.adatbank.ro\/lexikon\/wp-json\/wp\/v2\/product_cat?post=22930"},{"taxonomy":"product_tag","embeddable":true,"href":"https:\/\/uj.adatbank.ro\/lexikon\/wp-json\/wp\/v2\/product_tag?post=22930"}],"curies":[{"name":"wp","href":"https:\/\/api.w.org\/{rel}","templated":true}]}}