{"id":22934,"date":"2025-08-01T17:06:15","date_gmt":"2025-08-01T15:06:15","guid":{"rendered":"https:\/\/uj.adatbank.ro\/lexikon\/termek\/teplanszy-emil\/"},"modified":"2025-08-01T17:06:15","modified_gmt":"2025-08-01T15:06:15","slug":"teplanszy-emil","status":"publish","type":"product","link":"https:\/\/uj.adatbank.ro\/lexikon\/termek\/teplanszy-emil\/","title":{"rendered":"TEPL\u00c1NSZY Emil"},"content":{"rendered":"<p>? \u2020 ?: f\u00f6ldbirtokos, v\u00e1llalkoz\u00f3. \u2013 A g\u00f6rg\u00e9nyi \u00e1llami erd\u0151hivatal a ratosnyai Goldfinger \u00e9s Tepl\u00e1nszky c\u00e9ggel \u00e1llt \u00fczleti kapcsolatban (1913-ig), l\u00e1bon, holdank\u00e9nt vett\u00e9k meg az erd\u0151t (1885-ig.). A c\u00e9g, a kincst\u00e1ri erd\u0151ket b\u00e9relte, haszn\u00e1lta a Sz\u00e1szr\u00e9gen\u2013Laposnya k\u00f6z\u00f6tti keskenynyomt\u00e1v\u00fa vasutat is (amit 1905-t\u0151l adtak forgalomba). Korszer\u0171 b\u00fckk f\u0171r\u00e9sz\u00fczemet l\u00e9tes\u00edtett (1905), ezzel a b\u00fckk ipari feldolgoz\u00e1sa ter\u00e9n \u00fatt\u00f6r\u0151 munk\u00e1t v\u00e9gzett. C\u00e9gjegyezt\u00e9k a Ratosnyai B\u00fckkipari Rt.-t Sz\u00e1szr\u00e9gen sz\u00e9khellyel (1912. j\u00fan. 10.) \u00e9s m\u00f3dos\u00edtott\u00e1k: Ratosnyai B\u00fckkipari T\u00e1rsas\u00e1g Tepl\u00e1nszky Emil \u00e9s T\u00e1rsa c.-mel (1914\u2013). \u2013 Maros megy\u00e9ben volt 2270 hold birtoka, aminek egy r\u00e9sz\u00e9t (14,40 %-\u00e1t) kisaj\u00e1t\u00edtotta a rom\u00e1n \u00e1llam az imp\u00e9riumv\u00e1ltoz\u00e1s ut\u00e1n, a f\u00f6ldreformmal (1921). <br \/><strong>\u2013 Irod.:<\/strong> K\u00e1d\u00e1r\u2013P\u00e1l-Antal; Pan\u0103.<\/br><\/p>\n","protected":false},"excerpt":{"rendered":"<p>? \u2020 ?: f\u00f6ldbirtokos, v\u00e1llalkoz\u00f3. \u2013 A g\u00f6rg\u00e9nyi \u00e1llami erd\u0151hivatal a ratosnyai Goldfinger \u00e9s Tepl\u00e1nszky c\u00e9ggel \u00e1llt \u00fczleti kapcsolatban (1913-ig), l\u00e1bon, holdank\u00e9nt vett\u00e9k meg az erd\u0151t (1885-ig.). A c\u00e9g, a kincst\u00e1ri erd\u0151ket b\u00e9relte, haszn\u00e1lta a Sz\u00e1szr\u00e9gen\u2013Laposnya k\u00f6z\u00f6tti keskenynyomt\u00e1v\u00fa vasutat is (amit 1905-t\u0151l adtak forgalomba). Korszer\u0171 b\u00fckk f\u0171r\u00e9sz\u00fczemet l\u00e9tes\u00edtett (1905), ezzel a b\u00fckk ipari feldolgoz\u00e1sa ter\u00e9n [&hellip;]<\/p>\n","protected":false},"featured_media":0,"comment_status":"open","ping_status":"closed","template":"","meta":[],"product_brand":[],"product_cat":[137],"product_tag":[],"class_list":{"0":"post-22934","1":"product","2":"type-product","3":"status-publish","5":"product_cat-maros-megyei-eletrajzi-lexikon","7":"first","8":"instock","9":"shipping-taxable","10":"product-type-simple"},"_links":{"self":[{"href":"https:\/\/uj.adatbank.ro\/lexikon\/wp-json\/wp\/v2\/product\/22934","targetHints":{"allow":["GET"]}}],"collection":[{"href":"https:\/\/uj.adatbank.ro\/lexikon\/wp-json\/wp\/v2\/product"}],"about":[{"href":"https:\/\/uj.adatbank.ro\/lexikon\/wp-json\/wp\/v2\/types\/product"}],"replies":[{"embeddable":true,"href":"https:\/\/uj.adatbank.ro\/lexikon\/wp-json\/wp\/v2\/comments?post=22934"}],"wp:attachment":[{"href":"https:\/\/uj.adatbank.ro\/lexikon\/wp-json\/wp\/v2\/media?parent=22934"}],"wp:term":[{"taxonomy":"product_brand","embeddable":true,"href":"https:\/\/uj.adatbank.ro\/lexikon\/wp-json\/wp\/v2\/product_brand?post=22934"},{"taxonomy":"product_cat","embeddable":true,"href":"https:\/\/uj.adatbank.ro\/lexikon\/wp-json\/wp\/v2\/product_cat?post=22934"},{"taxonomy":"product_tag","embeddable":true,"href":"https:\/\/uj.adatbank.ro\/lexikon\/wp-json\/wp\/v2\/product_tag?post=22934"}],"curies":[{"name":"wp","href":"https:\/\/api.w.org\/{rel}","templated":true}]}}