{"id":22935,"date":"2025-08-01T17:06:18","date_gmt":"2025-08-01T15:06:18","guid":{"rendered":"https:\/\/uj.adatbank.ro\/lexikon\/termek\/teplanszy-miklos\/"},"modified":"2025-08-01T17:06:18","modified_gmt":"2025-08-01T15:06:18","slug":"teplanszy-miklos","status":"publish","type":"product","link":"https:\/\/uj.adatbank.ro\/lexikon\/termek\/teplanszy-miklos\/","title":{"rendered":"TEPL\u00c1NSZY Mikl\u00f3s"},"content":{"rendered":"<p>? \u2020 ?: v\u00e1llalkoz\u00f3. \u2013 Tepl\u00e1nszky Fiv\u00e9rek faipari c\u00e9g\u00fck volt. A nev\u00e9hez \u00e9s Diamanstein Mih\u00e1lynak, Mild Adolfnak a nev\u00e9hez f\u0171z\u0151dik a sz\u00e1szr\u00e9geni hangszerm\u0171hely beind\u00edt\u00e1sa (1951). <br \/><strong>\u2013 Irod.:<\/strong> B\u00edr\u00f3 Don\u00e1t; Id\u0151t\u00e1r 3.<\/br><\/p>\n","protected":false},"excerpt":{"rendered":"<p>? \u2020 ?: v\u00e1llalkoz\u00f3. \u2013 Tepl\u00e1nszky Fiv\u00e9rek faipari c\u00e9g\u00fck volt. A nev\u00e9hez \u00e9s Diamanstein Mih\u00e1lynak, Mild Adolfnak a nev\u00e9hez f\u0171z\u0151dik a sz\u00e1szr\u00e9geni hangszerm\u0171hely beind\u00edt\u00e1sa (1951). \u2013 Irod.: B\u00edr\u00f3 Don\u00e1t; Id\u0151t\u00e1r 3.<\/p>\n","protected":false},"featured_media":0,"comment_status":"open","ping_status":"closed","template":"","meta":[],"product_brand":[],"product_cat":[137],"product_tag":[],"class_list":{"0":"post-22935","1":"product","2":"type-product","3":"status-publish","5":"product_cat-maros-megyei-eletrajzi-lexikon","7":"first","8":"instock","9":"shipping-taxable","10":"product-type-simple"},"_links":{"self":[{"href":"https:\/\/uj.adatbank.ro\/lexikon\/wp-json\/wp\/v2\/product\/22935","targetHints":{"allow":["GET"]}}],"collection":[{"href":"https:\/\/uj.adatbank.ro\/lexikon\/wp-json\/wp\/v2\/product"}],"about":[{"href":"https:\/\/uj.adatbank.ro\/lexikon\/wp-json\/wp\/v2\/types\/product"}],"replies":[{"embeddable":true,"href":"https:\/\/uj.adatbank.ro\/lexikon\/wp-json\/wp\/v2\/comments?post=22935"}],"wp:attachment":[{"href":"https:\/\/uj.adatbank.ro\/lexikon\/wp-json\/wp\/v2\/media?parent=22935"}],"wp:term":[{"taxonomy":"product_brand","embeddable":true,"href":"https:\/\/uj.adatbank.ro\/lexikon\/wp-json\/wp\/v2\/product_brand?post=22935"},{"taxonomy":"product_cat","embeddable":true,"href":"https:\/\/uj.adatbank.ro\/lexikon\/wp-json\/wp\/v2\/product_cat?post=22935"},{"taxonomy":"product_tag","embeddable":true,"href":"https:\/\/uj.adatbank.ro\/lexikon\/wp-json\/wp\/v2\/product_tag?post=22935"}],"curies":[{"name":"wp","href":"https:\/\/api.w.org\/{rel}","templated":true}]}}