{"id":22937,"date":"2025-08-01T17:06:23","date_gmt":"2025-08-01T15:06:23","guid":{"rendered":"https:\/\/uj.adatbank.ro\/lexikon\/termek\/terenyi\/"},"modified":"2025-08-01T17:06:23","modified_gmt":"2025-08-01T15:06:23","slug":"terenyi","status":"publish","type":"product","link":"https:\/\/uj.adatbank.ro\/lexikon\/termek\/terenyi\/","title":{"rendered":"TER\u00c9NYI"},"content":{"rendered":"<p>? \u2020 ?: ezredes, a hadapr\u00f3diskola parancsnoka. \u2013 Demokrata ember volt. Egy zsid\u00f3 m\u00e9rn\u00f6k ismer\u0151s\u00e9t tiszti ruh\u00e1ban vitte mag\u00e1val N\u00e9metorsz\u00e1gig. Csak ott jelentett\u00e9k fel. Nem is mert haza j\u00f6nni. <br \/><strong>\u2013 Irod.:<\/strong> Sipos.<\/br><\/p>\n","protected":false},"excerpt":{"rendered":"<p>? \u2020 ?: ezredes, a hadapr\u00f3diskola parancsnoka. \u2013 Demokrata ember volt. Egy zsid\u00f3 m\u00e9rn\u00f6k ismer\u0151s\u00e9t tiszti ruh\u00e1ban vitte mag\u00e1val N\u00e9metorsz\u00e1gig. Csak ott jelentett\u00e9k fel. Nem is mert haza j\u00f6nni. \u2013 Irod.: Sipos.<\/p>\n","protected":false},"featured_media":0,"comment_status":"open","ping_status":"closed","template":"","meta":[],"product_brand":[],"product_cat":[137],"product_tag":[],"class_list":{"0":"post-22937","1":"product","2":"type-product","3":"status-publish","5":"product_cat-maros-megyei-eletrajzi-lexikon","7":"first","8":"instock","9":"shipping-taxable","10":"product-type-simple"},"_links":{"self":[{"href":"https:\/\/uj.adatbank.ro\/lexikon\/wp-json\/wp\/v2\/product\/22937","targetHints":{"allow":["GET"]}}],"collection":[{"href":"https:\/\/uj.adatbank.ro\/lexikon\/wp-json\/wp\/v2\/product"}],"about":[{"href":"https:\/\/uj.adatbank.ro\/lexikon\/wp-json\/wp\/v2\/types\/product"}],"replies":[{"embeddable":true,"href":"https:\/\/uj.adatbank.ro\/lexikon\/wp-json\/wp\/v2\/comments?post=22937"}],"wp:attachment":[{"href":"https:\/\/uj.adatbank.ro\/lexikon\/wp-json\/wp\/v2\/media?parent=22937"}],"wp:term":[{"taxonomy":"product_brand","embeddable":true,"href":"https:\/\/uj.adatbank.ro\/lexikon\/wp-json\/wp\/v2\/product_brand?post=22937"},{"taxonomy":"product_cat","embeddable":true,"href":"https:\/\/uj.adatbank.ro\/lexikon\/wp-json\/wp\/v2\/product_cat?post=22937"},{"taxonomy":"product_tag","embeddable":true,"href":"https:\/\/uj.adatbank.ro\/lexikon\/wp-json\/wp\/v2\/product_tag?post=22937"}],"curies":[{"name":"wp","href":"https:\/\/api.w.org\/{rel}","templated":true}]}}