{"id":22938,"date":"2025-08-01T17:06:25","date_gmt":"2025-08-01T15:06:25","guid":{"rendered":"https:\/\/uj.adatbank.ro\/lexikon\/termek\/terenyi-ede\/"},"modified":"2025-08-01T17:06:25","modified_gmt":"2025-08-01T15:06:25","slug":"terenyi-ede","status":"publish","type":"product","link":"https:\/\/uj.adatbank.ro\/lexikon\/termek\/terenyi-ede\/","title":{"rendered":"TER\u00c9NYI Ede"},"content":{"rendered":"<p>? \u2020 ?: cukr\u00e1sz. \u2013 Nagy s\u00fctem\u00e9ny \u00e9s fagylalt v\u00e1laszt\u00e9ka volt a mv.-i (1912; Sz\u00e9chenyi t\u00e9r 11.) cukr\u00e1szd\u00e1j\u00e1ban. K\u00e9sz\u00edtett \u00e9s rendel\u00e9sre sz\u00e1ll\u00edtott aszpikos halakat. Libam\u00e1j-, csirke-, r\u00e1k-, vel\u0151- \u00e9s nyelvp\u00e1st\u00e9tomokat, sonka \u00e9s hideg felv\u00e1gottakat aszpikban. <br \/><strong>\u2013 Irod.:<\/strong> Szentgy\u00f6rgyi.<\/br><\/p>\n","protected":false},"excerpt":{"rendered":"<p>? \u2020 ?: cukr\u00e1sz. \u2013 Nagy s\u00fctem\u00e9ny \u00e9s fagylalt v\u00e1laszt\u00e9ka volt a mv.-i (1912; Sz\u00e9chenyi t\u00e9r 11.) cukr\u00e1szd\u00e1j\u00e1ban. K\u00e9sz\u00edtett \u00e9s rendel\u00e9sre sz\u00e1ll\u00edtott aszpikos halakat. Libam\u00e1j-, csirke-, r\u00e1k-, vel\u0151- \u00e9s nyelvp\u00e1st\u00e9tomokat, sonka \u00e9s hideg felv\u00e1gottakat aszpikban. \u2013 Irod.: Szentgy\u00f6rgyi.<\/p>\n","protected":false},"featured_media":0,"comment_status":"open","ping_status":"closed","template":"","meta":[],"product_brand":[],"product_cat":[137],"product_tag":[],"class_list":{"0":"post-22938","1":"product","2":"type-product","3":"status-publish","5":"product_cat-maros-megyei-eletrajzi-lexikon","7":"first","8":"instock","9":"shipping-taxable","10":"product-type-simple"},"_links":{"self":[{"href":"https:\/\/uj.adatbank.ro\/lexikon\/wp-json\/wp\/v2\/product\/22938","targetHints":{"allow":["GET"]}}],"collection":[{"href":"https:\/\/uj.adatbank.ro\/lexikon\/wp-json\/wp\/v2\/product"}],"about":[{"href":"https:\/\/uj.adatbank.ro\/lexikon\/wp-json\/wp\/v2\/types\/product"}],"replies":[{"embeddable":true,"href":"https:\/\/uj.adatbank.ro\/lexikon\/wp-json\/wp\/v2\/comments?post=22938"}],"wp:attachment":[{"href":"https:\/\/uj.adatbank.ro\/lexikon\/wp-json\/wp\/v2\/media?parent=22938"}],"wp:term":[{"taxonomy":"product_brand","embeddable":true,"href":"https:\/\/uj.adatbank.ro\/lexikon\/wp-json\/wp\/v2\/product_brand?post=22938"},{"taxonomy":"product_cat","embeddable":true,"href":"https:\/\/uj.adatbank.ro\/lexikon\/wp-json\/wp\/v2\/product_cat?post=22938"},{"taxonomy":"product_tag","embeddable":true,"href":"https:\/\/uj.adatbank.ro\/lexikon\/wp-json\/wp\/v2\/product_tag?post=22938"}],"curies":[{"name":"wp","href":"https:\/\/api.w.org\/{rel}","templated":true}]}}