{"id":22941,"date":"2025-08-01T17:06:33","date_gmt":"2025-08-01T15:06:33","guid":{"rendered":"https:\/\/uj.adatbank.ro\/lexikon\/termek\/ternoveanu-a\/"},"modified":"2025-08-01T17:06:33","modified_gmt":"2025-08-01T15:06:33","slug":"ternoveanu-a","status":"publish","type":"product","link":"https:\/\/uj.adatbank.ro\/lexikon\/termek\/ternoveanu-a\/","title":{"rendered":"TERNOVEANU, A."},"content":{"rendered":"<p>? \u2020 ?: G\u00f6rg\u00e9nyhod\u00e1k g. kat. pl\u00e9b\u00e1nosa. \u2013 Mis\u00e9t tartott Rudolf tr\u00f3n\u00f6r\u00f6k\u00f6s hal\u00e1la alkalm\u00e1val. <br \/><strong>\u2013 Irod.:<\/strong> 24. ore Mur. (1997. j\u00fal. 24.).<\/br><\/p>\n","protected":false},"excerpt":{"rendered":"<p>? \u2020 ?: G\u00f6rg\u00e9nyhod\u00e1k g. kat. pl\u00e9b\u00e1nosa. \u2013 Mis\u00e9t tartott Rudolf tr\u00f3n\u00f6r\u00f6k\u00f6s hal\u00e1la alkalm\u00e1val. \u2013 Irod.: 24. ore Mur. (1997. j\u00fal. 24.).<\/p>\n","protected":false},"featured_media":0,"comment_status":"open","ping_status":"closed","template":"","meta":[],"product_brand":[],"product_cat":[137],"product_tag":[],"class_list":{"0":"post-22941","1":"product","2":"type-product","3":"status-publish","5":"product_cat-maros-megyei-eletrajzi-lexikon","7":"first","8":"instock","9":"shipping-taxable","10":"product-type-simple"},"_links":{"self":[{"href":"https:\/\/uj.adatbank.ro\/lexikon\/wp-json\/wp\/v2\/product\/22941","targetHints":{"allow":["GET"]}}],"collection":[{"href":"https:\/\/uj.adatbank.ro\/lexikon\/wp-json\/wp\/v2\/product"}],"about":[{"href":"https:\/\/uj.adatbank.ro\/lexikon\/wp-json\/wp\/v2\/types\/product"}],"replies":[{"embeddable":true,"href":"https:\/\/uj.adatbank.ro\/lexikon\/wp-json\/wp\/v2\/comments?post=22941"}],"wp:attachment":[{"href":"https:\/\/uj.adatbank.ro\/lexikon\/wp-json\/wp\/v2\/media?parent=22941"}],"wp:term":[{"taxonomy":"product_brand","embeddable":true,"href":"https:\/\/uj.adatbank.ro\/lexikon\/wp-json\/wp\/v2\/product_brand?post=22941"},{"taxonomy":"product_cat","embeddable":true,"href":"https:\/\/uj.adatbank.ro\/lexikon\/wp-json\/wp\/v2\/product_cat?post=22941"},{"taxonomy":"product_tag","embeddable":true,"href":"https:\/\/uj.adatbank.ro\/lexikon\/wp-json\/wp\/v2\/product_tag?post=22941"}],"curies":[{"name":"wp","href":"https:\/\/api.w.org\/{rel}","templated":true}]}}