{"id":22942,"date":"2025-08-01T17:06:35","date_gmt":"2025-08-01T15:06:35","guid":{"rendered":"https:\/\/uj.adatbank.ro\/lexikon\/termek\/ternovits-jozsef\/"},"modified":"2025-08-01T17:06:35","modified_gmt":"2025-08-01T15:06:35","slug":"ternovits-jozsef","status":"publish","type":"product","link":"https:\/\/uj.adatbank.ro\/lexikon\/termek\/ternovits-jozsef\/","title":{"rendered":"TERNOVITS J\u00f3zsef"},"content":{"rendered":"<p>? 1899, \u2020 Mv., 1985. nov. 2: \u00e9p\u00edt\u00e9szm\u00e9rn\u00f6k. <br \/><strong>\u2013 Irod.:<\/strong> [Nekrol\u00f3g] (V. Z., 1985. okt. 6.).<\/br><\/p>\n","protected":false},"excerpt":{"rendered":"<p>? 1899, \u2020 Mv., 1985. nov. 2: \u00e9p\u00edt\u00e9szm\u00e9rn\u00f6k. \u2013 Irod.: [Nekrol\u00f3g] (V. Z., 1985. okt. 6.).<\/p>\n","protected":false},"featured_media":0,"comment_status":"open","ping_status":"closed","template":"","meta":[],"product_brand":[],"product_cat":[137],"product_tag":[],"class_list":{"0":"post-22942","1":"product","2":"type-product","3":"status-publish","5":"product_cat-maros-megyei-eletrajzi-lexikon","7":"first","8":"instock","9":"shipping-taxable","10":"product-type-simple"},"_links":{"self":[{"href":"https:\/\/uj.adatbank.ro\/lexikon\/wp-json\/wp\/v2\/product\/22942","targetHints":{"allow":["GET"]}}],"collection":[{"href":"https:\/\/uj.adatbank.ro\/lexikon\/wp-json\/wp\/v2\/product"}],"about":[{"href":"https:\/\/uj.adatbank.ro\/lexikon\/wp-json\/wp\/v2\/types\/product"}],"replies":[{"embeddable":true,"href":"https:\/\/uj.adatbank.ro\/lexikon\/wp-json\/wp\/v2\/comments?post=22942"}],"wp:attachment":[{"href":"https:\/\/uj.adatbank.ro\/lexikon\/wp-json\/wp\/v2\/media?parent=22942"}],"wp:term":[{"taxonomy":"product_brand","embeddable":true,"href":"https:\/\/uj.adatbank.ro\/lexikon\/wp-json\/wp\/v2\/product_brand?post=22942"},{"taxonomy":"product_cat","embeddable":true,"href":"https:\/\/uj.adatbank.ro\/lexikon\/wp-json\/wp\/v2\/product_cat?post=22942"},{"taxonomy":"product_tag","embeddable":true,"href":"https:\/\/uj.adatbank.ro\/lexikon\/wp-json\/wp\/v2\/product_tag?post=22942"}],"curies":[{"name":"wp","href":"https:\/\/api.w.org\/{rel}","templated":true}]}}