{"id":22944,"date":"2025-08-01T17:06:39","date_gmt":"2025-08-01T15:06:39","guid":{"rendered":"https:\/\/uj.adatbank.ro\/lexikon\/termek\/ternovszky-ferenc-kelemenfalvi\/"},"modified":"2025-08-01T17:06:39","modified_gmt":"2025-08-01T15:06:39","slug":"ternovszky-ferenc-kelemenfalvi","status":"publish","type":"product","link":"https:\/\/uj.adatbank.ro\/lexikon\/termek\/ternovszky-ferenc-kelemenfalvi\/","title":{"rendered":"TERNOVSZKY Ferenc, kelemenfalvi"},"content":{"rendered":"<p>? \u2020 ?: b\u00edr\u00f3, \u00edt\u00e9l\u0151t\u00e1blai tan\u00e1cseln\u00f6k. \u2013 A Mv.-i Kaszin\u00f3 v\u00e1lasztm\u00e1nyi tagja (1919). M. k. K\u00f6zigazgat\u00e1si b\u00edr\u00f3, \u00edt\u00e9l\u0151t\u00e1blai tan\u00e1cseln\u00f6k (1941). A BEAC sz\u00edneiben sportolt mint \u00fasz\u00f3, atl\u00e9ta, \u00f6k\u00f6lv\u00edv\u00f3, v\u00edv\u00f3 \u00e9s s\u00edz\u0151. Egyid\u0151ben egyes\u00fclete \u00f6k\u00f6lv\u00edv\u00f3 szakoszt\u00e1ly\u00e1nak titk\u00e1ra volt. A MSE tenisz \u00e9s \u00fasz\u00f3 szakoszt\u00e1ly\u00e1ban szerepelt (1941\u2013), ez ut\u00f3bbi \u00fcgyvezet\u0151 titk\u00e1ra volt. <br \/><strong>\u2013 Irod.:<\/strong> Bi\u00e1s Istv\u00e1n; Id\u0151t\u00e1r 3.; Pluh\u00e1r; Sz\u00e1molok a kisz\u00e1m\u00edthatatlans\u00e1ggal \/ Ferenczes Istv\u00e1n besz\u00e9lget\u00e9se G\u00e1lfalvi Gy\u00f6rggyel (Sz\u00e9kelyf\u00f6ld, 4. sz., 2012).<\/br><\/p>\n","protected":false},"excerpt":{"rendered":"<p>? \u2020 ?: b\u00edr\u00f3, \u00edt\u00e9l\u0151t\u00e1blai tan\u00e1cseln\u00f6k. \u2013 A Mv.-i Kaszin\u00f3 v\u00e1lasztm\u00e1nyi tagja (1919). M. k. K\u00f6zigazgat\u00e1si b\u00edr\u00f3, \u00edt\u00e9l\u0151t\u00e1blai tan\u00e1cseln\u00f6k (1941). A BEAC sz\u00edneiben sportolt mint \u00fasz\u00f3, atl\u00e9ta, \u00f6k\u00f6lv\u00edv\u00f3, v\u00edv\u00f3 \u00e9s s\u00edz\u0151. Egyid\u0151ben egyes\u00fclete \u00f6k\u00f6lv\u00edv\u00f3 szakoszt\u00e1ly\u00e1nak titk\u00e1ra volt. A MSE tenisz \u00e9s \u00fasz\u00f3 szakoszt\u00e1ly\u00e1ban szerepelt (1941\u2013), ez ut\u00f3bbi \u00fcgyvezet\u0151 titk\u00e1ra volt. \u2013 Irod.: Bi\u00e1s Istv\u00e1n; Id\u0151t\u00e1r [&hellip;]<\/p>\n","protected":false},"featured_media":0,"comment_status":"open","ping_status":"closed","template":"","meta":[],"product_brand":[],"product_cat":[137],"product_tag":[],"class_list":{"0":"post-22944","1":"product","2":"type-product","3":"status-publish","5":"product_cat-maros-megyei-eletrajzi-lexikon","7":"first","8":"instock","9":"shipping-taxable","10":"product-type-simple"},"_links":{"self":[{"href":"https:\/\/uj.adatbank.ro\/lexikon\/wp-json\/wp\/v2\/product\/22944","targetHints":{"allow":["GET"]}}],"collection":[{"href":"https:\/\/uj.adatbank.ro\/lexikon\/wp-json\/wp\/v2\/product"}],"about":[{"href":"https:\/\/uj.adatbank.ro\/lexikon\/wp-json\/wp\/v2\/types\/product"}],"replies":[{"embeddable":true,"href":"https:\/\/uj.adatbank.ro\/lexikon\/wp-json\/wp\/v2\/comments?post=22944"}],"wp:attachment":[{"href":"https:\/\/uj.adatbank.ro\/lexikon\/wp-json\/wp\/v2\/media?parent=22944"}],"wp:term":[{"taxonomy":"product_brand","embeddable":true,"href":"https:\/\/uj.adatbank.ro\/lexikon\/wp-json\/wp\/v2\/product_brand?post=22944"},{"taxonomy":"product_cat","embeddable":true,"href":"https:\/\/uj.adatbank.ro\/lexikon\/wp-json\/wp\/v2\/product_cat?post=22944"},{"taxonomy":"product_tag","embeddable":true,"href":"https:\/\/uj.adatbank.ro\/lexikon\/wp-json\/wp\/v2\/product_tag?post=22944"}],"curies":[{"name":"wp","href":"https:\/\/api.w.org\/{rel}","templated":true}]}}