{"id":22946,"date":"2025-08-01T17:06:45","date_gmt":"2025-08-01T15:06:45","guid":{"rendered":"https:\/\/uj.adatbank.ro\/lexikon\/termek\/tertulian-langa\/"},"modified":"2025-08-01T17:06:45","modified_gmt":"2025-08-01T15:06:45","slug":"tertulian-langa","status":"publish","type":"product","link":"https:\/\/uj.adatbank.ro\/lexikon\/termek\/tertulian-langa\/","title":{"rendered":"TERTULIAN, Langa"},"content":{"rendered":"<p>? \u2020 ?: a Kolozs-Szamos\u00fajv\u00e1ri Egyh\u00e1zmegye papja. \u2013 Teol\u00f3giai tan\u00e1r Kv.-on, a g. kat kar d\u00e9k\u00e1nja. A gyermekkor\u00e1t Mv.-en t\u00f6lt\u00f6tte. <br \/><strong>\u2013 Irod.:<\/strong> 24 ore Mur. (1995. szept. 8.).<\/br><\/p>\n","protected":false},"excerpt":{"rendered":"<p>? \u2020 ?: a Kolozs-Szamos\u00fajv\u00e1ri Egyh\u00e1zmegye papja. \u2013 Teol\u00f3giai tan\u00e1r Kv.-on, a g. kat kar d\u00e9k\u00e1nja. A gyermekkor\u00e1t Mv.-en t\u00f6lt\u00f6tte. \u2013 Irod.: 24 ore Mur. (1995. szept. 8.).<\/p>\n","protected":false},"featured_media":0,"comment_status":"open","ping_status":"closed","template":"","meta":[],"product_brand":[],"product_cat":[137],"product_tag":[],"class_list":{"0":"post-22946","1":"product","2":"type-product","3":"status-publish","5":"product_cat-maros-megyei-eletrajzi-lexikon","7":"first","8":"instock","9":"shipping-taxable","10":"product-type-simple"},"_links":{"self":[{"href":"https:\/\/uj.adatbank.ro\/lexikon\/wp-json\/wp\/v2\/product\/22946","targetHints":{"allow":["GET"]}}],"collection":[{"href":"https:\/\/uj.adatbank.ro\/lexikon\/wp-json\/wp\/v2\/product"}],"about":[{"href":"https:\/\/uj.adatbank.ro\/lexikon\/wp-json\/wp\/v2\/types\/product"}],"replies":[{"embeddable":true,"href":"https:\/\/uj.adatbank.ro\/lexikon\/wp-json\/wp\/v2\/comments?post=22946"}],"wp:attachment":[{"href":"https:\/\/uj.adatbank.ro\/lexikon\/wp-json\/wp\/v2\/media?parent=22946"}],"wp:term":[{"taxonomy":"product_brand","embeddable":true,"href":"https:\/\/uj.adatbank.ro\/lexikon\/wp-json\/wp\/v2\/product_brand?post=22946"},{"taxonomy":"product_cat","embeddable":true,"href":"https:\/\/uj.adatbank.ro\/lexikon\/wp-json\/wp\/v2\/product_cat?post=22946"},{"taxonomy":"product_tag","embeddable":true,"href":"https:\/\/uj.adatbank.ro\/lexikon\/wp-json\/wp\/v2\/product_tag?post=22946"}],"curies":[{"name":"wp","href":"https:\/\/api.w.org\/{rel}","templated":true}]}}