{"id":22949,"date":"2025-08-01T17:06:52","date_gmt":"2025-08-01T15:06:52","guid":{"rendered":"https:\/\/uj.adatbank.ro\/lexikon\/termek\/tetsi-david-barlai\/"},"modified":"2025-08-01T17:06:52","modified_gmt":"2025-08-01T15:06:52","slug":"tetsi-david-barlai","status":"publish","type":"product","link":"https:\/\/uj.adatbank.ro\/lexikon\/termek\/tetsi-david-barlai\/","title":{"rendered":"T\u00c9TSI D\u00e1vid, barlai"},"content":{"rendered":"<p>? \u2020 ?: ref. lelk\u00e9sz. \u2013 Ny\u00e1r\u00e1dszentann\u00e1n (1757\u20131769), Somosdon (1770\u20131777. j\u00fan. 8.) szolg\u00e1lt, majd Harasztker\u00e9kre t\u00e1vozott. <br \/><strong>\u2013 Irod.:<\/strong> Imreh Barna; Somosd.<\/br><\/p>\n","protected":false},"excerpt":{"rendered":"<p>? \u2020 ?: ref. lelk\u00e9sz. \u2013 Ny\u00e1r\u00e1dszentann\u00e1n (1757\u20131769), Somosdon (1770\u20131777. j\u00fan. 8.) szolg\u00e1lt, majd Harasztker\u00e9kre t\u00e1vozott. \u2013 Irod.: Imreh Barna; Somosd.<\/p>\n","protected":false},"featured_media":0,"comment_status":"open","ping_status":"closed","template":"","meta":[],"product_brand":[],"product_cat":[137],"product_tag":[],"class_list":{"0":"post-22949","1":"product","2":"type-product","3":"status-publish","5":"product_cat-maros-megyei-eletrajzi-lexikon","7":"first","8":"instock","9":"shipping-taxable","10":"product-type-simple"},"_links":{"self":[{"href":"https:\/\/uj.adatbank.ro\/lexikon\/wp-json\/wp\/v2\/product\/22949","targetHints":{"allow":["GET"]}}],"collection":[{"href":"https:\/\/uj.adatbank.ro\/lexikon\/wp-json\/wp\/v2\/product"}],"about":[{"href":"https:\/\/uj.adatbank.ro\/lexikon\/wp-json\/wp\/v2\/types\/product"}],"replies":[{"embeddable":true,"href":"https:\/\/uj.adatbank.ro\/lexikon\/wp-json\/wp\/v2\/comments?post=22949"}],"wp:attachment":[{"href":"https:\/\/uj.adatbank.ro\/lexikon\/wp-json\/wp\/v2\/media?parent=22949"}],"wp:term":[{"taxonomy":"product_brand","embeddable":true,"href":"https:\/\/uj.adatbank.ro\/lexikon\/wp-json\/wp\/v2\/product_brand?post=22949"},{"taxonomy":"product_cat","embeddable":true,"href":"https:\/\/uj.adatbank.ro\/lexikon\/wp-json\/wp\/v2\/product_cat?post=22949"},{"taxonomy":"product_tag","embeddable":true,"href":"https:\/\/uj.adatbank.ro\/lexikon\/wp-json\/wp\/v2\/product_tag?post=22949"}],"curies":[{"name":"wp","href":"https:\/\/api.w.org\/{rel}","templated":true}]}}