{"id":22955,"date":"2025-08-01T17:07:07","date_gmt":"2025-08-01T15:07:07","guid":{"rendered":"https:\/\/uj.adatbank.ro\/lexikon\/termek\/tetsi-samuel\/"},"modified":"2025-08-01T17:07:07","modified_gmt":"2025-08-01T15:07:07","slug":"tetsi-samuel","status":"publish","type":"product","link":"https:\/\/uj.adatbank.ro\/lexikon\/termek\/tetsi-samuel\/","title":{"rendered":"T\u00c9TSI S\u00e1muel"},"content":{"rendered":"<p>Magyarp\u00e9terlaka, 1707., \u2020 Mv., 1756. jan. 16.: teol\u00f3giai tan\u00e1r. \u2013 Feles\u00e9ge: Viski S\u00e1ra, V. P\u00e1l le\u00e1nya (1743. nov. 23.\u2013). F\u00e9rje hal\u00e1la ut\u00e1n nagy nyomorban teng\u0151d\u00f6tt. A v\u00e1rosi tan\u00e1cshoz int\u00e9zett beadv\u00e1ny\u00e1ban (1779. okt. 20.) panaszolja, hogy \u201eB\u00e1nyai Sz\u00e9kely Gy\u00f6rgy uramn\u00e1l l\u00e9v\u0151 396 forint Summ\u00e1b\u00f3l \u00e1ll\u00f3\u201d p\u00e9nz\u00e9t, noha a kir. gubernium is rendelkezett ez \u00fcgyben, a nevezett nem fizette ki. Gyermekei: Mikl\u00f3s (szentbenedeki pap) \u00e9s Krisztina (Getse D\u00e1niel orvos \u00e9desanyja). \u2013 Gyermek\u00e9veit Magyarp\u00e9terlak\u00e1n, az apai h\u00e1zban t\u00f6lt\u00f6tte, beiratkozott a mv.-i ref. koll.-ba (1722\u2013), ahol az orat\u00f3ri\u00e1ban oszt\u00e1lytan\u00edt\u00f3, a teol\u00f3gi\u00e1ban \u00e9s zsid\u00f3nyelvben praeses \u00e9s senior, majd a marburgi akad\u00e9mi\u00e1ra ment, ahol Wolff tan\u00edtv\u00e1nya volt (1735), v\u00e9g\u00fcl pedig gr. Teleki \u00c1d\u00e1m aj\u00e1nlat\u00e1ra \u00e9s t\u00e1mogat\u00e1s\u00e1b\u00f3l, tanulm\u00e1nyai betet\u0151z\u00e9se v\u00e9gett a leydai egyetemre k\u00fcldt\u00e9k. A mv.-i Ref. Koll. teol\u00f3giai tansz\u00e9k\u00e9re, a consistorium hat\u00e1rozat\u00e1b\u00f3l h\u00edvt\u00e1k meg N\u00e1dudvari S\u00e1muel ut\u00f3dj\u00e1ul (1749\u2013). \u00c1lland\u00f3 p\u00e9nzzavarral k\u00fczd\u00f6tt, \u00fagy, hogy amikor meghalt, k\u00f6zel 1000 forintot ad\u00f3ss\u00e1got hagyott h\u00e1tra. Ennek fedezet\u00e9re ing\u00f3s\u00e1gait, k\u00f6nyveit \u00e9s minden p\u00e9nzz\u00e9 tehet\u0151 t\u00e1rgyait z\u00e1r al\u00e1 vett\u00e9k \u00e9s el\u00e1rverezt\u00e9k. Az \u00edgy begy\u0171lt \u00f6sszeget a hitelez\u0151k k\u00f6zt kiosztott\u00e1k, s\u0151t az \u00f6zvegy r\u00e9sz\u00e9re is 40 forintot juttatott Rosnyai J\u00f3zsef, a koll. algondnoka. Az ifj\u00fas\u00e1g eml\u00e9kk\u00f6vet \u00e1ll\u00edtott s\u00edrhalm\u00e1ra (1758. szept. 2.), ennek ma m\u00e1r nyoma sincs. \u2013  <strong>F. m..:<\/strong> Carmen natalibus Wilhelmi Hassiae Landgravii dicatum (1738. Marburg); Temet\u00e9si besz\u00e9det tartott: 1746. j\u00falius 2-\u00e9n Kaprontzai Gy\u00f6rgy, marosv\u00e1s\u00e1rhelyi pap \u00e9s 1747-ben Bal\u00f3 Judit, Bonyhai Simon Gy\u00f6rgy reform\u00e1tus p\u00fcsp\u00f6k \u00f6zvegye felett. <br \/><strong>\u2013 Irod.:<\/strong> Id\u0151t\u00e1r 1; Kr\u00f3n. F\u00fcz. (1940. 4\/10); Szab\u00f3\u2013Sz\u00f6gi.<\/br><\/p>\n","protected":false},"excerpt":{"rendered":"<p>Magyarp\u00e9terlaka, 1707., \u2020 Mv., 1756. jan. 16.: teol\u00f3giai tan\u00e1r. \u2013 Feles\u00e9ge: Viski S\u00e1ra, V. P\u00e1l le\u00e1nya (1743. nov. 23.\u2013). F\u00e9rje hal\u00e1la ut\u00e1n nagy nyomorban teng\u0151d\u00f6tt. A v\u00e1rosi tan\u00e1cshoz int\u00e9zett beadv\u00e1ny\u00e1ban (1779. okt. 20.) panaszolja, hogy \u201eB\u00e1nyai Sz\u00e9kely Gy\u00f6rgy uramn\u00e1l l\u00e9v\u0151 396 forint Summ\u00e1b\u00f3l \u00e1ll\u00f3\u201d p\u00e9nz\u00e9t, noha a kir. gubernium is rendelkezett ez \u00fcgyben, a nevezett [&hellip;]<\/p>\n","protected":false},"featured_media":0,"comment_status":"open","ping_status":"closed","template":"","meta":[],"product_brand":[],"product_cat":[137],"product_tag":[],"class_list":{"0":"post-22955","1":"product","2":"type-product","3":"status-publish","5":"product_cat-maros-megyei-eletrajzi-lexikon","7":"first","8":"instock","9":"shipping-taxable","10":"product-type-simple"},"_links":{"self":[{"href":"https:\/\/uj.adatbank.ro\/lexikon\/wp-json\/wp\/v2\/product\/22955","targetHints":{"allow":["GET"]}}],"collection":[{"href":"https:\/\/uj.adatbank.ro\/lexikon\/wp-json\/wp\/v2\/product"}],"about":[{"href":"https:\/\/uj.adatbank.ro\/lexikon\/wp-json\/wp\/v2\/types\/product"}],"replies":[{"embeddable":true,"href":"https:\/\/uj.adatbank.ro\/lexikon\/wp-json\/wp\/v2\/comments?post=22955"}],"wp:attachment":[{"href":"https:\/\/uj.adatbank.ro\/lexikon\/wp-json\/wp\/v2\/media?parent=22955"}],"wp:term":[{"taxonomy":"product_brand","embeddable":true,"href":"https:\/\/uj.adatbank.ro\/lexikon\/wp-json\/wp\/v2\/product_brand?post=22955"},{"taxonomy":"product_cat","embeddable":true,"href":"https:\/\/uj.adatbank.ro\/lexikon\/wp-json\/wp\/v2\/product_cat?post=22955"},{"taxonomy":"product_tag","embeddable":true,"href":"https:\/\/uj.adatbank.ro\/lexikon\/wp-json\/wp\/v2\/product_tag?post=22955"}],"curies":[{"name":"wp","href":"https:\/\/api.w.org\/{rel}","templated":true}]}}