{"id":22962,"date":"2025-08-01T17:07:24","date_gmt":"2025-08-01T15:07:24","guid":{"rendered":"https:\/\/uj.adatbank.ro\/lexikon\/termek\/teutsch-joseph-b\/"},"modified":"2025-08-01T17:07:24","modified_gmt":"2025-08-01T15:07:24","slug":"teutsch-joseph-b","status":"publish","type":"product","link":"https:\/\/uj.adatbank.ro\/lexikon\/termek\/teutsch-joseph-b\/","title":{"rendered":"TEUTSCH Joseph B."},"content":{"rendered":"<p>? \u2020 ?: keresked\u0151. \u2013 Segesv\u00e1ri bor- \u00e9s szeszkeresked\u0151. A Bp.-i Orsz\u00e1gos \u00c1ltal\u00e1nos Ki\u00e1ll.-on kit\u0171n\u0151 borai\u00e9rt \u00e9s szilv\u00f3rium\u00e1\u00e9rt (1885). <br \/><strong>\u2013 Irod.:<\/strong> 1885. \u00e9vi ki\u00e1ll.; Az Erd\u00e9lyi Gazd\u00e1k 1879-ik \u00e9vi okt\u00f3ber h\u00f3 2, 3, 4 \u00e9s 5-\u00e9n Sepsi-Szentgy\u00f6rgy\u00f6n tartott \u00f6t\u00f6dik v\u00e1ndorgy\u0171l\u00e9s\u00e9nek jegyz\u0151k\u00f6nyve (Kv., 1879); Mo k\u00f6zgazdas\u00e1gi \u00e9s k\u00f6zm\u0171vel\u0151d\u00e9si \u00e1llapota ezer\u00e9ves fenn\u00e1ll\u00e1sakor \u00e9s az 1896 \u00e9vi ezred\u00e9ves ki\u00e1ll\u00edt\u00e1s eredm\u00e9nye (Bp., 1897\u201398) 6. k\u00f6t; Die protokollirten Firmen \u00d6sterreich-Ungarn&#8230; (Wien, 1892).<\/br><\/p>\n","protected":false},"excerpt":{"rendered":"<p>? \u2020 ?: keresked\u0151. \u2013 Segesv\u00e1ri bor- \u00e9s szeszkeresked\u0151. A Bp.-i Orsz\u00e1gos \u00c1ltal\u00e1nos Ki\u00e1ll.-on kit\u0171n\u0151 borai\u00e9rt \u00e9s szilv\u00f3rium\u00e1\u00e9rt (1885). \u2013 Irod.: 1885. \u00e9vi ki\u00e1ll.; Az Erd\u00e9lyi Gazd\u00e1k 1879-ik \u00e9vi okt\u00f3ber h\u00f3 2, 3, 4 \u00e9s 5-\u00e9n Sepsi-Szentgy\u00f6rgy\u00f6n tartott \u00f6t\u00f6dik v\u00e1ndorgy\u0171l\u00e9s\u00e9nek jegyz\u0151k\u00f6nyve (Kv., 1879); Mo k\u00f6zgazdas\u00e1gi \u00e9s k\u00f6zm\u0171vel\u0151d\u00e9si \u00e1llapota ezer\u00e9ves fenn\u00e1ll\u00e1sakor \u00e9s az 1896 \u00e9vi ezred\u00e9ves [&hellip;]<\/p>\n","protected":false},"featured_media":0,"comment_status":"open","ping_status":"closed","template":"","meta":[],"product_brand":[],"product_cat":[137],"product_tag":[],"class_list":{"0":"post-22962","1":"product","2":"type-product","3":"status-publish","5":"product_cat-maros-megyei-eletrajzi-lexikon","7":"first","8":"instock","9":"shipping-taxable","10":"product-type-simple"},"_links":{"self":[{"href":"https:\/\/uj.adatbank.ro\/lexikon\/wp-json\/wp\/v2\/product\/22962","targetHints":{"allow":["GET"]}}],"collection":[{"href":"https:\/\/uj.adatbank.ro\/lexikon\/wp-json\/wp\/v2\/product"}],"about":[{"href":"https:\/\/uj.adatbank.ro\/lexikon\/wp-json\/wp\/v2\/types\/product"}],"replies":[{"embeddable":true,"href":"https:\/\/uj.adatbank.ro\/lexikon\/wp-json\/wp\/v2\/comments?post=22962"}],"wp:attachment":[{"href":"https:\/\/uj.adatbank.ro\/lexikon\/wp-json\/wp\/v2\/media?parent=22962"}],"wp:term":[{"taxonomy":"product_brand","embeddable":true,"href":"https:\/\/uj.adatbank.ro\/lexikon\/wp-json\/wp\/v2\/product_brand?post=22962"},{"taxonomy":"product_cat","embeddable":true,"href":"https:\/\/uj.adatbank.ro\/lexikon\/wp-json\/wp\/v2\/product_cat?post=22962"},{"taxonomy":"product_tag","embeddable":true,"href":"https:\/\/uj.adatbank.ro\/lexikon\/wp-json\/wp\/v2\/product_tag?post=22962"}],"curies":[{"name":"wp","href":"https:\/\/api.w.org\/{rel}","templated":true}]}}