{"id":22964,"date":"2025-08-01T17:07:28","date_gmt":"2025-08-01T15:07:28","guid":{"rendered":"https:\/\/uj.adatbank.ro\/lexikon\/termek\/teutsch-karl\/"},"modified":"2025-08-01T17:07:28","modified_gmt":"2025-08-01T15:07:28","slug":"teutsch-karl","status":"publish","type":"product","link":"https:\/\/uj.adatbank.ro\/lexikon\/termek\/teutsch-karl\/","title":{"rendered":"TEUTSCH, Karl"},"content":{"rendered":"<p>Segesv\u00e1r, 1934. szept. 9., \u2020 ?: zenepedag\u00f3gus, -kritikus, -t\u00f6rt\u00e9n\u00e9sz. \u2013 Kezdem\u00e9nyezte r\u00e9gizeneegy\u00fcttes l\u00e9trehoz\u00e1s\u00e1t Buk.-ben. D\u00e9lkelet-N\u00e9meto.-ban vezet\u0151je az Arbeitskreist f\u00fcr Siebenb\u00fcrgische Landeskunde eingetragener Verein (AKSL) Gundelsheim zeneszakoszt\u00e1ly\u00e1nak \u00e9s az erd\u00e9lyi zenearch\u00edvumnak. Publicisztikai, kiad\u00f3i \u00e9s szervez\u0151i tev\u00e9kenys\u00e9g\u00e9vel szorgalmazta az erd\u00e9lyi zene \u00e1tv\u00e9tel\u00e9t \u00e9s m\u0171vel\u00e9s\u00e9t. <br \/><strong>\u2013 Irod.:<\/strong> LSS.<\/br><\/p>\n","protected":false},"excerpt":{"rendered":"<p>Segesv\u00e1r, 1934. szept. 9., \u2020 ?: zenepedag\u00f3gus, -kritikus, -t\u00f6rt\u00e9n\u00e9sz. \u2013 Kezdem\u00e9nyezte r\u00e9gizeneegy\u00fcttes l\u00e9trehoz\u00e1s\u00e1t Buk.-ben. D\u00e9lkelet-N\u00e9meto.-ban vezet\u0151je az Arbeitskreist f\u00fcr Siebenb\u00fcrgische Landeskunde eingetragener Verein (AKSL) Gundelsheim zeneszakoszt\u00e1ly\u00e1nak \u00e9s az erd\u00e9lyi zenearch\u00edvumnak. Publicisztikai, kiad\u00f3i \u00e9s szervez\u0151i tev\u00e9kenys\u00e9g\u00e9vel szorgalmazta az erd\u00e9lyi zene \u00e1tv\u00e9tel\u00e9t \u00e9s m\u0171vel\u00e9s\u00e9t. \u2013 Irod.: LSS.<\/p>\n","protected":false},"featured_media":0,"comment_status":"open","ping_status":"closed","template":"","meta":[],"product_brand":[],"product_cat":[137],"product_tag":[],"class_list":{"0":"post-22964","1":"product","2":"type-product","3":"status-publish","5":"product_cat-maros-megyei-eletrajzi-lexikon","7":"first","8":"instock","9":"shipping-taxable","10":"product-type-simple"},"_links":{"self":[{"href":"https:\/\/uj.adatbank.ro\/lexikon\/wp-json\/wp\/v2\/product\/22964","targetHints":{"allow":["GET"]}}],"collection":[{"href":"https:\/\/uj.adatbank.ro\/lexikon\/wp-json\/wp\/v2\/product"}],"about":[{"href":"https:\/\/uj.adatbank.ro\/lexikon\/wp-json\/wp\/v2\/types\/product"}],"replies":[{"embeddable":true,"href":"https:\/\/uj.adatbank.ro\/lexikon\/wp-json\/wp\/v2\/comments?post=22964"}],"wp:attachment":[{"href":"https:\/\/uj.adatbank.ro\/lexikon\/wp-json\/wp\/v2\/media?parent=22964"}],"wp:term":[{"taxonomy":"product_brand","embeddable":true,"href":"https:\/\/uj.adatbank.ro\/lexikon\/wp-json\/wp\/v2\/product_brand?post=22964"},{"taxonomy":"product_cat","embeddable":true,"href":"https:\/\/uj.adatbank.ro\/lexikon\/wp-json\/wp\/v2\/product_cat?post=22964"},{"taxonomy":"product_tag","embeddable":true,"href":"https:\/\/uj.adatbank.ro\/lexikon\/wp-json\/wp\/v2\/product_tag?post=22964"}],"curies":[{"name":"wp","href":"https:\/\/api.w.org\/{rel}","templated":true}]}}