{"id":22968,"date":"2025-08-01T17:07:38","date_gmt":"2025-08-01T15:07:38","guid":{"rendered":"https:\/\/uj.adatbank.ro\/lexikon\/termek\/thallmann-michael\/"},"modified":"2025-08-01T17:07:38","modified_gmt":"2025-08-01T15:07:38","slug":"thallmann-michael","status":"publish","type":"product","link":"https:\/\/uj.adatbank.ro\/lexikon\/termek\/thallmann-michael\/","title":{"rendered":"THALLMANN, Michael"},"content":{"rendered":"<p>? \u2020 ?: ev. lelk\u00e9sz. \u2013 Segesden szolg\u00e1lt (1762\u201388). Minden vagyon\u00e1t a segesdi ev. egyh\u00e1zra hagyta, amelyb\u0151l 100 aranyat az 500-600 \u00e9ves ev. templom tataroz\u00e1s\u00e1ra ford\u00edtottak (1802), f\u00f6ldjeinek j\u00f6vedelm\u00e9b\u0151l a szeg\u00e9ny sors\u00fa, tanulni v\u00e1gy\u00f3 gyermekeket t\u00e1mogatt\u00e1k. <br \/><strong>\u2013 Irod.:<\/strong> Apold.<\/br><\/p>\n","protected":false},"excerpt":{"rendered":"<p>? \u2020 ?: ev. lelk\u00e9sz. \u2013 Segesden szolg\u00e1lt (1762\u201388). Minden vagyon\u00e1t a segesdi ev. egyh\u00e1zra hagyta, amelyb\u0151l 100 aranyat az 500-600 \u00e9ves ev. templom tataroz\u00e1s\u00e1ra ford\u00edtottak (1802), f\u00f6ldjeinek j\u00f6vedelm\u00e9b\u0151l a szeg\u00e9ny sors\u00fa, tanulni v\u00e1gy\u00f3 gyermekeket t\u00e1mogatt\u00e1k. \u2013 Irod.: Apold.<\/p>\n","protected":false},"featured_media":0,"comment_status":"open","ping_status":"closed","template":"","meta":[],"product_brand":[],"product_cat":[137],"product_tag":[],"class_list":{"0":"post-22968","1":"product","2":"type-product","3":"status-publish","5":"product_cat-maros-megyei-eletrajzi-lexikon","7":"first","8":"instock","9":"shipping-taxable","10":"product-type-simple"},"_links":{"self":[{"href":"https:\/\/uj.adatbank.ro\/lexikon\/wp-json\/wp\/v2\/product\/22968","targetHints":{"allow":["GET"]}}],"collection":[{"href":"https:\/\/uj.adatbank.ro\/lexikon\/wp-json\/wp\/v2\/product"}],"about":[{"href":"https:\/\/uj.adatbank.ro\/lexikon\/wp-json\/wp\/v2\/types\/product"}],"replies":[{"embeddable":true,"href":"https:\/\/uj.adatbank.ro\/lexikon\/wp-json\/wp\/v2\/comments?post=22968"}],"wp:attachment":[{"href":"https:\/\/uj.adatbank.ro\/lexikon\/wp-json\/wp\/v2\/media?parent=22968"}],"wp:term":[{"taxonomy":"product_brand","embeddable":true,"href":"https:\/\/uj.adatbank.ro\/lexikon\/wp-json\/wp\/v2\/product_brand?post=22968"},{"taxonomy":"product_cat","embeddable":true,"href":"https:\/\/uj.adatbank.ro\/lexikon\/wp-json\/wp\/v2\/product_cat?post=22968"},{"taxonomy":"product_tag","embeddable":true,"href":"https:\/\/uj.adatbank.ro\/lexikon\/wp-json\/wp\/v2\/product_tag?post=22968"}],"curies":[{"name":"wp","href":"https:\/\/api.w.org\/{rel}","templated":true}]}}