{"id":22971,"date":"2025-08-01T17:07:45","date_gmt":"2025-08-01T15:07:45","guid":{"rendered":"https:\/\/uj.adatbank.ro\/lexikon\/termek\/than-karoly-apati\/"},"modified":"2025-08-01T17:07:45","modified_gmt":"2025-08-01T15:07:45","slug":"than-karoly-apati","status":"publish","type":"product","link":"https:\/\/uj.adatbank.ro\/lexikon\/termek\/than-karoly-apati\/","title":{"rendered":"THAN K\u00e1roly, ap\u00e1ti"},"content":{"rendered":"<p>? \u2020 ?: vegy\u00e9sz, tud\u00f3s. \u2013 Bp.-en egyetemi tan\u00e1r. A Magyar Orvosok \u00e9s Term\u00e9szetvizsg\u00e1l\u00f3k X. v\u00e1ndorgy\u0171l\u00e9s\u00e9n Mv.-en a Ref. Koll.-ban tartott el\u0151ad\u00e1st az \u00e1sv\u00e1nyvizek vegyelemz\u00e9s\u00e9r\u0151l. Megl\u00e1togatta a Teleki T\u00e9k\u00e1t is (1864). <br \/><strong>\u2013 Irod.:<\/strong> Id\u0151t\u00e1r 2, L\u00e1day Gy\u0151z\u0151: Eml\u00e9kez\u00e9s h\u00e1rom h\u00edrneves bp.-i egyetemi tan\u00e1rr\u00f3l (Mv., 1919).<\/br><\/p>\n","protected":false},"excerpt":{"rendered":"<p>? \u2020 ?: vegy\u00e9sz, tud\u00f3s. \u2013 Bp.-en egyetemi tan\u00e1r. A Magyar Orvosok \u00e9s Term\u00e9szetvizsg\u00e1l\u00f3k X. v\u00e1ndorgy\u0171l\u00e9s\u00e9n Mv.-en a Ref. Koll.-ban tartott el\u0151ad\u00e1st az \u00e1sv\u00e1nyvizek vegyelemz\u00e9s\u00e9r\u0151l. Megl\u00e1togatta a Teleki T\u00e9k\u00e1t is (1864). \u2013 Irod.: Id\u0151t\u00e1r 2, L\u00e1day Gy\u0151z\u0151: Eml\u00e9kez\u00e9s h\u00e1rom h\u00edrneves bp.-i egyetemi tan\u00e1rr\u00f3l (Mv., 1919).<\/p>\n","protected":false},"featured_media":0,"comment_status":"open","ping_status":"closed","template":"","meta":[],"product_brand":[],"product_cat":[137],"product_tag":[],"class_list":{"0":"post-22971","1":"product","2":"type-product","3":"status-publish","5":"product_cat-maros-megyei-eletrajzi-lexikon","7":"first","8":"instock","9":"shipping-taxable","10":"product-type-simple"},"_links":{"self":[{"href":"https:\/\/uj.adatbank.ro\/lexikon\/wp-json\/wp\/v2\/product\/22971","targetHints":{"allow":["GET"]}}],"collection":[{"href":"https:\/\/uj.adatbank.ro\/lexikon\/wp-json\/wp\/v2\/product"}],"about":[{"href":"https:\/\/uj.adatbank.ro\/lexikon\/wp-json\/wp\/v2\/types\/product"}],"replies":[{"embeddable":true,"href":"https:\/\/uj.adatbank.ro\/lexikon\/wp-json\/wp\/v2\/comments?post=22971"}],"wp:attachment":[{"href":"https:\/\/uj.adatbank.ro\/lexikon\/wp-json\/wp\/v2\/media?parent=22971"}],"wp:term":[{"taxonomy":"product_brand","embeddable":true,"href":"https:\/\/uj.adatbank.ro\/lexikon\/wp-json\/wp\/v2\/product_brand?post=22971"},{"taxonomy":"product_cat","embeddable":true,"href":"https:\/\/uj.adatbank.ro\/lexikon\/wp-json\/wp\/v2\/product_cat?post=22971"},{"taxonomy":"product_tag","embeddable":true,"href":"https:\/\/uj.adatbank.ro\/lexikon\/wp-json\/wp\/v2\/product_tag?post=22971"}],"curies":[{"name":"wp","href":"https:\/\/api.w.org\/{rel}","templated":true}]}}