{"id":22977,"date":"2025-08-01T17:08:03","date_gmt":"2025-08-01T15:08:03","guid":{"rendered":"https:\/\/uj.adatbank.ro\/lexikon\/termek\/theil-johann\/"},"modified":"2025-08-01T17:08:03","modified_gmt":"2025-08-01T15:08:03","slug":"theil-johann","status":"publish","type":"product","link":"https:\/\/uj.adatbank.ro\/lexikon\/termek\/theil-johann\/","title":{"rendered":"THEIL Johann"},"content":{"rendered":"<p>Segesv\u00e1r, 1890., ? \u2020 ?: tan\u00e1r. \u2013 Apja tan\u00edt\u00f3. A k\u00f6z\u00e9piskol\u00e1t Segesv\u00e1ron v\u00e9gezte, majd k\u00fclf\u00f6ld\u00f6n tanult: a Lipcsei Egy. Hittud. \u00e9s B\u00f6lcs. Kar\u00e1n (1910\u2013), a Berlini Egy, B\u00f6lcs. Kar\u00e1n (191\u201312). Hazat\u00e9rve tan\u00e1r, a segesv\u00e1ri ev. f\u0151gimn\u00e1ziumban tan\u00edtott (1916). <br \/><strong>\u2013 Irod.:<\/strong> Szab\u00f3\u2013Simon\u2013Sz\u00f6gi.<\/br><\/p>\n","protected":false},"excerpt":{"rendered":"<p>Segesv\u00e1r, 1890., ? \u2020 ?: tan\u00e1r. \u2013 Apja tan\u00edt\u00f3. A k\u00f6z\u00e9piskol\u00e1t Segesv\u00e1ron v\u00e9gezte, majd k\u00fclf\u00f6ld\u00f6n tanult: a Lipcsei Egy. Hittud. \u00e9s B\u00f6lcs. Kar\u00e1n (1910\u2013), a Berlini Egy, B\u00f6lcs. Kar\u00e1n (191\u201312). Hazat\u00e9rve tan\u00e1r, a segesv\u00e1ri ev. f\u0151gimn\u00e1ziumban tan\u00edtott (1916). \u2013 Irod.: Szab\u00f3\u2013Simon\u2013Sz\u00f6gi.<\/p>\n","protected":false},"featured_media":0,"comment_status":"open","ping_status":"closed","template":"","meta":[],"product_brand":[],"product_cat":[137],"product_tag":[],"class_list":{"0":"post-22977","1":"product","2":"type-product","3":"status-publish","5":"product_cat-maros-megyei-eletrajzi-lexikon","7":"first","8":"instock","9":"shipping-taxable","10":"product-type-simple"},"_links":{"self":[{"href":"https:\/\/uj.adatbank.ro\/lexikon\/wp-json\/wp\/v2\/product\/22977","targetHints":{"allow":["GET"]}}],"collection":[{"href":"https:\/\/uj.adatbank.ro\/lexikon\/wp-json\/wp\/v2\/product"}],"about":[{"href":"https:\/\/uj.adatbank.ro\/lexikon\/wp-json\/wp\/v2\/types\/product"}],"replies":[{"embeddable":true,"href":"https:\/\/uj.adatbank.ro\/lexikon\/wp-json\/wp\/v2\/comments?post=22977"}],"wp:attachment":[{"href":"https:\/\/uj.adatbank.ro\/lexikon\/wp-json\/wp\/v2\/media?parent=22977"}],"wp:term":[{"taxonomy":"product_brand","embeddable":true,"href":"https:\/\/uj.adatbank.ro\/lexikon\/wp-json\/wp\/v2\/product_brand?post=22977"},{"taxonomy":"product_cat","embeddable":true,"href":"https:\/\/uj.adatbank.ro\/lexikon\/wp-json\/wp\/v2\/product_cat?post=22977"},{"taxonomy":"product_tag","embeddable":true,"href":"https:\/\/uj.adatbank.ro\/lexikon\/wp-json\/wp\/v2\/product_tag?post=22977"}],"curies":[{"name":"wp","href":"https:\/\/api.w.org\/{rel}","templated":true}]}}