{"id":22978,"date":"2025-08-01T17:08:05","date_gmt":"2025-08-01T15:08:05","guid":{"rendered":"https:\/\/uj.adatbank.ro\/lexikon\/termek\/theil-johannes\/"},"modified":"2025-08-01T17:08:05","modified_gmt":"2025-08-01T15:08:05","slug":"theil-johannes","status":"publish","type":"product","link":"https:\/\/uj.adatbank.ro\/lexikon\/termek\/theil-johannes\/","title":{"rendered":"THEIL Johannes"},"content":{"rendered":"<p>Sz\u00e1szk\u00e9zd, ? \u2020 B\u00e1zna, 1753. jan. 3.: tan\u00e1r, lelk\u00e9sz. \u2013 Tanult Wittenbergben (1731). Tan\u00e1r Segesv\u00e1ron (1733\u2013); lelk\u00e9sz Pr\u00f3don (1737); B\u00e1zn\u00e1n (Fels\u0151bajom) (1740\u2013). <br \/><strong>\u2013 Irod.:<\/strong> Szab\u00f3\u2013Sz\u00f6gi.<\/br><\/p>\n","protected":false},"excerpt":{"rendered":"<p>Sz\u00e1szk\u00e9zd, ? \u2020 B\u00e1zna, 1753. jan. 3.: tan\u00e1r, lelk\u00e9sz. \u2013 Tanult Wittenbergben (1731). Tan\u00e1r Segesv\u00e1ron (1733\u2013); lelk\u00e9sz Pr\u00f3don (1737); B\u00e1zn\u00e1n (Fels\u0151bajom) (1740\u2013). \u2013 Irod.: Szab\u00f3\u2013Sz\u00f6gi.<\/p>\n","protected":false},"featured_media":0,"comment_status":"open","ping_status":"closed","template":"","meta":[],"product_brand":[],"product_cat":[137],"product_tag":[],"class_list":{"0":"post-22978","1":"product","2":"type-product","3":"status-publish","5":"product_cat-maros-megyei-eletrajzi-lexikon","7":"first","8":"instock","9":"shipping-taxable","10":"product-type-simple"},"_links":{"self":[{"href":"https:\/\/uj.adatbank.ro\/lexikon\/wp-json\/wp\/v2\/product\/22978","targetHints":{"allow":["GET"]}}],"collection":[{"href":"https:\/\/uj.adatbank.ro\/lexikon\/wp-json\/wp\/v2\/product"}],"about":[{"href":"https:\/\/uj.adatbank.ro\/lexikon\/wp-json\/wp\/v2\/types\/product"}],"replies":[{"embeddable":true,"href":"https:\/\/uj.adatbank.ro\/lexikon\/wp-json\/wp\/v2\/comments?post=22978"}],"wp:attachment":[{"href":"https:\/\/uj.adatbank.ro\/lexikon\/wp-json\/wp\/v2\/media?parent=22978"}],"wp:term":[{"taxonomy":"product_brand","embeddable":true,"href":"https:\/\/uj.adatbank.ro\/lexikon\/wp-json\/wp\/v2\/product_brand?post=22978"},{"taxonomy":"product_cat","embeddable":true,"href":"https:\/\/uj.adatbank.ro\/lexikon\/wp-json\/wp\/v2\/product_cat?post=22978"},{"taxonomy":"product_tag","embeddable":true,"href":"https:\/\/uj.adatbank.ro\/lexikon\/wp-json\/wp\/v2\/product_tag?post=22978"}],"curies":[{"name":"wp","href":"https:\/\/api.w.org\/{rel}","templated":true}]}}