{"id":22982,"date":"2025-08-01T17:08:15","date_gmt":"2025-08-01T15:08:15","guid":{"rendered":"https:\/\/uj.adatbank.ro\/lexikon\/termek\/theil-traugott\/"},"modified":"2025-08-01T17:08:15","modified_gmt":"2025-08-01T15:08:15","slug":"theil-traugott","status":"publish","type":"product","link":"https:\/\/uj.adatbank.ro\/lexikon\/termek\/theil-traugott\/","title":{"rendered":"THEIL Traugott"},"content":{"rendered":"<p>Sz\u00e1szr\u00e9gen, 1894., \u2020 Doberdo, 1916.: katonatiszt. F\u0151hadnagyk\u00e9nt vett r\u00e9szt az I. vh.-ban, az isonz\u00f3i csat\u00e1ban vesztette \u00e9let\u00e9t. <br \/><strong>\u2013 Irod.:<\/strong> Reghin, militari.<\/br><\/p>\n","protected":false},"excerpt":{"rendered":"<p>Sz\u00e1szr\u00e9gen, 1894., \u2020 Doberdo, 1916.: katonatiszt. F\u0151hadnagyk\u00e9nt vett r\u00e9szt az I. vh.-ban, az isonz\u00f3i csat\u00e1ban vesztette \u00e9let\u00e9t. \u2013 Irod.: Reghin, militari.<\/p>\n","protected":false},"featured_media":0,"comment_status":"open","ping_status":"closed","template":"","meta":[],"product_brand":[],"product_cat":[137],"product_tag":[],"class_list":{"0":"post-22982","1":"product","2":"type-product","3":"status-publish","5":"product_cat-maros-megyei-eletrajzi-lexikon","7":"first","8":"instock","9":"shipping-taxable","10":"product-type-simple"},"_links":{"self":[{"href":"https:\/\/uj.adatbank.ro\/lexikon\/wp-json\/wp\/v2\/product\/22982","targetHints":{"allow":["GET"]}}],"collection":[{"href":"https:\/\/uj.adatbank.ro\/lexikon\/wp-json\/wp\/v2\/product"}],"about":[{"href":"https:\/\/uj.adatbank.ro\/lexikon\/wp-json\/wp\/v2\/types\/product"}],"replies":[{"embeddable":true,"href":"https:\/\/uj.adatbank.ro\/lexikon\/wp-json\/wp\/v2\/comments?post=22982"}],"wp:attachment":[{"href":"https:\/\/uj.adatbank.ro\/lexikon\/wp-json\/wp\/v2\/media?parent=22982"}],"wp:term":[{"taxonomy":"product_brand","embeddable":true,"href":"https:\/\/uj.adatbank.ro\/lexikon\/wp-json\/wp\/v2\/product_brand?post=22982"},{"taxonomy":"product_cat","embeddable":true,"href":"https:\/\/uj.adatbank.ro\/lexikon\/wp-json\/wp\/v2\/product_cat?post=22982"},{"taxonomy":"product_tag","embeddable":true,"href":"https:\/\/uj.adatbank.ro\/lexikon\/wp-json\/wp\/v2\/product_tag?post=22982"}],"curies":[{"name":"wp","href":"https:\/\/api.w.org\/{rel}","templated":true}]}}