{"id":22983,"date":"2025-08-01T17:08:17","date_gmt":"2025-08-01T15:08:17","guid":{"rendered":"https:\/\/uj.adatbank.ro\/lexikon\/termek\/theilesius-georg\/"},"modified":"2025-08-01T17:08:17","modified_gmt":"2025-08-01T15:08:17","slug":"theilesius-georg","status":"publish","type":"product","link":"https:\/\/uj.adatbank.ro\/lexikon\/termek\/theilesius-georg\/","title":{"rendered":"THEILESIUS, Georg"},"content":{"rendered":"<p>Jakabfalva (Szeben), 1580., \u2020 Sz\u00e1szd\u00e1ny\u00e1n, ? 1646.: ev. lelk\u00e9sz. \u2013 Berethalomban volt pr\u00e9dik\u00e1tor (1608), lelk\u00e9szk\u00e9nt szolg\u00e1lt Sz\u00e1szk\u00e9zden (1618\u201321), Medgyesen (1621\u2013). Megv\u00e1lasztott\u00e1k p\u00fcsp\u00f6knek (1627. nov. 22.) \u00e9s Sz\u00e1szd\u00e1ny\u00e1nban szolg\u00e1lt p\u00fcsp\u00f6kk\u00e9nt hal\u00e1l\u00e1ig (1627- 46). <br \/><strong>\u2013 Irod.:<\/strong> Apold; Saschiz.<\/br><\/p>\n","protected":false},"excerpt":{"rendered":"<p>Jakabfalva (Szeben), 1580., \u2020 Sz\u00e1szd\u00e1ny\u00e1n, ? 1646.: ev. lelk\u00e9sz. \u2013 Berethalomban volt pr\u00e9dik\u00e1tor (1608), lelk\u00e9szk\u00e9nt szolg\u00e1lt Sz\u00e1szk\u00e9zden (1618\u201321), Medgyesen (1621\u2013). Megv\u00e1lasztott\u00e1k p\u00fcsp\u00f6knek (1627. nov. 22.) \u00e9s Sz\u00e1szd\u00e1ny\u00e1nban szolg\u00e1lt p\u00fcsp\u00f6kk\u00e9nt hal\u00e1l\u00e1ig (1627- 46). \u2013 Irod.: Apold; Saschiz.<\/p>\n","protected":false},"featured_media":0,"comment_status":"open","ping_status":"closed","template":"","meta":[],"product_brand":[],"product_cat":[137],"product_tag":[],"class_list":{"0":"post-22983","1":"product","2":"type-product","3":"status-publish","5":"product_cat-maros-megyei-eletrajzi-lexikon","7":"first","8":"instock","9":"shipping-taxable","10":"product-type-simple"},"_links":{"self":[{"href":"https:\/\/uj.adatbank.ro\/lexikon\/wp-json\/wp\/v2\/product\/22983","targetHints":{"allow":["GET"]}}],"collection":[{"href":"https:\/\/uj.adatbank.ro\/lexikon\/wp-json\/wp\/v2\/product"}],"about":[{"href":"https:\/\/uj.adatbank.ro\/lexikon\/wp-json\/wp\/v2\/types\/product"}],"replies":[{"embeddable":true,"href":"https:\/\/uj.adatbank.ro\/lexikon\/wp-json\/wp\/v2\/comments?post=22983"}],"wp:attachment":[{"href":"https:\/\/uj.adatbank.ro\/lexikon\/wp-json\/wp\/v2\/media?parent=22983"}],"wp:term":[{"taxonomy":"product_brand","embeddable":true,"href":"https:\/\/uj.adatbank.ro\/lexikon\/wp-json\/wp\/v2\/product_brand?post=22983"},{"taxonomy":"product_cat","embeddable":true,"href":"https:\/\/uj.adatbank.ro\/lexikon\/wp-json\/wp\/v2\/product_cat?post=22983"},{"taxonomy":"product_tag","embeddable":true,"href":"https:\/\/uj.adatbank.ro\/lexikon\/wp-json\/wp\/v2\/product_tag?post=22983"}],"curies":[{"name":"wp","href":"https:\/\/api.w.org\/{rel}","templated":true}]}}