{"id":22984,"date":"2025-08-01T17:08:19","date_gmt":"2025-08-01T15:08:19","guid":{"rendered":"https:\/\/uj.adatbank.ro\/lexikon\/termek\/theiss-georg\/"},"modified":"2025-08-01T17:08:19","modified_gmt":"2025-08-01T15:08:19","slug":"theiss-georg","status":"publish","type":"product","link":"https:\/\/uj.adatbank.ro\/lexikon\/termek\/theiss-georg\/","title":{"rendered":"THEISS Georg"},"content":{"rendered":"<p>? \u2020 ?: f\u00f6ldbirtokos. \u2013 Barth Johannal k\u00f6z\u00f6sen sz\u00e1szn\u00e1dasi f\u00f6ldtulajdonosok voltak. Birtok\u00e1b\u00f3l a f\u00f6ldoszt\u00e1s alkalm\u00e1val kisaj\u00e1t\u00edtottak 547 n\u00f6. ter\u00fcletet egy rom\u00e1n tannyelv\u0171 iskola \u00e9p\u00edt\u00e9s\u00e9re (1926. okt. 7.). K\u00e9s\u0151bb a kisaj\u00e1t\u00edtott ter\u00fclet hely\u00e9be kiutaltak nekik egy 400 n\u00f6. nagys\u00e1g\u00fa f\u00f6ldet (1933. okt. 23.). <br \/><strong>\u2013 Irod.:<\/strong> Prozan.<\/br><\/p>\n","protected":false},"excerpt":{"rendered":"<p>? \u2020 ?: f\u00f6ldbirtokos. \u2013 Barth Johannal k\u00f6z\u00f6sen sz\u00e1szn\u00e1dasi f\u00f6ldtulajdonosok voltak. Birtok\u00e1b\u00f3l a f\u00f6ldoszt\u00e1s alkalm\u00e1val kisaj\u00e1t\u00edtottak 547 n\u00f6. ter\u00fcletet egy rom\u00e1n tannyelv\u0171 iskola \u00e9p\u00edt\u00e9s\u00e9re (1926. okt. 7.). K\u00e9s\u0151bb a kisaj\u00e1t\u00edtott ter\u00fclet hely\u00e9be kiutaltak nekik egy 400 n\u00f6. nagys\u00e1g\u00fa f\u00f6ldet (1933. okt. 23.). \u2013 Irod.: Prozan.<\/p>\n","protected":false},"featured_media":0,"comment_status":"open","ping_status":"closed","template":"","meta":[],"product_brand":[],"product_cat":[137],"product_tag":[],"class_list":{"0":"post-22984","1":"product","2":"type-product","3":"status-publish","5":"product_cat-maros-megyei-eletrajzi-lexikon","7":"first","8":"instock","9":"shipping-taxable","10":"product-type-simple"},"_links":{"self":[{"href":"https:\/\/uj.adatbank.ro\/lexikon\/wp-json\/wp\/v2\/product\/22984","targetHints":{"allow":["GET"]}}],"collection":[{"href":"https:\/\/uj.adatbank.ro\/lexikon\/wp-json\/wp\/v2\/product"}],"about":[{"href":"https:\/\/uj.adatbank.ro\/lexikon\/wp-json\/wp\/v2\/types\/product"}],"replies":[{"embeddable":true,"href":"https:\/\/uj.adatbank.ro\/lexikon\/wp-json\/wp\/v2\/comments?post=22984"}],"wp:attachment":[{"href":"https:\/\/uj.adatbank.ro\/lexikon\/wp-json\/wp\/v2\/media?parent=22984"}],"wp:term":[{"taxonomy":"product_brand","embeddable":true,"href":"https:\/\/uj.adatbank.ro\/lexikon\/wp-json\/wp\/v2\/product_brand?post=22984"},{"taxonomy":"product_cat","embeddable":true,"href":"https:\/\/uj.adatbank.ro\/lexikon\/wp-json\/wp\/v2\/product_cat?post=22984"},{"taxonomy":"product_tag","embeddable":true,"href":"https:\/\/uj.adatbank.ro\/lexikon\/wp-json\/wp\/v2\/product_tag?post=22984"}],"curies":[{"name":"wp","href":"https:\/\/api.w.org\/{rel}","templated":true}]}}