{"id":22985,"date":"2025-08-01T17:08:23","date_gmt":"2025-08-01T15:08:23","guid":{"rendered":"https:\/\/uj.adatbank.ro\/lexikon\/termek\/theiss-johann\/"},"modified":"2025-08-01T17:08:23","modified_gmt":"2025-08-01T15:08:23","slug":"theiss-johann","status":"publish","type":"product","link":"https:\/\/uj.adatbank.ro\/lexikon\/termek\/theiss-johann\/","title":{"rendered":"THEISS, Johann"},"content":{"rendered":"<p>Sz\u00e1szn\u00e1das. ? \u2020 Prod (Szeben), 1803. j\u00fal. 20.: tan\u00e1r, lelk\u00e9sz. \u2013 Tanult Halleban (1770). Segesv\u00e1ron tan\u00e1r, pr\u00e9dik\u00e1tor (1774\u2013); lelk\u00e9sz Prodon (1777\u20131803). <br \/><strong>\u2013 Irod.:<\/strong> Szab\u00f3\u2013Sz\u00f6gi.<\/br><\/p>\n","protected":false},"excerpt":{"rendered":"<p>Sz\u00e1szn\u00e1das. ? \u2020 Prod (Szeben), 1803. j\u00fal. 20.: tan\u00e1r, lelk\u00e9sz. \u2013 Tanult Halleban (1770). Segesv\u00e1ron tan\u00e1r, pr\u00e9dik\u00e1tor (1774\u2013); lelk\u00e9sz Prodon (1777\u20131803). \u2013 Irod.: Szab\u00f3\u2013Sz\u00f6gi.<\/p>\n","protected":false},"featured_media":0,"comment_status":"open","ping_status":"closed","template":"","meta":[],"product_brand":[],"product_cat":[137],"product_tag":[],"class_list":{"0":"post-22985","1":"product","2":"type-product","3":"status-publish","5":"product_cat-maros-megyei-eletrajzi-lexikon","7":"first","8":"instock","9":"shipping-taxable","10":"product-type-simple"},"_links":{"self":[{"href":"https:\/\/uj.adatbank.ro\/lexikon\/wp-json\/wp\/v2\/product\/22985","targetHints":{"allow":["GET"]}}],"collection":[{"href":"https:\/\/uj.adatbank.ro\/lexikon\/wp-json\/wp\/v2\/product"}],"about":[{"href":"https:\/\/uj.adatbank.ro\/lexikon\/wp-json\/wp\/v2\/types\/product"}],"replies":[{"embeddable":true,"href":"https:\/\/uj.adatbank.ro\/lexikon\/wp-json\/wp\/v2\/comments?post=22985"}],"wp:attachment":[{"href":"https:\/\/uj.adatbank.ro\/lexikon\/wp-json\/wp\/v2\/media?parent=22985"}],"wp:term":[{"taxonomy":"product_brand","embeddable":true,"href":"https:\/\/uj.adatbank.ro\/lexikon\/wp-json\/wp\/v2\/product_brand?post=22985"},{"taxonomy":"product_cat","embeddable":true,"href":"https:\/\/uj.adatbank.ro\/lexikon\/wp-json\/wp\/v2\/product_cat?post=22985"},{"taxonomy":"product_tag","embeddable":true,"href":"https:\/\/uj.adatbank.ro\/lexikon\/wp-json\/wp\/v2\/product_tag?post=22985"}],"curies":[{"name":"wp","href":"https:\/\/api.w.org\/{rel}","templated":true}]}}