{"id":22986,"date":"2025-08-01T17:08:26","date_gmt":"2025-08-01T15:08:26","guid":{"rendered":"https:\/\/uj.adatbank.ro\/lexikon\/termek\/thellman-janos\/"},"modified":"2025-08-01T17:08:26","modified_gmt":"2025-08-01T15:08:26","slug":"thellman-janos","status":"publish","type":"product","link":"https:\/\/uj.adatbank.ro\/lexikon\/termek\/thellman-janos\/","title":{"rendered":"THELLMAN J\u00e1nos"},"content":{"rendered":"<p>? \u2020 ?: bor\u00e1sz Sz\u00e1szk\u00e9zden. <br \/><strong>\u2013 Irod.:<\/strong> Bor\u00e1szati t\u00f6rzsk\u00f6nyv 1881. (Bp., 1881).<\/br><\/p>\n","protected":false},"excerpt":{"rendered":"<p>? \u2020 ?: bor\u00e1sz Sz\u00e1szk\u00e9zden. \u2013 Irod.: Bor\u00e1szati t\u00f6rzsk\u00f6nyv 1881. (Bp., 1881).<\/p>\n","protected":false},"featured_media":0,"comment_status":"open","ping_status":"closed","template":"","meta":[],"product_brand":[],"product_cat":[137],"product_tag":[],"class_list":{"0":"post-22986","1":"product","2":"type-product","3":"status-publish","5":"product_cat-maros-megyei-eletrajzi-lexikon","7":"first","8":"instock","9":"shipping-taxable","10":"product-type-simple"},"_links":{"self":[{"href":"https:\/\/uj.adatbank.ro\/lexikon\/wp-json\/wp\/v2\/product\/22986","targetHints":{"allow":["GET"]}}],"collection":[{"href":"https:\/\/uj.adatbank.ro\/lexikon\/wp-json\/wp\/v2\/product"}],"about":[{"href":"https:\/\/uj.adatbank.ro\/lexikon\/wp-json\/wp\/v2\/types\/product"}],"replies":[{"embeddable":true,"href":"https:\/\/uj.adatbank.ro\/lexikon\/wp-json\/wp\/v2\/comments?post=22986"}],"wp:attachment":[{"href":"https:\/\/uj.adatbank.ro\/lexikon\/wp-json\/wp\/v2\/media?parent=22986"}],"wp:term":[{"taxonomy":"product_brand","embeddable":true,"href":"https:\/\/uj.adatbank.ro\/lexikon\/wp-json\/wp\/v2\/product_brand?post=22986"},{"taxonomy":"product_cat","embeddable":true,"href":"https:\/\/uj.adatbank.ro\/lexikon\/wp-json\/wp\/v2\/product_cat?post=22986"},{"taxonomy":"product_tag","embeddable":true,"href":"https:\/\/uj.adatbank.ro\/lexikon\/wp-json\/wp\/v2\/product_tag?post=22986"}],"curies":[{"name":"wp","href":"https:\/\/api.w.org\/{rel}","templated":true}]}}