{"id":22987,"date":"2025-08-01T17:08:27","date_gmt":"2025-08-01T15:08:27","guid":{"rendered":"https:\/\/uj.adatbank.ro\/lexikon\/termek\/thellmann\/"},"modified":"2025-08-01T17:08:27","modified_gmt":"2025-08-01T15:08:27","slug":"thellmann","status":"publish","type":"product","link":"https:\/\/uj.adatbank.ro\/lexikon\/termek\/thellmann\/","title":{"rendered":"THELLMANN"},"content":{"rendered":"<p>? \u2020 ?: tan\u00edt\u00f3. \u2013 A sz\u00e1szr\u00e9geni sz\u00e1sz iskola m. oszt\u00e1ly\u00e1ban, ahol a sz\u00e1sz gyermekek az \u00e1llam nyelv\u00e9t is (a magyart) tanult\u00e1k (1839). <br \/><strong>\u2013 Irod.:<\/strong> Ganesch.<\/br><\/p>\n","protected":false},"excerpt":{"rendered":"<p>? \u2020 ?: tan\u00edt\u00f3. \u2013 A sz\u00e1szr\u00e9geni sz\u00e1sz iskola m. oszt\u00e1ly\u00e1ban, ahol a sz\u00e1sz gyermekek az \u00e1llam nyelv\u00e9t is (a magyart) tanult\u00e1k (1839). \u2013 Irod.: Ganesch.<\/p>\n","protected":false},"featured_media":0,"comment_status":"open","ping_status":"closed","template":"","meta":[],"product_brand":[],"product_cat":[137],"product_tag":[],"class_list":{"0":"post-22987","1":"product","2":"type-product","3":"status-publish","5":"product_cat-maros-megyei-eletrajzi-lexikon","7":"first","8":"instock","9":"shipping-taxable","10":"product-type-simple"},"_links":{"self":[{"href":"https:\/\/uj.adatbank.ro\/lexikon\/wp-json\/wp\/v2\/product\/22987","targetHints":{"allow":["GET"]}}],"collection":[{"href":"https:\/\/uj.adatbank.ro\/lexikon\/wp-json\/wp\/v2\/product"}],"about":[{"href":"https:\/\/uj.adatbank.ro\/lexikon\/wp-json\/wp\/v2\/types\/product"}],"replies":[{"embeddable":true,"href":"https:\/\/uj.adatbank.ro\/lexikon\/wp-json\/wp\/v2\/comments?post=22987"}],"wp:attachment":[{"href":"https:\/\/uj.adatbank.ro\/lexikon\/wp-json\/wp\/v2\/media?parent=22987"}],"wp:term":[{"taxonomy":"product_brand","embeddable":true,"href":"https:\/\/uj.adatbank.ro\/lexikon\/wp-json\/wp\/v2\/product_brand?post=22987"},{"taxonomy":"product_cat","embeddable":true,"href":"https:\/\/uj.adatbank.ro\/lexikon\/wp-json\/wp\/v2\/product_cat?post=22987"},{"taxonomy":"product_tag","embeddable":true,"href":"https:\/\/uj.adatbank.ro\/lexikon\/wp-json\/wp\/v2\/product_tag?post=22987"}],"curies":[{"name":"wp","href":"https:\/\/api.w.org\/{rel}","templated":true}]}}