{"id":22988,"date":"2025-08-01T17:08:29","date_gmt":"2025-08-01T15:08:29","guid":{"rendered":"https:\/\/uj.adatbank.ro\/lexikon\/termek\/thellmann-friedrich\/"},"modified":"2025-08-01T17:08:29","modified_gmt":"2025-08-01T15:08:29","slug":"thellmann-friedrich","status":"publish","type":"product","link":"https:\/\/uj.adatbank.ro\/lexikon\/termek\/thellmann-friedrich\/","title":{"rendered":"THELLMANN, Friedrich"},"content":{"rendered":"<p>Segesv\u00e1r, 1792., \u2020 Segesd (Maros), 1859. febr. 20.: tan\u00e1r, lelk\u00e9sz. \u2013 Tanult T\u00fcbingenben teol\u00f3gi\u00e1t (1814). Tan\u00e1r Segesv\u00e1ron. Lelk\u00e9sz Segesden (1840\u201359). <br \/><strong>\u2013 Irod.:<\/strong> Szab\u00f3\u2013Sz\u00f6gi.<\/br><\/p>\n","protected":false},"excerpt":{"rendered":"<p>Segesv\u00e1r, 1792., \u2020 Segesd (Maros), 1859. febr. 20.: tan\u00e1r, lelk\u00e9sz. \u2013 Tanult T\u00fcbingenben teol\u00f3gi\u00e1t (1814). Tan\u00e1r Segesv\u00e1ron. Lelk\u00e9sz Segesden (1840\u201359). \u2013 Irod.: Szab\u00f3\u2013Sz\u00f6gi.<\/p>\n","protected":false},"featured_media":0,"comment_status":"open","ping_status":"closed","template":"","meta":[],"product_brand":[],"product_cat":[137],"product_tag":[],"class_list":{"0":"post-22988","1":"product","2":"type-product","3":"status-publish","5":"product_cat-maros-megyei-eletrajzi-lexikon","7":"first","8":"instock","9":"shipping-taxable","10":"product-type-simple"},"_links":{"self":[{"href":"https:\/\/uj.adatbank.ro\/lexikon\/wp-json\/wp\/v2\/product\/22988","targetHints":{"allow":["GET"]}}],"collection":[{"href":"https:\/\/uj.adatbank.ro\/lexikon\/wp-json\/wp\/v2\/product"}],"about":[{"href":"https:\/\/uj.adatbank.ro\/lexikon\/wp-json\/wp\/v2\/types\/product"}],"replies":[{"embeddable":true,"href":"https:\/\/uj.adatbank.ro\/lexikon\/wp-json\/wp\/v2\/comments?post=22988"}],"wp:attachment":[{"href":"https:\/\/uj.adatbank.ro\/lexikon\/wp-json\/wp\/v2\/media?parent=22988"}],"wp:term":[{"taxonomy":"product_brand","embeddable":true,"href":"https:\/\/uj.adatbank.ro\/lexikon\/wp-json\/wp\/v2\/product_brand?post=22988"},{"taxonomy":"product_cat","embeddable":true,"href":"https:\/\/uj.adatbank.ro\/lexikon\/wp-json\/wp\/v2\/product_cat?post=22988"},{"taxonomy":"product_tag","embeddable":true,"href":"https:\/\/uj.adatbank.ro\/lexikon\/wp-json\/wp\/v2\/product_tag?post=22988"}],"curies":[{"name":"wp","href":"https:\/\/api.w.org\/{rel}","templated":true}]}}