{"id":22993,"date":"2025-08-01T17:08:41","date_gmt":"2025-08-01T15:08:41","guid":{"rendered":"https:\/\/uj.adatbank.ro\/lexikon\/termek\/thies-martin\/"},"modified":"2025-08-01T17:08:41","modified_gmt":"2025-08-01T15:08:41","slug":"thies-martin","status":"publish","type":"product","link":"https:\/\/uj.adatbank.ro\/lexikon\/termek\/thies-martin\/","title":{"rendered":"THIES, Martin"},"content":{"rendered":"<p>Volk\u00e1ny, 1881. okt. 1., \u2020 Volk\u00e1ny, 1940. nov. 13.: zeneszerz\u0151. \u2013 Hangz\u00e1stant a brass\u00f3i R. Lassel zeneszerz\u0151t\u0151l tanult, majd a b\u00e9csi zenekonzervat\u00f3riumban folytatta tanulm\u00e1nyait. Brass\u00f3ban a v\u00e1rosi f\u00fav\u00f3szenekar k\u00fcrt\u00f6se lett, t\u00f6bb falu f\u00fav\u00f3szenekar\u00e1t vezette. Erd\u00e9ly egyik legjelent\u0151sebb f\u00fav\u00f3szenekari oktat\u00f3ja \u00e9s zeneszerz\u0151je volt. Darabjai: Seminaristenmarsch, Kavaliermarsch etc. \u2013  <strong>F. m..:<\/strong> Rund 100 M\u00e4rsche, T\u00e4nze, Ouvert\u00fcren, Potpourris = Siebenb\u00fcrger-deutschen Tanzalbum. \u2013 4. k\u00f6t. (Hermannstadt, s.a.). <br \/><strong>\u2013 Irod.:<\/strong> LSS.<\/br><\/p>\n","protected":false},"excerpt":{"rendered":"<p>Volk\u00e1ny, 1881. okt. 1., \u2020 Volk\u00e1ny, 1940. nov. 13.: zeneszerz\u0151. \u2013 Hangz\u00e1stant a brass\u00f3i R. Lassel zeneszerz\u0151t\u0151l tanult, majd a b\u00e9csi zenekonzervat\u00f3riumban folytatta tanulm\u00e1nyait. Brass\u00f3ban a v\u00e1rosi f\u00fav\u00f3szenekar k\u00fcrt\u00f6se lett, t\u00f6bb falu f\u00fav\u00f3szenekar\u00e1t vezette. Erd\u00e9ly egyik legjelent\u0151sebb f\u00fav\u00f3szenekari oktat\u00f3ja \u00e9s zeneszerz\u0151je volt. Darabjai: Seminaristenmarsch, Kavaliermarsch etc. \u2013 F. m..: Rund 100 M\u00e4rsche, T\u00e4nze, Ouvert\u00fcren, Potpourris [&hellip;]<\/p>\n","protected":false},"featured_media":0,"comment_status":"open","ping_status":"closed","template":"","meta":[],"product_brand":[],"product_cat":[137],"product_tag":[],"class_list":{"0":"post-22993","1":"product","2":"type-product","3":"status-publish","5":"product_cat-maros-megyei-eletrajzi-lexikon","7":"first","8":"instock","9":"shipping-taxable","10":"product-type-simple"},"_links":{"self":[{"href":"https:\/\/uj.adatbank.ro\/lexikon\/wp-json\/wp\/v2\/product\/22993","targetHints":{"allow":["GET"]}}],"collection":[{"href":"https:\/\/uj.adatbank.ro\/lexikon\/wp-json\/wp\/v2\/product"}],"about":[{"href":"https:\/\/uj.adatbank.ro\/lexikon\/wp-json\/wp\/v2\/types\/product"}],"replies":[{"embeddable":true,"href":"https:\/\/uj.adatbank.ro\/lexikon\/wp-json\/wp\/v2\/comments?post=22993"}],"wp:attachment":[{"href":"https:\/\/uj.adatbank.ro\/lexikon\/wp-json\/wp\/v2\/media?parent=22993"}],"wp:term":[{"taxonomy":"product_brand","embeddable":true,"href":"https:\/\/uj.adatbank.ro\/lexikon\/wp-json\/wp\/v2\/product_brand?post=22993"},{"taxonomy":"product_cat","embeddable":true,"href":"https:\/\/uj.adatbank.ro\/lexikon\/wp-json\/wp\/v2\/product_cat?post=22993"},{"taxonomy":"product_tag","embeddable":true,"href":"https:\/\/uj.adatbank.ro\/lexikon\/wp-json\/wp\/v2\/product_tag?post=22993"}],"curies":[{"name":"wp","href":"https:\/\/api.w.org\/{rel}","templated":true}]}}