{"id":22994,"date":"2025-08-01T17:08:42","date_gmt":"2025-08-01T15:08:42","guid":{"rendered":"https:\/\/uj.adatbank.ro\/lexikon\/termek\/thiesz-rezso\/"},"modified":"2025-08-01T17:08:42","modified_gmt":"2025-08-01T15:08:42","slug":"thiesz-rezso","status":"publish","type":"product","link":"https:\/\/uj.adatbank.ro\/lexikon\/termek\/thiesz-rezso\/","title":{"rendered":"THIESZ Rezs\u0151"},"content":{"rendered":"<p>? \u2020 ?: k\u00e1ntortan\u00edt\u00f3. \u2013 Tan\u00edt\u00f3 volt Szentdemeterben a kat. iskol\u00e1ban (1927\u2013), megalap\u00edtotta a f\u00e9rfi \u00e9nekkart (1930). Simonfi J\u00f3zsef pl\u00e9b\u00e1nossal le\u00e1ny- \u00e9s leg\u00e9nyegyletet alap\u00edtottak (1934\u2013). <br \/><strong>\u2013 Irod.:<\/strong> Maros-k\u00fck\u00fcll\u0151i f\u0151esp.<\/br><\/p>\n","protected":false},"excerpt":{"rendered":"<p>? \u2020 ?: k\u00e1ntortan\u00edt\u00f3. \u2013 Tan\u00edt\u00f3 volt Szentdemeterben a kat. iskol\u00e1ban (1927\u2013), megalap\u00edtotta a f\u00e9rfi \u00e9nekkart (1930). Simonfi J\u00f3zsef pl\u00e9b\u00e1nossal le\u00e1ny- \u00e9s leg\u00e9nyegyletet alap\u00edtottak (1934\u2013). \u2013 Irod.: Maros-k\u00fck\u00fcll\u0151i f\u0151esp.<\/p>\n","protected":false},"featured_media":0,"comment_status":"open","ping_status":"closed","template":"","meta":[],"product_brand":[],"product_cat":[137],"product_tag":[],"class_list":{"0":"post-22994","1":"product","2":"type-product","3":"status-publish","5":"product_cat-maros-megyei-eletrajzi-lexikon","7":"first","8":"instock","9":"shipping-taxable","10":"product-type-simple"},"_links":{"self":[{"href":"https:\/\/uj.adatbank.ro\/lexikon\/wp-json\/wp\/v2\/product\/22994","targetHints":{"allow":["GET"]}}],"collection":[{"href":"https:\/\/uj.adatbank.ro\/lexikon\/wp-json\/wp\/v2\/product"}],"about":[{"href":"https:\/\/uj.adatbank.ro\/lexikon\/wp-json\/wp\/v2\/types\/product"}],"replies":[{"embeddable":true,"href":"https:\/\/uj.adatbank.ro\/lexikon\/wp-json\/wp\/v2\/comments?post=22994"}],"wp:attachment":[{"href":"https:\/\/uj.adatbank.ro\/lexikon\/wp-json\/wp\/v2\/media?parent=22994"}],"wp:term":[{"taxonomy":"product_brand","embeddable":true,"href":"https:\/\/uj.adatbank.ro\/lexikon\/wp-json\/wp\/v2\/product_brand?post=22994"},{"taxonomy":"product_cat","embeddable":true,"href":"https:\/\/uj.adatbank.ro\/lexikon\/wp-json\/wp\/v2\/product_cat?post=22994"},{"taxonomy":"product_tag","embeddable":true,"href":"https:\/\/uj.adatbank.ro\/lexikon\/wp-json\/wp\/v2\/product_tag?post=22994"}],"curies":[{"name":"wp","href":"https:\/\/api.w.org\/{rel}","templated":true}]}}