{"id":22995,"date":"2025-08-01T17:08:46","date_gmt":"2025-08-01T15:08:46","guid":{"rendered":"https:\/\/uj.adatbank.ro\/lexikon\/termek\/this-vagy-thies\/"},"modified":"2025-08-01T17:08:46","modified_gmt":"2025-08-01T15:08:46","slug":"this-vagy-thies","status":"publish","type":"product","link":"https:\/\/uj.adatbank.ro\/lexikon\/termek\/this-vagy-thies\/","title":{"rendered":"THIS ?, vagy Thies ?"},"content":{"rendered":"<p>: t\u00e1bornok. \u2013 V\u00e1rparancsnok volt (1720\u201330-as \u00e9vekben). <br \/><strong>\u2013 Irod.:<\/strong> Lesty\u00e1n F.: Mv. katolikus m\u00faltja = Mv. t\u00f6rt\u00e9net\u00e9b\u0151l.<\/br><\/p>\n","protected":false},"excerpt":{"rendered":"<p>: t\u00e1bornok. \u2013 V\u00e1rparancsnok volt (1720\u201330-as \u00e9vekben). \u2013 Irod.: Lesty\u00e1n F.: Mv. katolikus m\u00faltja = Mv. t\u00f6rt\u00e9net\u00e9b\u0151l.<\/p>\n","protected":false},"featured_media":0,"comment_status":"open","ping_status":"closed","template":"","meta":[],"product_brand":[],"product_cat":[137],"product_tag":[],"class_list":{"0":"post-22995","1":"product","2":"type-product","3":"status-publish","5":"product_cat-maros-megyei-eletrajzi-lexikon","7":"first","8":"instock","9":"shipping-taxable","10":"product-type-simple"},"_links":{"self":[{"href":"https:\/\/uj.adatbank.ro\/lexikon\/wp-json\/wp\/v2\/product\/22995","targetHints":{"allow":["GET"]}}],"collection":[{"href":"https:\/\/uj.adatbank.ro\/lexikon\/wp-json\/wp\/v2\/product"}],"about":[{"href":"https:\/\/uj.adatbank.ro\/lexikon\/wp-json\/wp\/v2\/types\/product"}],"replies":[{"embeddable":true,"href":"https:\/\/uj.adatbank.ro\/lexikon\/wp-json\/wp\/v2\/comments?post=22995"}],"wp:attachment":[{"href":"https:\/\/uj.adatbank.ro\/lexikon\/wp-json\/wp\/v2\/media?parent=22995"}],"wp:term":[{"taxonomy":"product_brand","embeddable":true,"href":"https:\/\/uj.adatbank.ro\/lexikon\/wp-json\/wp\/v2\/product_brand?post=22995"},{"taxonomy":"product_cat","embeddable":true,"href":"https:\/\/uj.adatbank.ro\/lexikon\/wp-json\/wp\/v2\/product_cat?post=22995"},{"taxonomy":"product_tag","embeddable":true,"href":"https:\/\/uj.adatbank.ro\/lexikon\/wp-json\/wp\/v2\/product_tag?post=22995"}],"curies":[{"name":"wp","href":"https:\/\/api.w.org\/{rel}","templated":true}]}}