{"id":22998,"date":"2025-08-01T17:08:52","date_gmt":"2025-08-01T15:08:52","guid":{"rendered":"https:\/\/uj.adatbank.ro\/lexikon\/termek\/tholdi-adam-nagyszalontai-gr-toldi-adam\/"},"modified":"2025-08-01T17:08:52","modified_gmt":"2025-08-01T15:08:52","slug":"tholdi-adam-nagyszalontai-gr-toldi-adam","status":"publish","type":"product","link":"https:\/\/uj.adatbank.ro\/lexikon\/termek\/tholdi-adam-nagyszalontai-gr-toldi-adam\/","title":{"rendered":"THOLDI \u00c1d\u00e1m, nagyszalontai gr., Toldi \u00c1d\u00e1m"},"content":{"rendered":"<p>? \u2020 ?: a mv.-i Kir. T\u00e1bla tagja (1750-es \u00e9vek). <br \/><strong>\u2013 Irod.:<\/strong> Halotti besz\u00e9dek. T. \u00c1. felett, 1751. szept. 19. (R\u00e9tyi Csisz\u00e9r L\u00e1szl\u00f3, Borosnyai Luk\u00e1cs J\u00e1nos, Incze Istv\u00e1n, Herm\u00e1nyi Dienes J\u00fczse; Kv., 1752); Orb\u00e1n J\u00e1nos: T\u00e1blab\u00edr\u00e1k, f\u0151nemesek, pall\u00e9rok \u00e9s h\u00e1zak: V\u00e1rosk\u00e9p \u00e9s t\u00e1rsadalom v\u00e1ltoz\u00e1sai Mv.-en a Kir\u00e1lyi T\u00e1bla bek\u00f6lt\u00f6z\u00e9se ut\u00e1n [1754] = K\u00f6nyvek \u00e1ltal\u2026<\/br><\/p>\n","protected":false},"excerpt":{"rendered":"<p>? \u2020 ?: a mv.-i Kir. T\u00e1bla tagja (1750-es \u00e9vek). \u2013 Irod.: Halotti besz\u00e9dek. T. \u00c1. felett, 1751. szept. 19. (R\u00e9tyi Csisz\u00e9r L\u00e1szl\u00f3, Borosnyai Luk\u00e1cs J\u00e1nos, Incze Istv\u00e1n, Herm\u00e1nyi Dienes J\u00fczse; Kv., 1752); Orb\u00e1n J\u00e1nos: T\u00e1blab\u00edr\u00e1k, f\u0151nemesek, pall\u00e9rok \u00e9s h\u00e1zak: V\u00e1rosk\u00e9p \u00e9s t\u00e1rsadalom v\u00e1ltoz\u00e1sai Mv.-en a Kir\u00e1lyi T\u00e1bla bek\u00f6lt\u00f6z\u00e9se ut\u00e1n [1754] = K\u00f6nyvek \u00e1ltal\u2026<\/p>\n","protected":false},"featured_media":0,"comment_status":"open","ping_status":"closed","template":"","meta":[],"product_brand":[],"product_cat":[137],"product_tag":[],"class_list":{"0":"post-22998","1":"product","2":"type-product","3":"status-publish","5":"product_cat-maros-megyei-eletrajzi-lexikon","7":"first","8":"instock","9":"shipping-taxable","10":"product-type-simple"},"_links":{"self":[{"href":"https:\/\/uj.adatbank.ro\/lexikon\/wp-json\/wp\/v2\/product\/22998","targetHints":{"allow":["GET"]}}],"collection":[{"href":"https:\/\/uj.adatbank.ro\/lexikon\/wp-json\/wp\/v2\/product"}],"about":[{"href":"https:\/\/uj.adatbank.ro\/lexikon\/wp-json\/wp\/v2\/types\/product"}],"replies":[{"embeddable":true,"href":"https:\/\/uj.adatbank.ro\/lexikon\/wp-json\/wp\/v2\/comments?post=22998"}],"wp:attachment":[{"href":"https:\/\/uj.adatbank.ro\/lexikon\/wp-json\/wp\/v2\/media?parent=22998"}],"wp:term":[{"taxonomy":"product_brand","embeddable":true,"href":"https:\/\/uj.adatbank.ro\/lexikon\/wp-json\/wp\/v2\/product_brand?post=22998"},{"taxonomy":"product_cat","embeddable":true,"href":"https:\/\/uj.adatbank.ro\/lexikon\/wp-json\/wp\/v2\/product_cat?post=22998"},{"taxonomy":"product_tag","embeddable":true,"href":"https:\/\/uj.adatbank.ro\/lexikon\/wp-json\/wp\/v2\/product_tag?post=22998"}],"curies":[{"name":"wp","href":"https:\/\/api.w.org\/{rel}","templated":true}]}}