{"id":23000,"date":"2025-08-01T17:08:57","date_gmt":"2025-08-01T15:08:57","guid":{"rendered":"https:\/\/uj.adatbank.ro\/lexikon\/termek\/tholnay-gabor\/"},"modified":"2025-08-01T17:08:57","modified_gmt":"2025-08-01T15:08:57","slug":"tholnay-gabor","status":"publish","type":"product","link":"https:\/\/uj.adatbank.ro\/lexikon\/termek\/tholnay-gabor\/","title":{"rendered":"THOLNAY G\u00e1bor"},"content":{"rendered":"<p>? \u2020 ?: kir. honv\u00e9d alezredes, orsz. k\u00e9pvisel\u0151, ny\u00e1r\u00e1dg\u00e1lfalvi birtokos. \u2013 EMKE alap\u00edt\u00f3 \u00e9s \u00f6r\u00f6k\u00f6s tag (1885\u2013). <br \/><strong>\u2013 Irod.:<\/strong> S\u00e1ndor.<\/br><\/p>\n","protected":false},"excerpt":{"rendered":"<p>? \u2020 ?: kir. honv\u00e9d alezredes, orsz. k\u00e9pvisel\u0151, ny\u00e1r\u00e1dg\u00e1lfalvi birtokos. \u2013 EMKE alap\u00edt\u00f3 \u00e9s \u00f6r\u00f6k\u00f6s tag (1885\u2013). \u2013 Irod.: S\u00e1ndor.<\/p>\n","protected":false},"featured_media":0,"comment_status":"open","ping_status":"closed","template":"","meta":[],"product_brand":[],"product_cat":[137],"product_tag":[],"class_list":{"0":"post-23000","1":"product","2":"type-product","3":"status-publish","5":"product_cat-maros-megyei-eletrajzi-lexikon","7":"first","8":"instock","9":"shipping-taxable","10":"product-type-simple"},"_links":{"self":[{"href":"https:\/\/uj.adatbank.ro\/lexikon\/wp-json\/wp\/v2\/product\/23000","targetHints":{"allow":["GET"]}}],"collection":[{"href":"https:\/\/uj.adatbank.ro\/lexikon\/wp-json\/wp\/v2\/product"}],"about":[{"href":"https:\/\/uj.adatbank.ro\/lexikon\/wp-json\/wp\/v2\/types\/product"}],"replies":[{"embeddable":true,"href":"https:\/\/uj.adatbank.ro\/lexikon\/wp-json\/wp\/v2\/comments?post=23000"}],"wp:attachment":[{"href":"https:\/\/uj.adatbank.ro\/lexikon\/wp-json\/wp\/v2\/media?parent=23000"}],"wp:term":[{"taxonomy":"product_brand","embeddable":true,"href":"https:\/\/uj.adatbank.ro\/lexikon\/wp-json\/wp\/v2\/product_brand?post=23000"},{"taxonomy":"product_cat","embeddable":true,"href":"https:\/\/uj.adatbank.ro\/lexikon\/wp-json\/wp\/v2\/product_cat?post=23000"},{"taxonomy":"product_tag","embeddable":true,"href":"https:\/\/uj.adatbank.ro\/lexikon\/wp-json\/wp\/v2\/product_tag?post=23000"}],"curies":[{"name":"wp","href":"https:\/\/api.w.org\/{rel}","templated":true}]}}