{"id":23006,"date":"2025-08-01T17:09:13","date_gmt":"2025-08-01T15:09:13","guid":{"rendered":"https:\/\/uj.adatbank.ro\/lexikon\/termek\/thorockay-jozsef\/"},"modified":"2025-08-01T17:09:13","modified_gmt":"2025-08-01T15:09:13","slug":"thorockay-jozsef","status":"publish","type":"product","link":"https:\/\/uj.adatbank.ro\/lexikon\/termek\/thorockay-jozsef\/","title":{"rendered":"THOROCKAY J\u00f3zsef"},"content":{"rendered":"<p>? \u2020 ?: a b\u00e9csi Ther\u00e9zi\u00e1numban v\u00e9gezte tanulm\u00e1nyait, majd hazat\u00e9rve II. J\u00f3zsef cs\u00e1sz\u00e1r szolg\u00e1lat\u00e1ba \u00e1llt. El\u0151bb Krass\u00f3-Sz\u00f6r\u00e9ny (1783\u201384), majd Bihar vm. F\u0151isp\u00e1nja (1787\u201390). Ebben a tiszts\u00e9g\u00e9ben a jozefinista eszm\u00e9k exponensek\u00e9nt pr\u00f3b\u00e1lta-sikertelen\u00fcl- a j\u00f3zsefi reformokat, int\u00e9zked\u00e9seket a megyei nemess\u00e9g feje f\u00f6l\u00f6tt kereszt\u00fclvinni. II. J\u00f3zsef hal\u00e1la ut\u00e1n M\u00e1ramaros vm. f\u0151isp\u00e1nja lett (1790\u20131817). <br \/><strong>\u2013 Irod.:<\/strong> Harmath\u2013K\u00e1lm\u00e1n.<\/br><\/p>\n","protected":false},"excerpt":{"rendered":"<p>? \u2020 ?: a b\u00e9csi Ther\u00e9zi\u00e1numban v\u00e9gezte tanulm\u00e1nyait, majd hazat\u00e9rve II. J\u00f3zsef cs\u00e1sz\u00e1r szolg\u00e1lat\u00e1ba \u00e1llt. El\u0151bb Krass\u00f3-Sz\u00f6r\u00e9ny (1783\u201384), majd Bihar vm. F\u0151isp\u00e1nja (1787\u201390). Ebben a tiszts\u00e9g\u00e9ben a jozefinista eszm\u00e9k exponensek\u00e9nt pr\u00f3b\u00e1lta-sikertelen\u00fcl- a j\u00f3zsefi reformokat, int\u00e9zked\u00e9seket a megyei nemess\u00e9g feje f\u00f6l\u00f6tt kereszt\u00fclvinni. II. J\u00f3zsef hal\u00e1la ut\u00e1n M\u00e1ramaros vm. f\u0151isp\u00e1nja lett (1790\u20131817). \u2013 Irod.: Harmath\u2013K\u00e1lm\u00e1n.<\/p>\n","protected":false},"featured_media":0,"comment_status":"open","ping_status":"closed","template":"","meta":[],"product_brand":[],"product_cat":[137],"product_tag":[],"class_list":{"0":"post-23006","1":"product","2":"type-product","3":"status-publish","5":"product_cat-maros-megyei-eletrajzi-lexikon","7":"first","8":"instock","9":"shipping-taxable","10":"product-type-simple"},"_links":{"self":[{"href":"https:\/\/uj.adatbank.ro\/lexikon\/wp-json\/wp\/v2\/product\/23006","targetHints":{"allow":["GET"]}}],"collection":[{"href":"https:\/\/uj.adatbank.ro\/lexikon\/wp-json\/wp\/v2\/product"}],"about":[{"href":"https:\/\/uj.adatbank.ro\/lexikon\/wp-json\/wp\/v2\/types\/product"}],"replies":[{"embeddable":true,"href":"https:\/\/uj.adatbank.ro\/lexikon\/wp-json\/wp\/v2\/comments?post=23006"}],"wp:attachment":[{"href":"https:\/\/uj.adatbank.ro\/lexikon\/wp-json\/wp\/v2\/media?parent=23006"}],"wp:term":[{"taxonomy":"product_brand","embeddable":true,"href":"https:\/\/uj.adatbank.ro\/lexikon\/wp-json\/wp\/v2\/product_brand?post=23006"},{"taxonomy":"product_cat","embeddable":true,"href":"https:\/\/uj.adatbank.ro\/lexikon\/wp-json\/wp\/v2\/product_cat?post=23006"},{"taxonomy":"product_tag","embeddable":true,"href":"https:\/\/uj.adatbank.ro\/lexikon\/wp-json\/wp\/v2\/product_tag?post=23006"}],"curies":[{"name":"wp","href":"https:\/\/api.w.org\/{rel}","templated":true}]}}